{"id":848,"date":"2023-04-30T20:06:39","date_gmt":"2023-04-30T17:06:39","guid":{"rendered":"https:\/\/skano.lv\/?post_type=product&#038;p=848"},"modified":"2025-11-10T17:08:40","modified_gmt":"2025-11-10T14:08:40","slug":"classic-inner-corner-shelf-31-glass-door","status":"publish","type":"product","link":"https:\/\/skano.lv\/ru\/product\/classic-inner-corner-shelf-31-glass-door","title":{"rendered":"Classic | iek\u0161\u0113j\u0101 st\u016bra plaukts 31 ar stikla durv\u012bm"},"content":{"rendered":"<p>Inner corner bookcase 31 element from solid birch with glass door opening up and in. Ready to assemble.<\/p>\n<table class=\"woocommerce-product-attributes shop_attributes\" style=\"height: 45px; width: 282px;\">\n<tbody>\n<tr class=\"woocommerce-product-attributes-item woocommerce-product-attributes-item--weight\" style=\"height: 23px;\">\n<th class=\"woocommerce-product-attributes-item__label\" style=\"height: 23px; width: 79.3594px;\">Weight<\/th>\n<td class=\"woocommerce-product-attributes-item__value\" style=\"height: 23px; width: 186.641px;\">7.3 kg<\/td>\n<\/tr>\n<tr class=\"woocommerce-product-attributes-item woocommerce-product-attributes-item--dimensions\" style=\"height: 19px;\">\n<th class=\"woocommerce-product-attributes-item__label\" style=\"height: 22px; width: 79.3594px;\">Dimensions<\/th>\n<td class=\"woocommerce-product-attributes-item__value\" style=\"height: 22px; width: 186.641px;\">42.6 w x 31,4 h x 42,6 d cm<\/td>\n<\/tr>\n<\/tbody>\n<\/table>","protected":false},"excerpt":{"rendered":"<p>Inner corner bookcase 31 element from solid birch with glass door opening up and in. Ready to assemble. Weight 7.3 kg Dimensions 42.6 w x 31,4 h x 42,6 d cm<\/p>","protected":false},"featured_media":856,"template":"","meta":{"_et_pb_use_builder":"","_et_pb_old_content":"","_et_gb_content_width":""},"product_cat":[49,50],"product_tag":[],"aioseo_notices":[],"_links":{"self":[{"href":"https:\/\/skano.lv\/ru\/wp-json\/wp\/v3\/product\/848"}],"collection":[{"href":"https:\/\/skano.lv\/ru\/wp-json\/wp\/v3\/product"}],"about":[{"href":"https:\/\/skano.lv\/ru\/wp-json\/wp\/v2\/types\/product"}],"wp:featuredmedia":[{"embeddable":true,"href":"https:\/\/skano.lv\/ru\/wp-json\/wp\/v2\/media\/856"}],"wp:attachment":[{"href":"https:\/\/skano.lv\/ru\/wp-json\/wp\/v2\/media?parent=848"}],"wp:term":[{"taxonomy":"product_cat","embeddable":true,"href":"https:\/\/skano.lv\/ru\/wp-json\/wp\/v2\/product_cat?post=848"},{"taxonomy":"product_tag","embeddable":true,"href":"https:\/\/skano.lv\/ru\/wp-json\/wp\/v2\/product_tag?post=848"}],"curies":[{"name":"wp","href":"https:\/\/api.w.org\/{rel}","templated":true}]}}