{"id":839,"date":"2023-04-28T17:29:44","date_gmt":"2023-04-28T14:29:44","guid":{"rendered":"https:\/\/skano.lv\/?post_type=product&#038;p=839"},"modified":"2025-11-10T17:10:32","modified_gmt":"2025-11-10T14:10:32","slug":"classic-inner-corner-drawer-unit","status":"publish","type":"product","link":"https:\/\/skano.lv\/ru\/product\/classic-inner-corner-drawer-unit","title":{"rendered":"Classic | iek\u0161\u0113j\u0101 st\u016bra atvilkt\u0146u bloks 12"},"content":{"rendered":"<p>Inner corner drawer element from solid birch. Ready to assemble.<\/p>\n<table class=\"woocommerce-product-attributes shop_attributes\" style=\"height: 52px; width: 259px;\">\n<tbody>\n<tr class=\"woocommerce-product-attributes-item woocommerce-product-attributes-item--weight\" style=\"height: 23px;\">\n<th class=\"woocommerce-product-attributes-item__label\" style=\"height: 23px; width: 79.3594px;\">Weight<\/th>\n<td class=\"woocommerce-product-attributes-item__value\" style=\"height: 23px; width: 163.641px;\" data-o_content=\"2.6 kg\">2.6 kg<\/td>\n<\/tr>\n<tr class=\"woocommerce-product-attributes-item woocommerce-product-attributes-item--dimensions\" style=\"height: 23px;\">\n<th class=\"woocommerce-product-attributes-item__label\" style=\"height: 29px; width: 79.3594px;\">Dimensions<\/th>\n<td class=\"woocommerce-product-attributes-item__value\" style=\"height: 29px; width: 163.641px;\" data-o_content=\"42.6 \u00d7 42.6 \u00d7 12 cm\">42.6 w\u00a0 x12 h x 42,6 d cm<\/td>\n<\/tr>\n<\/tbody>\n<\/table>","protected":false},"excerpt":{"rendered":"<p>Inner corner drawer element from solid birch. Ready to assemble. Weight 2.6 kg Dimensions 42.6 w\u00a0 x12 h x 42,6 d cm<\/p>","protected":false},"featured_media":847,"template":"","meta":{"_et_pb_use_builder":"","_et_pb_old_content":"","_et_gb_content_width":""},"product_cat":[49,50],"product_tag":[],"aioseo_notices":[],"_links":{"self":[{"href":"https:\/\/skano.lv\/ru\/wp-json\/wp\/v3\/product\/839"}],"collection":[{"href":"https:\/\/skano.lv\/ru\/wp-json\/wp\/v3\/product"}],"about":[{"href":"https:\/\/skano.lv\/ru\/wp-json\/wp\/v2\/types\/product"}],"wp:featuredmedia":[{"embeddable":true,"href":"https:\/\/skano.lv\/ru\/wp-json\/wp\/v2\/media\/847"}],"wp:attachment":[{"href":"https:\/\/skano.lv\/ru\/wp-json\/wp\/v2\/media?parent=839"}],"wp:term":[{"taxonomy":"product_cat","embeddable":true,"href":"https:\/\/skano.lv\/ru\/wp-json\/wp\/v2\/product_cat?post=839"},{"taxonomy":"product_tag","embeddable":true,"href":"https:\/\/skano.lv\/ru\/wp-json\/wp\/v2\/product_tag?post=839"}],"curies":[{"name":"wp","href":"https:\/\/api.w.org\/{rel}","templated":true}]}}