{"id":816,"date":"2023-04-27T21:37:28","date_gmt":"2023-04-27T18:37:28","guid":{"rendered":"https:\/\/skano.lv\/?post_type=product&#038;p=816"},"modified":"2025-11-12T15:23:05","modified_gmt":"2025-11-12T12:23:05","slug":"classic-extra-shelf-long-for-sliding-shelf","status":"publish","type":"product","link":"https:\/\/skano.lv\/ru\/product\/classic-extra-shelf-long-for-sliding-shelf","title":{"rendered":"Classic |  papildu plaukts (pla\u0161s)  b\u012bd\u0101m\u0101m plauktam"},"content":{"rendered":"<p>Wide extra shelf for D24<\/p>\n<table class=\"woocommerce-product-attributes shop_attributes\" style=\"height: 52px; width: 278px;\">\n<tbody>\n<tr class=\"woocommerce-product-attributes-item woocommerce-product-attributes-item--weight\" style=\"height: 23px;\">\n<th class=\"woocommerce-product-attributes-item__label\" style=\"height: 23px; width: 79.3594px;\">Weight<\/th>\n<td class=\"woocommerce-product-attributes-item__value\" style=\"height: 23px; width: 182.641px;\">1.6 kg<\/td>\n<\/tr>\n<tr class=\"woocommerce-product-attributes-item woocommerce-product-attributes-item--dimensions\" style=\"height: 20px;\">\n<th class=\"woocommerce-product-attributes-item__label\" style=\"height: 29px; width: 79.3594px;\">Dimensions<\/th>\n<td class=\"woocommerce-product-attributes-item__value\" style=\"height: 29px; width: 182.641px;\">82 w x 1,8 h x 14,4 d cm<\/td>\n<\/tr>\n<\/tbody>\n<\/table>","protected":false},"excerpt":{"rendered":"<p>Wide extra shelf for D24 Weight 1.6 kg Dimensions 82 w x 1,8 h x 14,4 d cm<\/p>","protected":false},"featured_media":307,"template":"","meta":{"_et_pb_use_builder":"","_et_pb_old_content":"","_et_gb_content_width":""},"product_cat":[49,50],"product_tag":[],"aioseo_notices":[],"_links":{"self":[{"href":"https:\/\/skano.lv\/ru\/wp-json\/wp\/v3\/product\/816"}],"collection":[{"href":"https:\/\/skano.lv\/ru\/wp-json\/wp\/v3\/product"}],"about":[{"href":"https:\/\/skano.lv\/ru\/wp-json\/wp\/v2\/types\/product"}],"wp:featuredmedia":[{"embeddable":true,"href":"https:\/\/skano.lv\/ru\/wp-json\/wp\/v2\/media\/307"}],"wp:attachment":[{"href":"https:\/\/skano.lv\/ru\/wp-json\/wp\/v2\/media?parent=816"}],"wp:term":[{"taxonomy":"product_cat","embeddable":true,"href":"https:\/\/skano.lv\/ru\/wp-json\/wp\/v2\/product_cat?post=816"},{"taxonomy":"product_tag","embeddable":true,"href":"https:\/\/skano.lv\/ru\/wp-json\/wp\/v2\/product_tag?post=816"}],"curies":[{"name":"wp","href":"https:\/\/api.w.org\/{rel}","templated":true}]}}