{"id":782,"date":"2023-04-27T21:30:06","date_gmt":"2023-04-27T18:30:06","guid":{"rendered":"https:\/\/skano.lv\/?post_type=product&#038;p=782"},"modified":"2026-01-15T17:11:04","modified_gmt":"2026-01-15T14:11:04","slug":"classic-deck-unit-31-clip-on-wall","status":"publish","type":"product","link":"https:\/\/skano.lv\/ru\/product\/classic-deck-unit-31-clip-on-wall","title":{"rendered":"Classic | pie sienas stiprin\u0101ma aug\u0161da\u013ca 31"},"content":{"rendered":"<p class=\"product_title entry-title fusion-responsive-typography-calculated\" data-fontsize=\"18\" data-lineheight=\"27px\">Wall-mounted top element from solid birch. Ready to assemble. Element can be placed on top of wall-mounted bookcase 36 or 31 without any additional fixing<\/p>\n<table class=\"woocommerce-product-attributes shop_attributes\" style=\"height: 51px; width: 262px;\">\n<tbody>\n<tr class=\"woocommerce-product-attributes-item woocommerce-product-attributes-item--weight\" style=\"height: 23px;\">\n<th class=\"woocommerce-product-attributes-item__label\" style=\"height: 23px; width: 81.7188px;\">Weight<\/th>\n<td class=\"woocommerce-product-attributes-item__value\" style=\"height: 23px; width: 164.281px;\">4.5 kg<\/td>\n<\/tr>\n<tr class=\"woocommerce-product-attributes-item woocommerce-product-attributes-item--dimensions\" style=\"height: 18px;\">\n<th class=\"woocommerce-product-attributes-item__label\" style=\"height: 28px; width: 81.7188px;\">Dimensions<\/th>\n<td class=\"woocommerce-product-attributes-item__value\" style=\"height: 28px; width: 164.281px;\">86,6 w x 4,2 h x 29,3 d cm<\/td>\n<\/tr>\n<\/tbody>\n<\/table>","protected":false},"excerpt":{"rendered":"<p>Wall-mounted top element from solid birch. Ready to assemble. Element can be placed on top of wall-mounted bookcase 36 or 31 without any additional fixing Weight 4.5 kg Dimensions 86,6 w x 4,2 h x 29,3 d cm<\/p>","protected":false},"featured_media":780,"template":"","meta":{"_et_pb_use_builder":"","_et_pb_old_content":"","_et_gb_content_width":""},"product_cat":[49,50],"product_tag":[],"aioseo_notices":[],"_links":{"self":[{"href":"https:\/\/skano.lv\/ru\/wp-json\/wp\/v3\/product\/782"}],"collection":[{"href":"https:\/\/skano.lv\/ru\/wp-json\/wp\/v3\/product"}],"about":[{"href":"https:\/\/skano.lv\/ru\/wp-json\/wp\/v2\/types\/product"}],"wp:featuredmedia":[{"embeddable":true,"href":"https:\/\/skano.lv\/ru\/wp-json\/wp\/v2\/media\/780"}],"wp:attachment":[{"href":"https:\/\/skano.lv\/ru\/wp-json\/wp\/v2\/media?parent=782"}],"wp:term":[{"taxonomy":"product_cat","embeddable":true,"href":"https:\/\/skano.lv\/ru\/wp-json\/wp\/v2\/product_cat?post=782"},{"taxonomy":"product_tag","embeddable":true,"href":"https:\/\/skano.lv\/ru\/wp-json\/wp\/v2\/product_tag?post=782"}],"curies":[{"name":"wp","href":"https:\/\/api.w.org\/{rel}","templated":true}]}}