{"id":722,"date":"2023-04-27T21:13:21","date_gmt":"2023-04-27T18:13:21","guid":{"rendered":"https:\/\/skano.lv\/?post_type=product&#038;p=722"},"modified":"2025-11-13T14:32:16","modified_gmt":"2025-11-13T11:32:16","slug":"classic-bookcase-47-wooden-door-height-36cm","status":"publish","type":"product","link":"https:\/\/skano.lv\/ru\/product\/classic-bookcase-47-wooden-door-height-36cm","title":{"rendered":"Classic | gr\u0101matu plaukts 47 ar koka durv\u012bm augstums 36cm (\u012bpa\u0161ais izm\u0113rs)"},"content":{"rendered":"<p class=\"product_title entry-title fusion-responsive-typography-calculated\" data-fontsize=\"18\" data-lineheight=\"27px\">Bookcase from solid birch for files with wooden door opening up and in. Ready to assemble.Element can be placed on top of base element or another bookcase for files without any additional fixing. Can be placed next to another bookcase 36 element.<\/p>\n<table class=\"woocommerce-product-attributes shop_attributes\" style=\"height: 55px; width: 284px;\">\n<tbody>\n<tr class=\"woocommerce-product-attributes-item woocommerce-product-attributes-item--weight\" style=\"height: 23px;\">\n<th class=\"woocommerce-product-attributes-item__label\" style=\"height: 23px; width: 79.3594px;\">Weight<\/th>\n<td class=\"woocommerce-product-attributes-item__value\" style=\"height: 23px; width: 188.641px;\">13.6 kg<\/td>\n<\/tr>\n<tr class=\"woocommerce-product-attributes-item woocommerce-product-attributes-item--dimensions\" style=\"height: 21px;\">\n<th class=\"woocommerce-product-attributes-item__label\" style=\"height: 32px; width: 79.3594px;\">Dimensions<\/th>\n<td class=\"woocommerce-product-attributes-item__value\" style=\"height: 32px; width: 188.641px;\">86,6 w x 36,3 h x 38,6 d cm<\/td>\n<\/tr>\n<\/tbody>\n<\/table>","protected":false},"excerpt":{"rendered":"<p>Bookcase from solid birch for files with wooden door opening up and in. Ready to assemble.Element can be placed on top of base element or another bookcase for files without any additional fixing. Can be placed next to another bookcase 36 element. Weight 13.6 kg Dimensions 86,6 w x 36,3 h x 38,6 d cm<\/p>","protected":false},"featured_media":702,"template":"","meta":{"_et_pb_use_builder":"","_et_pb_old_content":"","_et_gb_content_width":""},"product_cat":[49,50],"product_tag":[],"aioseo_notices":[],"_links":{"self":[{"href":"https:\/\/skano.lv\/ru\/wp-json\/wp\/v3\/product\/722"}],"collection":[{"href":"https:\/\/skano.lv\/ru\/wp-json\/wp\/v3\/product"}],"about":[{"href":"https:\/\/skano.lv\/ru\/wp-json\/wp\/v2\/types\/product"}],"wp:featuredmedia":[{"embeddable":true,"href":"https:\/\/skano.lv\/ru\/wp-json\/wp\/v2\/media\/702"}],"wp:attachment":[{"href":"https:\/\/skano.lv\/ru\/wp-json\/wp\/v2\/media?parent=722"}],"wp:term":[{"taxonomy":"product_cat","embeddable":true,"href":"https:\/\/skano.lv\/ru\/wp-json\/wp\/v2\/product_cat?post=722"},{"taxonomy":"product_tag","embeddable":true,"href":"https:\/\/skano.lv\/ru\/wp-json\/wp\/v2\/product_tag?post=722"}],"curies":[{"name":"wp","href":"https:\/\/api.w.org\/{rel}","templated":true}]}}