{"id":704,"date":"2023-04-27T21:10:30","date_gmt":"2023-04-27T18:10:30","guid":{"rendered":"https:\/\/skano.lv\/?post_type=product&#038;p=704"},"modified":"2025-11-13T14:33:57","modified_gmt":"2025-11-13T11:33:57","slug":"classic-bookcase-47-wooden-door-depth-31cm","status":"publish","type":"product","link":"https:\/\/skano.lv\/ru\/product\/classic-bookcase-47-wooden-door-depth-31cm","title":{"rendered":"Classic | gr\u0101matu plaukts 47 ar koka durv\u012bm dzi\u013cums 31cm (\u012bpa\u0161ais izm\u0113rs)"},"content":{"rendered":"<p class=\"product_title entry-title fusion-responsive-typography-calculated\" data-fontsize=\"18\" data-lineheight=\"27px\">Bookcase from solid birch for files with wooden door opening up and in. Ready to assemble.Element can be placed on top of base element 31 or another bookcase 31 or 36 without any additional fixing.<\/p>\n<table class=\"woocommerce-product-attributes shop_attributes\" style=\"height: 61px; width: 275px;\">\n<tbody>\n<tr class=\"woocommerce-product-attributes-item woocommerce-product-attributes-item--weight\" style=\"height: 23px;\">\n<th class=\"woocommerce-product-attributes-item__label\" style=\"height: 23px; width: 79.3594px;\">Weight<\/th>\n<td class=\"woocommerce-product-attributes-item__value\" style=\"height: 23px; width: 179.641px;\" data-o_content=\"13.6 kg\">13.6 kg<\/td>\n<\/tr>\n<tr class=\"woocommerce-product-attributes-item woocommerce-product-attributes-item--dimensions\" style=\"height: 25px;\">\n<th class=\"woocommerce-product-attributes-item__label\" style=\"height: 38px; width: 79.3594px;\">Dimensions<\/th>\n<td class=\"woocommerce-product-attributes-item__value\" style=\"height: 38px; width: 179.641px;\" data-o_content=\"29.3 \u00d7 86.6 \u00d7 47.1 cm\">86,6 w x 47,1 h x 29,3 d cm<\/td>\n<\/tr>\n<\/tbody>\n<\/table>","protected":false},"excerpt":{"rendered":"<p>Bookcase from solid birch for files with wooden door opening up and in. Ready to assemble.Element can be placed on top of base element 31 or another bookcase 31 or 36 without any additional fixing. Weight 13.6 kg Dimensions 86,6 w x 47,1 h x 29,3 d cm<\/p>","protected":false},"featured_media":702,"template":"","meta":{"_et_pb_use_builder":"","_et_pb_old_content":"","_et_gb_content_width":""},"product_cat":[49,50],"product_tag":[],"aioseo_notices":[],"_links":{"self":[{"href":"https:\/\/skano.lv\/ru\/wp-json\/wp\/v3\/product\/704"}],"collection":[{"href":"https:\/\/skano.lv\/ru\/wp-json\/wp\/v3\/product"}],"about":[{"href":"https:\/\/skano.lv\/ru\/wp-json\/wp\/v2\/types\/product"}],"wp:featuredmedia":[{"embeddable":true,"href":"https:\/\/skano.lv\/ru\/wp-json\/wp\/v2\/media\/702"}],"wp:attachment":[{"href":"https:\/\/skano.lv\/ru\/wp-json\/wp\/v2\/media?parent=704"}],"wp:term":[{"taxonomy":"product_cat","embeddable":true,"href":"https:\/\/skano.lv\/ru\/wp-json\/wp\/v2\/product_cat?post=704"},{"taxonomy":"product_tag","embeddable":true,"href":"https:\/\/skano.lv\/ru\/wp-json\/wp\/v2\/product_tag?post=704"}],"curies":[{"name":"wp","href":"https:\/\/api.w.org\/{rel}","templated":true}]}}