{"id":676,"date":"2023-04-27T21:03:43","date_gmt":"2023-04-27T18:03:43","guid":{"rendered":"https:\/\/skano.lv\/?post_type=product&#038;p=676"},"modified":"2025-11-13T13:48:49","modified_gmt":"2025-11-13T10:48:49","slug":"classic-bookcase-47-with-two-wooden-door","status":"publish","type":"product","link":"https:\/\/skano.lv\/ru\/product\/classic-bookcase-47-with-two-wooden-door","title":{"rendered":"Classic | gr\u0101matu plaukts 47 ar div\u0101m koka durv\u012bm"},"content":{"rendered":"<p class=\"product_title entry-title fusion-responsive-typography-calculated\" data-fontsize=\"18\" data-lineheight=\"27px\">Bookcase from solid birch for files with two wooden doors. Ready to assemble. Element can be placed on top of base element or another bookcase for files without any additional fixing.<\/p>\n<table class=\"woocommerce-product-attributes shop_attributes\" style=\"height: 65px; width: 282px;\">\n<tbody>\n<tr class=\"woocommerce-product-attributes-item woocommerce-product-attributes-item--weight\" style=\"height: 23px;\">\n<th class=\"woocommerce-product-attributes-item__label\" style=\"height: 23px; width: 79.3594px;\">Weight<\/th>\n<td class=\"woocommerce-product-attributes-item__value\" style=\"height: 23px; width: 186.641px;\">14.4 kg<\/td>\n<\/tr>\n<tr class=\"woocommerce-product-attributes-item woocommerce-product-attributes-item--dimensions\" style=\"height: 32px;\">\n<th class=\"woocommerce-product-attributes-item__label\" style=\"height: 42px; width: 79.3594px;\">Dimensions<\/th>\n<td class=\"woocommerce-product-attributes-item__value\" style=\"height: 42px; width: 186.641px;\">86,6 w x 47,1 h x 38,6 d cm<\/td>\n<\/tr>\n<\/tbody>\n<\/table>","protected":false},"excerpt":{"rendered":"<p>Bookcase from solid birch for files with two wooden doors. Ready to assemble. Element can be placed on top of base element or another bookcase for files without any additional fixing. Weight 14.4 kg Dimensions 86,6 w x 47,1 h x 38,6 d cm<\/p>","protected":false},"featured_media":684,"template":"","meta":{"_et_pb_use_builder":"","_et_pb_old_content":"","_et_gb_content_width":""},"product_cat":[49,50],"product_tag":[],"aioseo_notices":[],"_links":{"self":[{"href":"https:\/\/skano.lv\/ru\/wp-json\/wp\/v3\/product\/676"}],"collection":[{"href":"https:\/\/skano.lv\/ru\/wp-json\/wp\/v3\/product"}],"about":[{"href":"https:\/\/skano.lv\/ru\/wp-json\/wp\/v2\/types\/product"}],"wp:featuredmedia":[{"embeddable":true,"href":"https:\/\/skano.lv\/ru\/wp-json\/wp\/v2\/media\/684"}],"wp:attachment":[{"href":"https:\/\/skano.lv\/ru\/wp-json\/wp\/v2\/media?parent=676"}],"wp:term":[{"taxonomy":"product_cat","embeddable":true,"href":"https:\/\/skano.lv\/ru\/wp-json\/wp\/v2\/product_cat?post=676"},{"taxonomy":"product_tag","embeddable":true,"href":"https:\/\/skano.lv\/ru\/wp-json\/wp\/v2\/product_tag?post=676"}],"curies":[{"name":"wp","href":"https:\/\/api.w.org\/{rel}","templated":true}]}}