{"id":667,"date":"2023-04-27T21:02:24","date_gmt":"2023-04-27T18:02:24","guid":{"rendered":"https:\/\/skano.lv\/?post_type=product&#038;p=667"},"modified":"2026-04-13T14:12:51","modified_gmt":"2026-04-13T11:12:51","slug":"classic-bookcase-47-with-two-glass-doors","status":"publish","type":"product","link":"https:\/\/skano.lv\/ru\/product\/classic-bookcase-47-with-two-glass-doors","title":{"rendered":"Classic  gr\u0101matu plaukts 47 ar div\u0101m stikla durv\u012bm"},"content":{"rendered":"<p class=\"product_title entry-title fusion-responsive-typography-calculated\" data-fontsize=\"18\" data-lineheight=\"27px\">Bookcase from solid birch for files with two glass doors. Ready to assemble. Element can be placed on top of base element or another bookcase for files without any additional fixing.<\/p>\n<table class=\"woocommerce-product-attributes shop_attributes\" style=\"height: 63px; width: 305px;\">\n<tbody>\n<tr class=\"woocommerce-product-attributes-item woocommerce-product-attributes-item--weight\" style=\"height: 23px;\">\n<th class=\"woocommerce-product-attributes-item__label\" style=\"height: 23px; width: 79.3594px;\">Weight<\/th>\n<td class=\"woocommerce-product-attributes-item__value\" style=\"height: 23px; width: 209.641px;\">15 kg<\/td>\n<\/tr>\n<tr class=\"woocommerce-product-attributes-item woocommerce-product-attributes-item--dimensions\" style=\"height: 28px;\">\n<th class=\"woocommerce-product-attributes-item__label\" style=\"height: 40px; width: 79.3594px;\">Dimensions<\/th>\n<td class=\"woocommerce-product-attributes-item__value\" style=\"height: 40px; width: 209.641px;\">86,6 w x 47,1 h x 38,6 d cm<\/td>\n<\/tr>\n<\/tbody>\n<\/table>","protected":false},"excerpt":{"rendered":"<p>Bookcase from solid birch for files with two glass doors. Ready to assemble. Element can be placed on top of base element or another bookcase for files without any additional fixing. Weight 15 kg Dimensions 86,6 w x 47,1 h x 38,6 d cm<\/p>","protected":false},"featured_media":675,"template":"","meta":{"_et_pb_use_builder":"","_et_pb_old_content":"","_et_gb_content_width":""},"product_cat":[49,83,50],"product_tag":[],"aioseo_notices":[],"_links":{"self":[{"href":"https:\/\/skano.lv\/ru\/wp-json\/wp\/v3\/product\/667"}],"collection":[{"href":"https:\/\/skano.lv\/ru\/wp-json\/wp\/v3\/product"}],"about":[{"href":"https:\/\/skano.lv\/ru\/wp-json\/wp\/v2\/types\/product"}],"wp:featuredmedia":[{"embeddable":true,"href":"https:\/\/skano.lv\/ru\/wp-json\/wp\/v2\/media\/675"}],"wp:attachment":[{"href":"https:\/\/skano.lv\/ru\/wp-json\/wp\/v2\/media?parent=667"}],"wp:term":[{"taxonomy":"product_cat","embeddable":true,"href":"https:\/\/skano.lv\/ru\/wp-json\/wp\/v2\/product_cat?post=667"},{"taxonomy":"product_tag","embeddable":true,"href":"https:\/\/skano.lv\/ru\/wp-json\/wp\/v2\/product_tag?post=667"}],"curies":[{"name":"wp","href":"https:\/\/api.w.org\/{rel}","templated":true}]}}