{"id":642,"date":"2023-04-27T20:56:28","date_gmt":"2023-04-27T17:56:28","guid":{"rendered":"https:\/\/skano.lv\/?post_type=product&#038;p=642"},"modified":"2025-11-12T15:53:52","modified_gmt":"2025-11-12T12:53:52","slug":"classic-bookcase-47-glass-door-height-31cm","status":"publish","type":"product","link":"https:\/\/skano.lv\/ru\/product\/classic-bookcase-47-glass-door-height-31cm","title":{"rendered":"Classic | gr\u0101matu plaukts 47 ar stikla durv\u012bm augstums 31cm (\u012bpa\u0161ais izm\u0113rs)"},"content":{"rendered":"<p class=\"product_title entry-title fusion-responsive-typography-calculated\" data-fontsize=\"18\" data-lineheight=\"27px\">Bookcase from solid birch for files with glass door opening up and in. Ready to assemble. Element can be placed on top of base element or another bookcase for files without any additional fixing. Can be placed next to another bookcase 31 element.<\/p>\n<table class=\"woocommerce-product-attributes shop_attributes\" style=\"height: 52px; width: 288px;\">\n<tbody>\n<tr class=\"woocommerce-product-attributes-item woocommerce-product-attributes-item--weight\" style=\"height: 23px;\">\n<th class=\"woocommerce-product-attributes-item__label\" style=\"height: 23px; width: 79.3594px;\">Weight<\/th>\n<td class=\"woocommerce-product-attributes-item__value\" style=\"height: 23px; width: 192.641px;\">14.1 kg<\/td>\n<\/tr>\n<tr class=\"woocommerce-product-attributes-item woocommerce-product-attributes-item--dimensions\" style=\"height: 31px;\">\n<th class=\"woocommerce-product-attributes-item__label\" style=\"height: 29px; width: 79.3594px;\">Dimensions<\/th>\n<td class=\"woocommerce-product-attributes-item__value\" style=\"height: 29px; width: 192.641px;\">86,6 w x 31,4 h x 38,6 d cm<\/td>\n<\/tr>\n<\/tbody>\n<\/table>\n<p>&nbsp;<\/p>","protected":false},"excerpt":{"rendered":"<p>Bookcase from solid birch for files with glass door opening up and in. Ready to assemble. Element can be placed on top of base element or another bookcase for files without any additional fixing. Can be placed next to another bookcase 31 element. Weight 14.1 kg Dimensions 86,6 w x 31,4 h x 38,6 d [&hellip;]<\/p>","protected":false},"featured_media":633,"template":"","meta":{"_et_pb_use_builder":"","_et_pb_old_content":"","_et_gb_content_width":""},"product_cat":[49,50],"product_tag":[],"aioseo_notices":[],"_links":{"self":[{"href":"https:\/\/skano.lv\/ru\/wp-json\/wp\/v3\/product\/642"}],"collection":[{"href":"https:\/\/skano.lv\/ru\/wp-json\/wp\/v3\/product"}],"about":[{"href":"https:\/\/skano.lv\/ru\/wp-json\/wp\/v2\/types\/product"}],"wp:featuredmedia":[{"embeddable":true,"href":"https:\/\/skano.lv\/ru\/wp-json\/wp\/v2\/media\/633"}],"wp:attachment":[{"href":"https:\/\/skano.lv\/ru\/wp-json\/wp\/v2\/media?parent=642"}],"wp:term":[{"taxonomy":"product_cat","embeddable":true,"href":"https:\/\/skano.lv\/ru\/wp-json\/wp\/v2\/product_cat?post=642"},{"taxonomy":"product_tag","embeddable":true,"href":"https:\/\/skano.lv\/ru\/wp-json\/wp\/v2\/product_tag?post=642"}],"curies":[{"name":"wp","href":"https:\/\/api.w.org\/{rel}","templated":true}]}}