{"id":403,"date":"2023-04-27T20:02:07","date_gmt":"2023-04-27T17:02:07","guid":{"rendered":"https:\/\/skano.lv\/?post_type=product&#038;p=403"},"modified":"2026-04-13T13:54:15","modified_gmt":"2026-04-13T10:54:15","slug":"classic-base-for-inner-corner-31","status":"publish","type":"product","link":"https:\/\/skano.lv\/ru\/product\/classic-base-for-inner-corner-31","title":{"rendered":"Classic | iek\u0161\u0113ja st\u016bra pamatne 31"},"content":{"rendered":"<p class=\"product_title entry-title fusion-responsive-typography-calculated\" data-fontsize=\"18\" data-lineheight=\"27px\">Inner corner base element 31 from solid birch with adjustable support legs. Ready to assemble.<\/p>\n<table class=\"woocommerce-product-attributes shop_attributes\" style=\"height: 41px; width: 299px;\">\n<tbody>\n<tr class=\"woocommerce-product-attributes-item woocommerce-product-attributes-item--weight\" style=\"height: 23px;\">\n<th class=\"woocommerce-product-attributes-item__label\" style=\"height: 23px; width: 79.3594px;\">Weight<\/th>\n<td class=\"woocommerce-product-attributes-item__value\" style=\"height: 23px; width: 203.641px;\">4.1 kg<\/td>\n<\/tr>\n<tr class=\"woocommerce-product-attributes-item woocommerce-product-attributes-item--dimensions\" style=\"height: 18px;\">\n<th class=\"woocommerce-product-attributes-item__label\" style=\"height: 18px; width: 79.3594px;\">Dimensions<\/th>\n<td class=\"woocommerce-product-attributes-item__value\" style=\"height: 18px; width: 203.641px;\">42.6 w \u00d7 17,5 h \u00d7 42,6 d cm<\/td>\n<\/tr>\n<\/tbody>\n<\/table>","protected":false},"excerpt":{"rendered":"<p>Inner corner base element 31 from solid birch with adjustable support legs. Ready to assemble. Weight 4.1 kg Dimensions 42.6 w \u00d7 17,5 h \u00d7 42,6 d cm<\/p>","protected":false},"featured_media":412,"template":"","meta":{"_et_pb_use_builder":"","_et_pb_old_content":"","_et_gb_content_width":""},"product_cat":[49,82,50],"product_tag":[],"aioseo_notices":[],"_links":{"self":[{"href":"https:\/\/skano.lv\/ru\/wp-json\/wp\/v3\/product\/403"}],"collection":[{"href":"https:\/\/skano.lv\/ru\/wp-json\/wp\/v3\/product"}],"about":[{"href":"https:\/\/skano.lv\/ru\/wp-json\/wp\/v2\/types\/product"}],"wp:featuredmedia":[{"embeddable":true,"href":"https:\/\/skano.lv\/ru\/wp-json\/wp\/v2\/media\/412"}],"wp:attachment":[{"href":"https:\/\/skano.lv\/ru\/wp-json\/wp\/v2\/media?parent=403"}],"wp:term":[{"taxonomy":"product_cat","embeddable":true,"href":"https:\/\/skano.lv\/ru\/wp-json\/wp\/v2\/product_cat?post=403"},{"taxonomy":"product_tag","embeddable":true,"href":"https:\/\/skano.lv\/ru\/wp-json\/wp\/v2\/product_tag?post=403"}],"curies":[{"name":"wp","href":"https:\/\/api.w.org\/{rel}","templated":true}]}}