{"id":2216,"date":"2023-05-13T19:46:22","date_gmt":"2023-05-13T16:46:22","guid":{"rendered":"https:\/\/skano.lv\/?post_type=product&#038;p=2216"},"modified":"2025-11-13T13:56:38","modified_gmt":"2025-11-13T10:56:38","slug":"classic-shelf-3x31-with-sliding-glass-doorsglass-sliding-doors-depth-39cm-%d0%ba%d0%be%d0%bf%d0%b8%d1%80%d0%be%d0%b2%d0%b0%d1%82%d1%8c","status":"publish","type":"product","link":"https:\/\/skano.lv\/ru\/product\/classic-shelf-3x31-with-sliding-glass-doorsglass-sliding-doors-depth-39cm-%d0%ba%d0%be%d0%bf%d0%b8%d1%80%d0%be%d0%b2%d0%b0%d1%82%d1%8c","title":{"rendered":"Classic | gr\u0101matu plaukts 3\u00d731 ar stikla b\u012bd\u0101m\u0101m durv\u012bm (dzi\u013cums 29,3cm)"},"content":{"rendered":"<p class=\"product_title entry-title fusion-responsive-typography-calculated\" data-fontsize=\"18\" data-lineheight=\"27px\">Birch shelf with sliding doors. The height of the shelf is the same as the three shelves A10<\/p>\n<table class=\"woocommerce-product-attributes shop_attributes\" style=\"height: 59px; width: 269px;\">\n<tbody>\n<tr class=\"woocommerce-product-attributes-item woocommerce-product-attributes-item--weight\" style=\"height: 23px;\">\n<th class=\"woocommerce-product-attributes-item__label\" style=\"height: 23px; width: 79.3594px;\">Weight<\/th>\n<td class=\"woocommerce-product-attributes-item__value\" style=\"height: 23px; width: 173.641px;\">27 kg<\/td>\n<\/tr>\n<tr class=\"woocommerce-product-attributes-item woocommerce-product-attributes-item--dimensions\" style=\"height: 36px;\">\n<th class=\"woocommerce-product-attributes-item__label\" style=\"height: 36px; width: 79.3594px;\">Dimensions<\/th>\n<td class=\"woocommerce-product-attributes-item__value\" style=\"height: 36px; width: 173.641px;\">86.6 w \u00d7 94,2 h \u00d7 29,3 d cm<\/td>\n<\/tr>\n<\/tbody>\n<\/table>","protected":false},"excerpt":{"rendered":"<p>Birch shelf with sliding doors. The height of the shelf is the same as the three shelves A10 Weight 27 kg Dimensions 86.6 w \u00d7 94,2 h \u00d7 29,3 d cm<\/p>","protected":false},"featured_media":2224,"template":"","meta":{"_et_pb_use_builder":"","_et_pb_old_content":"","_et_gb_content_width":""},"product_cat":[49,50],"product_tag":[],"aioseo_notices":[],"_links":{"self":[{"href":"https:\/\/skano.lv\/ru\/wp-json\/wp\/v3\/product\/2216"}],"collection":[{"href":"https:\/\/skano.lv\/ru\/wp-json\/wp\/v3\/product"}],"about":[{"href":"https:\/\/skano.lv\/ru\/wp-json\/wp\/v2\/types\/product"}],"wp:featuredmedia":[{"embeddable":true,"href":"https:\/\/skano.lv\/ru\/wp-json\/wp\/v2\/media\/2224"}],"wp:attachment":[{"href":"https:\/\/skano.lv\/ru\/wp-json\/wp\/v2\/media?parent=2216"}],"wp:term":[{"taxonomy":"product_cat","embeddable":true,"href":"https:\/\/skano.lv\/ru\/wp-json\/wp\/v2\/product_cat?post=2216"},{"taxonomy":"product_tag","embeddable":true,"href":"https:\/\/skano.lv\/ru\/wp-json\/wp\/v2\/product_tag?post=2216"}],"curies":[{"name":"wp","href":"https:\/\/api.w.org\/{rel}","templated":true}]}}