{"id":1914,"date":"2023-05-12T03:19:56","date_gmt":"2023-05-12T00:19:56","guid":{"rendered":"https:\/\/skano.lv\/?post_type=product&#038;p=1914"},"modified":"2025-11-10T12:36:47","modified_gmt":"2025-11-10T09:36:47","slug":"villinki-top-unit-for-the-wardrobe","status":"publish","type":"product","link":"https:\/\/skano.lv\/ru\/product\/villinki-top-unit-for-the-wardrobe","title":{"rendered":"Villinki | aug\u0161\u0113jais bloks dr\u0113bju skapim"},"content":{"rendered":"<p id=\"tw-target-text\" class=\"tw-data-text tw-text-large tw-ta\" dir=\"ltr\" data-placeholder=\"T\u00f5lge\">Top unit with panel doors for wardrobe unit, made of birch. Delivered assembled.<\/p>\n<table class=\"woocommerce-product-attributes shop_attributes\" style=\"height: 70px; width: 262px;\">\n<tbody>\n<tr class=\"woocommerce-product-attributes-item woocommerce-product-attributes-item--weight\" style=\"height: 23px;\">\n<th class=\"woocommerce-product-attributes-item__label\" style=\"height: 23px; width: 79.3594px;\">Weight<\/th>\n<td class=\"woocommerce-product-attributes-item__value\" style=\"height: 23px; width: 166.641px;\">26.5 kg<\/td>\n<\/tr>\n<tr class=\"woocommerce-product-attributes-item woocommerce-product-attributes-item--dimensions\" style=\"height: 47px;\">\n<th class=\"woocommerce-product-attributes-item__label\" style=\"height: 47px; width: 79.3594px;\">Dimensions<\/th>\n<td class=\"woocommerce-product-attributes-item__value\" style=\"height: 47px; width: 166.641px;\">100 w \u00d7 5 h \u00d7 62 d cm<\/td>\n<\/tr>\n<\/tbody>\n<\/table>\n<p>&nbsp;<\/p>","protected":false},"excerpt":{"rendered":"<p>Top unit with panel doors for wardrobe unit, made of birch. Delivered assembled. Weight 26.5 kg Dimensions 100 w \u00d7 5 h \u00d7 62 d cm &nbsp;<\/p>","protected":false},"featured_media":1924,"template":"","meta":{"_et_pb_use_builder":"","_et_pb_old_content":"","_et_gb_content_width":""},"product_cat":[44,51],"product_tag":[],"aioseo_notices":[],"_links":{"self":[{"href":"https:\/\/skano.lv\/ru\/wp-json\/wp\/v3\/product\/1914"}],"collection":[{"href":"https:\/\/skano.lv\/ru\/wp-json\/wp\/v3\/product"}],"about":[{"href":"https:\/\/skano.lv\/ru\/wp-json\/wp\/v2\/types\/product"}],"wp:featuredmedia":[{"embeddable":true,"href":"https:\/\/skano.lv\/ru\/wp-json\/wp\/v2\/media\/1924"}],"wp:attachment":[{"href":"https:\/\/skano.lv\/ru\/wp-json\/wp\/v2\/media?parent=1914"}],"wp:term":[{"taxonomy":"product_cat","embeddable":true,"href":"https:\/\/skano.lv\/ru\/wp-json\/wp\/v2\/product_cat?post=1914"},{"taxonomy":"product_tag","embeddable":true,"href":"https:\/\/skano.lv\/ru\/wp-json\/wp\/v2\/product_tag?post=1914"}],"curies":[{"name":"wp","href":"https:\/\/api.w.org\/{rel}","templated":true}]}}