{"id":3,"date":"2023-01-07T03:00:22","date_gmt":"2023-01-07T00:00:22","guid":{"rendered":"http:\/\/185.141.61.230\/?page_id=3"},"modified":"2023-07-03T13:57:16","modified_gmt":"2023-07-03T10:57:16","slug":"privacy-policy","status":"publish","type":"page","link":"https:\/\/skano.lv\/ru\/privacy-policy","title":{"rendered":"\u041f\u043e\u043b\u0438\u0442\u0438\u043a\u0430 \u043a\u043e\u043d\u0444\u0438\u0434\u0435\u043d\u0446\u0438\u0430\u043b\u044c\u043d\u043e\u0441\u0442\u0438"},"content":{"rendered":"<p>[et_pb_section fb_built=&#8221;1&#8243; _builder_version=&#8221;4.17.3&#8243; _module_preset=&#8221;default&#8221; global_colors_info=&#8221;{}&#8221;][et_pb_row _builder_version=&#8221;4.17.3&#8243; _module_preset=&#8221;default&#8221;][et_pb_column _builder_version=&#8221;4.17.3&#8243; _module_preset=&#8221;default&#8221; type=&#8221;4_4&#8243;][et_pb_text _builder_version=&#8221;4.17.3&#8243; _module_preset=&#8221;default&#8221; hover_enabled=&#8221;0&#8243; sticky_enabled=&#8221;0&#8243;]<\/p>\n<p>Visi klienta personas dati, kas ieg\u016bti un veicot pas\u016bt\u012bjumu tiek apstr\u0101d\u0101ti k\u0101 konfidenci\u0101la inform\u0101cija.<\/p>\n<p><strong>Latvian eco house<\/strong> neatkl\u0101j t\u0101s ieg\u016btos datus tre\u0161ajai pusei.\u00a0<\/p>\n<p>Personas dati ir inform\u0101cija, kas sniedz mums iesp\u0113ju noteikt J\u016bsu person\u012bbu: piem\u0113ram, J\u016bsu v\u0101rdu, e-pasta adresi vai pasta adresi. <strong>Latvian eco house<\/strong> neizmantos J\u016bsu datus \u0101rpus pas\u016bt\u012bjuma un bez J\u016bsu piekri\u0161anas.<\/p>\n<p>&nbsp;<\/p>\n<p>[\/et_pb_text][\/et_pb_column][\/et_pb_row][\/et_pb_section]<\/p>","protected":false},"excerpt":{"rendered":"<p>Visi klienta personas dati, kas ieg\u016bti un veicot pas\u016bt\u012bjumu tiek apstr\u0101d\u0101ti k\u0101 konfidenci\u0101la inform\u0101cija. Latvian eco house neatkl\u0101j t\u0101s ieg\u016btos datus tre\u0161ajai pusei.\u00a0 Personas dati ir inform\u0101cija, kas sniedz mums iesp\u0113ju noteikt J\u016bsu person\u012bbu: piem\u0113ram, J\u016bsu v\u0101rdu, e-pasta adresi vai pasta adresi. Latvian eco house neizmantos J\u016bsu datus \u0101rpus pas\u016bt\u012bjuma un bez J\u016bsu piekri\u0161anas. &nbsp;<\/p>","protected":false},"author":1,"featured_media":0,"parent":0,"menu_order":0,"comment_status":"closed","ping_status":"closed","template":"","meta":{"_et_pb_use_builder":"on","_et_pb_old_content":"<!-- wp:heading -->\n<h2 class=\"wp-block-heading\">\u041a\u0442\u043e \u043c\u044b<\/h2>\n<!-- \/wp:heading -->\n\n<!-- wp:paragraph -->\n<p><strong class=\"privacy-policy-tutorial\">\u041f\u0440\u0435\u0434\u043b\u0430\u0433\u0430\u0435\u043c\u044b\u0439 \u0442\u0435\u043a\u0441\u0442: <\/strong>\u041d\u0430\u0448 \u0430\u0434\u0440\u0435\u0441 \u0441\u0430\u0439\u0442\u0430: http:\/\/185.141.61.230.<\/p>\n<!-- \/wp:paragraph -->\n\n<!-- wp:heading -->\n<h2 class=\"wp-block-heading\">\u041a\u043e\u043c\u043c\u0435\u043d\u0442\u0430\u0440\u0438\u0438<\/h2>\n<!-- \/wp:heading -->\n\n<!-- wp:paragraph -->\n<p><strong class=\"privacy-policy-tutorial\">\u041f\u0440\u0435\u0434\u043b\u0430\u0433\u0430\u0435\u043c\u044b\u0439 \u0442\u0435\u043a\u0441\u0442: <\/strong>\u0415\u0441\u043b\u0438 \u043f\u043e\u0441\u0435\u0442\u0438\u0442\u0435\u043b\u044c \u043e\u0441\u0442\u0430\u0432\u043b\u044f\u0435\u0442 \u043a\u043e\u043c\u043c\u0435\u043d\u0442\u0430\u0440\u0438\u0439 \u043d\u0430 \u0441\u0430\u0439\u0442\u0435, \u043c\u044b \u0441\u043e\u0431\u0438\u0440\u0430\u0435\u043c \u0434\u0430\u043d\u043d\u044b\u0435 \u0443\u043a\u0430\u0437\u0430\u043d\u043d\u044b\u0435 \u0432 \u0444\u043e\u0440\u043c\u0435 \u043a\u043e\u043c\u043c\u0435\u043d\u0442\u0430\u0440\u0438\u044f, \u0430 \u0442\u0430\u043a\u0436\u0435 IP \u0430\u0434\u0440\u0435\u0441 \u043f\u043e\u0441\u0435\u0442\u0438\u0442\u0435\u043b\u044f \u0438 \u0434\u0430\u043d\u043d\u044b\u0435 user-agent \u0431\u0440\u0430\u0443\u0437\u0435\u0440\u0430 \u0441 \u0446\u0435\u043b\u044c\u044e \u043e\u043f\u0440\u0435\u0434\u0435\u043b\u0435\u043d\u0438\u044f \u0441\u043f\u0430\u043c\u0430.<\/p>\n<!-- \/wp:paragraph -->\n\n<!-- wp:paragraph -->\n<p>\u0410\u043d\u043e\u043d\u0438\u043c\u0438\u0437\u0438\u0440\u043e\u0432\u0430\u043d\u043d\u0430\u044f \u0441\u0442\u0440\u043e\u043a\u0430 \u0441\u043e\u0437\u0434\u0430\u0432\u0430\u0435\u043c\u0430\u044f \u0438\u0437 \u0432\u0430\u0448\u0435\u0433\u043e \u0430\u0434\u0440\u0435\u0441\u0430 email (\"\u0445\u0435\u0448\") \u043c\u043e\u0436\u0435\u0442 \u043f\u0440\u0435\u0434\u043e\u0441\u0442\u0430\u0432\u043b\u044f\u0442\u044c\u0441\u044f \u0441\u0435\u0440\u0432\u0438\u0441\u0443 Gravatar, \u0447\u0442\u043e\u0431\u044b \u043e\u043f\u0440\u0435\u0434\u0435\u043b\u0438\u0442\u044c \u0438\u0441\u043f\u043e\u043b\u044c\u0437\u0443\u0435\u0442\u0435 \u043b\u0438 \u0432\u044b \u0435\u0433\u043e. \u041f\u043e\u043b\u0438\u0442\u0438\u043a\u0430 \u043a\u043e\u043d\u0444\u0438\u0434\u0435\u043d\u0446\u0438\u0430\u043b\u044c\u043d\u043e\u0441\u0442\u0438 Gravatar \u0434\u043e\u0441\u0442\u0443\u043f\u043d\u0430 \u0437\u0434\u0435\u0441\u044c: https:\/\/automattic.com\/privacy\/ . \u041f\u043e\u0441\u043b\u0435 \u043e\u0434\u043e\u0431\u0440\u0435\u043d\u0438\u044f \u043a\u043e\u043c\u043c\u0435\u043d\u0442\u0430\u0440\u0438\u044f \u0432\u0430\u0448\u0435 \u0438\u0437\u043e\u0431\u0440\u0430\u0436\u0435\u043d\u0438\u0435 \u043f\u0440\u043e\u0444\u0438\u043b\u044f \u0431\u0443\u0434\u0435\u0442 \u0432\u0438\u0434\u0438\u043c\u044b\u043c \u043f\u0443\u0431\u043b\u0438\u0447\u043d\u043e \u0432 \u043a\u043e\u043d\u0442\u0435\u043a\u0441\u0442\u0435 \u0432\u0430\u0448\u0435\u0433\u043e \u043a\u043e\u043c\u043c\u0435\u043d\u0442\u0430\u0440\u0438\u044f.<\/p>\n<!-- \/wp:paragraph -->\n\n<!-- wp:heading -->\n<h2 class=\"wp-block-heading\">\u041c\u0435\u0434\u0438\u0430\u0444\u0430\u0439\u043b\u044b<\/h2>\n<!-- \/wp:heading -->\n\n<!-- wp:paragraph -->\n<p><strong class=\"privacy-policy-tutorial\">\u041f\u0440\u0435\u0434\u043b\u0430\u0433\u0430\u0435\u043c\u044b\u0439 \u0442\u0435\u043a\u0441\u0442: <\/strong>\u0415\u0441\u043b\u0438 \u0432\u044b \u0437\u0430\u0440\u0435\u0433\u0438\u0441\u0442\u0440\u0438\u0440\u043e\u0432\u0430\u043d\u043d\u044b\u0439 \u043f\u043e\u043b\u044c\u0437\u043e\u0432\u0430\u0442\u0435\u043b\u044c \u0438 \u0437\u0430\u0433\u0440\u0443\u0436\u0430\u0435\u0442\u0435 \u0444\u043e\u0442\u043e\u0433\u0440\u0430\u0444\u0438\u0438 \u043d\u0430 \u0441\u0430\u0439\u0442, \u0432\u0430\u043c \u0432\u043e\u0437\u043c\u043e\u0436\u043d\u043e \u0441\u043b\u0435\u0434\u0443\u0435\u0442 \u0438\u0437\u0431\u0435\u0433\u0430\u0442\u044c \u0437\u0430\u0433\u0440\u0443\u0437\u043a\u0438 \u0438\u0437\u043e\u0431\u0440\u0430\u0436\u0435\u043d\u0438\u0439 \u0441 \u043c\u0435\u0442\u0430\u0434\u0430\u043d\u043d\u044b\u043c\u0438 EXIF, \u0442\u0430\u043a \u043a\u0430\u043a \u043e\u043d\u0438 \u043c\u043e\u0433\u0443\u0442 \u0441\u043e\u0434\u0435\u0440\u0436\u0430\u0442\u044c \u0434\u0430\u043d\u043d\u044b\u0435 \u0432\u0430\u0448\u0435\u0433\u043e \u043c\u0435\u0441\u0442\u043e\u0440\u0430\u0441\u043f\u043e\u043b\u043e\u0436\u0435\u043d\u0438\u044f \u043f\u043e GPS. \u041f\u043e\u0441\u0435\u0442\u0438\u0442\u0435\u043b\u0438 \u043c\u043e\u0433\u0443\u0442 \u0438\u0437\u0432\u043b\u0435\u0447\u044c \u044d\u0442\u0443 \u0438\u043d\u0444\u043e\u0440\u043c\u0430\u0446\u0438\u044e \u0441\u043a\u0430\u0447\u0430\u0432 \u0438\u0437\u043e\u0431\u0440\u0430\u0436\u0435\u043d\u0438\u044f \u0441 \u0441\u0430\u0439\u0442\u0430.<\/p>\n<!-- \/wp:paragraph -->\n\n<!-- wp:heading -->\n<h2 class=\"wp-block-heading\">\u041a\u0443\u043a\u0438<\/h2>\n<!-- \/wp:heading -->\n\n<!-- wp:paragraph -->\n<p><strong class=\"privacy-policy-tutorial\">\u041f\u0440\u0435\u0434\u043b\u0430\u0433\u0430\u0435\u043c\u044b\u0439 \u0442\u0435\u043a\u0441\u0442: <\/strong>\u0415\u0441\u043b\u0438 \u0432\u044b \u043e\u0441\u0442\u0430\u0432\u043b\u044f\u0435\u0442\u0435 \u043a\u043e\u043c\u043c\u0435\u043d\u0442\u0430\u0440\u0438\u0439 \u043d\u0430 \u043d\u0430\u0448\u0435\u043c \u0441\u0430\u0439\u0442\u0435, \u0432\u044b \u043c\u043e\u0436\u0435\u0442\u0435 \u0432\u043a\u043b\u044e\u0447\u0438\u0442\u044c \u0441\u043e\u0445\u0440\u0430\u043d\u0435\u043d\u0438\u0435 \u0432\u0430\u0448\u0435\u0433\u043e \u0438\u043c\u0435\u043d\u0438, \u0430\u0434\u0440\u0435\u0441\u0430 email \u0438 \u0432\u0435\u0431\u0441\u0430\u0439\u0442\u0430 \u0432 \u043a\u0443\u043a\u0438. \u042d\u0442\u043e \u0434\u0435\u043b\u0430\u0435\u0442\u0441\u044f \u0434\u043b\u044f \u0432\u0430\u0448\u0435\u0433\u043e \u0443\u0434\u043e\u0431\u0441\u0442\u0432\u0430, \u0447\u0442\u043e\u0431\u044b \u043d\u0435 \u0437\u0430\u043f\u043e\u043b\u043d\u044f\u0442\u044c \u0434\u0430\u043d\u043d\u044b\u0435 \u0441\u043d\u043e\u0432\u0430 \u043f\u0440\u0438 \u043f\u043e\u0432\u0442\u043e\u0440\u043d\u043e\u043c \u043a\u043e\u043c\u043c\u0435\u043d\u0442\u0438\u0440\u043e\u0432\u0430\u043d\u0438\u0438. \u042d\u0442\u0438 \u043a\u0443\u043a\u0438 \u0445\u0440\u0430\u043d\u044f\u0442\u0441\u044f \u0432 \u0442\u0435\u0447\u0435\u043d\u0438\u0435 \u043e\u0434\u043d\u043e\u0433\u043e \u0433\u043e\u0434\u0430.<\/p>\n<!-- \/wp:paragraph -->\n\n<!-- wp:paragraph -->\n<p>\u0415\u0441\u043b\u0438 \u0443 \u0432\u0430\u0441 \u0435\u0441\u0442\u044c \u0443\u0447\u0435\u0442\u043d\u0430\u044f \u0437\u0430\u043f\u0438\u0441\u044c \u043d\u0430 \u0441\u0430\u0439\u0442\u0435 \u0438 \u0432\u044b \u0432\u043e\u0439\u0434\u0435\u0442\u0435 \u0432 \u043d\u0435\u0451, \u043c\u044b \u0443\u0441\u0442\u0430\u043d\u043e\u0432\u0438\u043c \u0432\u0440\u0435\u043c\u0435\u043d\u043d\u044b\u0439 \u043a\u0443\u043a\u0438 \u0434\u043b\u044f \u043e\u043f\u0440\u0435\u0434\u0435\u043b\u0435\u043d\u0438\u044f \u043f\u043e\u0434\u0434\u0435\u0440\u0436\u043a\u0438 \u043a\u0443\u043a\u0438 \u0432\u0430\u0448\u0438\u043c \u0431\u0440\u0430\u0443\u0437\u0435\u0440\u043e\u043c, \u043a\u0443\u043a\u0438 \u043d\u0435 \u0441\u043e\u0434\u0435\u0440\u0436\u0438\u0442 \u043d\u0438\u043a\u0430\u043a\u043e\u0439 \u043b\u0438\u0447\u043d\u043e\u0439 \u0438\u043d\u0444\u043e\u0440\u043c\u0430\u0446\u0438\u0438 \u0438 \u0443\u0434\u0430\u043b\u044f\u0435\u0442\u0441\u044f \u043f\u0440\u0438 \u0437\u0430\u043a\u0440\u044b\u0442\u0438\u0438 \u0432\u0430\u0448\u0435\u0433\u043e \u0431\u0440\u0430\u0443\u0437\u0435\u0440\u0430.<\/p>\n<!-- \/wp:paragraph -->\n\n<!-- wp:paragraph -->\n<p>\u041f\u0440\u0438 \u0432\u0445\u043e\u0434\u0435 \u0432 \u0443\u0447\u0435\u0442\u043d\u0443\u044e \u0437\u0430\u043f\u0438\u0441\u044c \u043c\u044b \u0442\u0430\u043a\u0436\u0435 \u0443\u0441\u0442\u0430\u043d\u0430\u0432\u043b\u0438\u0432\u0430\u0435\u043c \u043d\u0435\u0441\u043a\u043e\u043b\u044c\u043a\u043e \u043a\u0443\u043a\u0438 \u0441 \u0434\u0430\u043d\u043d\u044b\u043c\u0438 \u0432\u0445\u043e\u0434\u0430 \u0438 \u043d\u0430\u0441\u0442\u0440\u043e\u0439\u043a\u0430\u043c\u0438 \u044d\u043a\u0440\u0430\u043d\u0430. \u041a\u0443\u043a\u0438 \u0432\u0445\u043e\u0434\u0430 \u0445\u0440\u0430\u043d\u044f\u0442\u0441\u044f \u0432 \u0442\u0435\u0447\u0435\u043d\u0438\u0435 \u0434\u0432\u0443\u0445 \u0434\u043d\u0435\u0439, \u043a\u0443\u043a\u0438 \u0441 \u043d\u0430\u0441\u0442\u0440\u043e\u0439\u043a\u0430\u043c\u0438 \u044d\u043a\u0440\u0430\u043d\u0430 - \u0433\u043e\u0434. \u0415\u0441\u043b\u0438 \u0432\u044b \u0432\u044b\u0431\u0435\u0440\u0435\u0442\u0435 \u0432\u043e\u0437\u043c\u043e\u0436\u043d\u043e\u0441\u0442\u044c \"\u0417\u0430\u043f\u043e\u043c\u043d\u0438\u0442\u044c \u043c\u0435\u043d\u044f\", \u0434\u0430\u043d\u043d\u044b\u0435 \u043e \u0432\u0445\u043e\u0434\u0435 \u0431\u0443\u0434\u0443\u0442 \u0441\u043e\u0445\u0440\u0430\u043d\u044f\u0442\u044c\u0441\u044f \u0432 \u0442\u0435\u0447\u0435\u043d\u0438\u0435 \u0434\u0432\u0443\u0445 \u043d\u0435\u0434\u0435\u043b\u044c. \u041f\u0440\u0438 \u0432\u044b\u0445\u043e\u0434\u0435 \u0438\u0437 \u0443\u0447\u0435\u0442\u043d\u043e\u0439 \u0437\u0430\u043f\u0438\u0441\u0438 \u043a\u0443\u043a\u0438 \u0432\u0445\u043e\u0434\u0430 \u0431\u0443\u0434\u0443\u0442 \u0443\u0434\u0430\u043b\u0435\u043d\u044b.<\/p>\n<!-- \/wp:paragraph -->\n\n<!-- wp:paragraph -->\n<p>\u041f\u0440\u0438 \u0440\u0435\u0434\u0430\u043a\u0442\u0438\u0440\u043e\u0432\u0430\u043d\u0438\u0438 \u0438\u043b\u0438 \u043f\u0443\u0431\u043b\u0438\u043a\u0430\u0446\u0438\u0438 \u0441\u0442\u0430\u0442\u044c\u0438 \u0432 \u0431\u0440\u0430\u0443\u0437\u0435\u0440\u0435 \u0431\u0443\u0434\u0435\u0442 \u0441\u043e\u0445\u0440\u0430\u043d\u0435\u043d \u0434\u043e\u043f\u043e\u043b\u043d\u0438\u0442\u0435\u043b\u044c\u043d\u044b\u0439 \u043a\u0443\u043a\u0438, \u043e\u043d \u043d\u0435 \u0441\u043e\u0434\u0435\u0440\u0436\u0438\u0442 \u043f\u0435\u0440\u0441\u043e\u043d\u0430\u043b\u044c\u043d\u044b\u0445 \u0434\u0430\u043d\u043d\u044b\u0445 \u0438 \u0441\u043e\u0434\u0435\u0440\u0436\u0438\u0442 \u0442\u043e\u043b\u044c\u043a\u043e ID \u0437\u0430\u043f\u0438\u0441\u0438 \u043e\u0442\u0440\u0435\u0434\u0430\u043a\u0442\u0438\u0440\u043e\u0432\u0430\u043d\u043d\u043e\u0439 \u0432\u0430\u043c\u0438, \u0438\u0441\u0442\u0435\u043a\u0430\u0435\u0442 \u0447\u0435\u0440\u0435\u0437 1 \u0434\u0435\u043d\u044c.<\/p>\n<!-- \/wp:paragraph -->\n\n<!-- wp:heading -->\n<h2 class=\"wp-block-heading\">\u0412\u0441\u0442\u0440\u0430\u0438\u0432\u0430\u0435\u043c\u043e\u0435 \u0441\u043e\u0434\u0435\u0440\u0436\u0438\u043c\u043e\u0435 \u0434\u0440\u0443\u0433\u0438\u0445 \u0432\u0435\u0431\u0441\u0430\u0439\u0442\u043e\u0432<\/h2>\n<!-- \/wp:heading -->\n\n<!-- wp:paragraph -->\n<p><strong class=\"privacy-policy-tutorial\">\u041f\u0440\u0435\u0434\u043b\u0430\u0433\u0430\u0435\u043c\u044b\u0439 \u0442\u0435\u043a\u0441\u0442: <\/strong>\u0421\u0442\u0430\u0442\u044c\u0438 \u043d\u0430 \u044d\u0442\u043e\u043c \u0441\u0430\u0439\u0442\u0435 \u043c\u043e\u0433\u0443\u0442 \u0432\u043a\u043b\u044e\u0447\u0430\u0442\u044c \u0432\u0441\u0442\u0440\u0430\u0438\u0432\u0430\u0435\u043c\u043e\u0435 \u0441\u043e\u0434\u0435\u0440\u0436\u0438\u043c\u043e\u0435 (\u043d\u0430\u043f\u0440\u0438\u043c\u0435\u0440 \u0432\u0438\u0434\u0435\u043e, \u0438\u0437\u043e\u0431\u0440\u0430\u0436\u0435\u043d\u0438\u044f, \u0441\u0442\u0430\u0442\u044c\u0438 \u0438 \u0434\u0440.), \u043f\u043e\u0434\u043e\u0431\u043d\u043e\u0435 \u0441\u043e\u0434\u0435\u0440\u0436\u0438\u043c\u043e\u0435 \u0432\u0435\u0434\u0435\u0442 \u0441\u0435\u0431\u044f \u0442\u0430\u043a \u0436\u0435, \u043a\u0430\u043a \u0435\u0441\u043b\u0438 \u0431\u044b \u043f\u043e\u0441\u0435\u0442\u0438\u0442\u0435\u043b\u044c \u0437\u0430\u0448\u0435\u043b \u043d\u0430 \u0434\u0440\u0443\u0433\u043e\u0439 \u0441\u0430\u0439\u0442.<\/p>\n<!-- \/wp:paragraph -->\n\n<!-- wp:paragraph -->\n<p>\u042d\u0442\u0438 \u0441\u0430\u0439\u0442\u044b \u043c\u043e\u0433\u0443\u0442 \u0441\u043e\u0431\u0438\u0440\u0430\u0442\u044c \u0434\u0430\u043d\u043d\u044b\u0435 \u043e \u0432\u0430\u0441, \u0438\u0441\u043f\u043e\u043b\u044c\u0437\u043e\u0432\u0430\u0442\u044c \u043a\u0443\u043a\u0438, \u0432\u043d\u0435\u0434\u0440\u044f\u0442\u044c \u0434\u043e\u043f\u043e\u043b\u043d\u0438\u0442\u0435\u043b\u044c\u043d\u043e\u0435 \u043e\u0442\u0441\u043b\u0435\u0436\u0438\u0432\u0430\u043d\u0438\u0435 \u0442\u0440\u0435\u0442\u044c\u0435\u0439 \u0441\u0442\u043e\u0440\u043e\u043d\u043e\u0439 \u0438 \u0441\u043b\u0435\u0434\u0438\u0442\u044c \u0437\u0430 \u0432\u0430\u0448\u0438\u043c \u0432\u0437\u0430\u0438\u043c\u043e\u0434\u0435\u0439\u0441\u0442\u0432\u0438\u0435\u043c \u0441 \u0432\u043d\u0435\u0434\u0440\u0435\u043d\u043d\u044b\u043c \u0441\u043e\u0434\u0435\u0440\u0436\u0438\u043c\u044b\u043c, \u0432\u043a\u043b\u044e\u0447\u0430\u044f \u043e\u0442\u0441\u043b\u0435\u0436\u0438\u0432\u0430\u043d\u0438\u0435 \u0432\u0437\u0430\u0438\u043c\u043e\u0434\u0435\u0439\u0441\u0442\u0432\u0438\u044f, \u0435\u0441\u043b\u0438 \u0443 \u0432\u0430\u0441 \u0435\u0441\u0442\u044c \u0443\u0447\u0435\u0442\u043d\u0430\u044f \u0437\u0430\u043f\u0438\u0441\u044c \u0438 \u0432\u044b \u0430\u0432\u0442\u043e\u0440\u0438\u0437\u043e\u0432\u0430\u043b\u0438\u0441\u044c \u043d\u0430 \u0442\u043e\u043c \u0441\u0430\u0439\u0442\u0435.<\/p>\n<!-- \/wp:paragraph -->\n\n<!-- wp:heading -->\n<h2 class=\"wp-block-heading\">\u0421 \u043a\u0435\u043c \u043c\u044b \u0434\u0435\u043b\u0438\u043c\u0441\u044f \u0432\u0430\u0448\u0438\u043c\u0438 \u0434\u0430\u043d\u043d\u044b\u043c\u0438<\/h2>\n<!-- \/wp:heading -->\n\n<!-- wp:paragraph -->\n<p><strong class=\"privacy-policy-tutorial\">\u041f\u0440\u0435\u0434\u043b\u0430\u0433\u0430\u0435\u043c\u044b\u0439 \u0442\u0435\u043a\u0441\u0442: <\/strong>\u0415\u0441\u043b\u0438 \u0432\u044b \u0437\u0430\u043f\u0440\u043e\u0441\u0438\u0442\u0435 \u0441\u0431\u0440\u043e\u0441 \u043f\u0430\u0440\u043e\u043b\u044f, \u0432\u0430\u0448 IP \u0431\u0443\u0434\u0435\u0442 \u0443\u043a\u0430\u0437\u0430\u043d \u0432 email-\u0441\u043e\u043e\u0431\u0449\u0435\u043d\u0438\u0438 \u043e \u0441\u0431\u0440\u043e\u0441\u0435.<\/p>\n<!-- \/wp:paragraph -->\n\n<!-- wp:heading -->\n<h2 class=\"wp-block-heading\">\u041a\u0430\u043a \u0434\u043e\u043b\u0433\u043e \u043c\u044b \u0445\u0440\u0430\u043d\u0438\u043c \u0432\u0430\u0448\u0438 \u0434\u0430\u043d\u043d\u044b\u0435<\/h2>\n<!-- \/wp:heading -->\n\n<!-- wp:paragraph -->\n<p><strong class=\"privacy-policy-tutorial\">\u041f\u0440\u0435\u0434\u043b\u0430\u0433\u0430\u0435\u043c\u044b\u0439 \u0442\u0435\u043a\u0441\u0442: <\/strong>\u0415\u0441\u043b\u0438 \u0432\u044b \u043e\u0441\u0442\u0430\u0432\u043b\u044f\u0435\u0442\u0435 \u043a\u043e\u043c\u043c\u0435\u043d\u0442\u0430\u0440\u0438\u0439, \u0442\u043e \u0441\u0430\u043c \u043a\u043e\u043c\u043c\u0435\u043d\u0442\u0430\u0440\u0438\u0439 \u0438 \u0435\u0433\u043e \u043c\u0435\u0442\u0430\u0434\u0430\u043d\u043d\u044b\u0435 \u0441\u043e\u0445\u0440\u0430\u043d\u044f\u044e\u0442\u0441\u044f \u043d\u0435\u043e\u043f\u0440\u0435\u0434\u0435\u043b\u0435\u043d\u043d\u043e \u0434\u043e\u043b\u0433\u043e. \u042d\u0442\u043e \u0434\u0435\u043b\u0430\u0435\u0442\u0441\u044f \u0434\u043b\u044f \u0442\u043e\u0433\u043e, \u0447\u0442\u043e\u0431\u044b \u043e\u043f\u0440\u0435\u0434\u0435\u043b\u044f\u0442\u044c \u0438 \u043e\u0434\u043e\u0431\u0440\u044f\u0442\u044c \u043f\u043e\u0441\u043b\u0435\u0434\u0443\u044e\u0449\u0438\u0435 \u043a\u043e\u043c\u043c\u0435\u043d\u0442\u0430\u0440\u0438\u0438 \u0430\u0432\u0442\u043e\u043c\u0430\u0442\u0438\u0447\u0435\u0441\u043a\u0438, \u0432\u043c\u0435\u0441\u0442\u043e \u043f\u043e\u043c\u0435\u0449\u0435\u043d\u0438\u044f \u0438\u0445 \u0432 \u043e\u0447\u0435\u0440\u0435\u0434\u044c \u043d\u0430 \u043e\u0434\u043e\u0431\u0440\u0435\u043d\u0438\u0435.<\/p>\n<!-- \/wp:paragraph -->\n\n<!-- wp:paragraph -->\n<p>\u0414\u043b\u044f \u043f\u043e\u043b\u044c\u0437\u043e\u0432\u0430\u0442\u0435\u043b\u0435\u0439 \u0441 \u0440\u0435\u0433\u0438\u0441\u0442\u0440\u0430\u0446\u0438\u0435\u0439 \u043d\u0430 \u043d\u0430\u0448\u0435\u043c \u0441\u0430\u0439\u0442\u0435 \u043c\u044b \u0445\u0440\u0430\u043d\u0438\u043c \u0442\u0443 \u043b\u0438\u0447\u043d\u0443\u044e \u0438\u043d\u0444\u043e\u0440\u043c\u0430\u0446\u0438\u044e, \u043a\u043e\u0442\u043e\u0440\u0443\u044e \u043e\u043d\u0438 \u0443\u043a\u0430\u0437\u044b\u0432\u0430\u044e\u0442 \u0432 \u0441\u0432\u043e\u0435\u043c \u043f\u0440\u043e\u0444\u0438\u043b\u0435. \u0412\u0441\u0435 \u043f\u043e\u043b\u044c\u0437\u043e\u0432\u0430\u0442\u0435\u043b\u0438 \u043c\u043e\u0433\u0443\u0442 \u0432\u0438\u0434\u0435\u0442\u044c, \u0440\u0435\u0434\u0430\u043a\u0442\u0438\u0440\u043e\u0432\u0430\u0442\u044c \u0438\u043b\u0438 \u0443\u0434\u0430\u043b\u0438\u0442\u044c \u0441\u0432\u043e\u044e \u0438\u043d\u0444\u043e\u0440\u043c\u0430\u0446\u0438\u044e \u0438\u0437 \u043f\u0440\u043e\u0444\u0438\u043b\u044f \u0432 \u043b\u044e\u0431\u043e\u0435 \u0432\u0440\u0435\u043c\u044f (\u043a\u0440\u043e\u043c\u0435 \u0438\u043c\u0435\u043d\u0438 \u043f\u043e\u043b\u044c\u0437\u043e\u0432\u0430\u0442\u0435\u043b\u044f). \u0410\u0434\u043c\u0438\u043d\u0438\u0441\u0442\u0440\u0430\u0446\u0438\u044f \u0432\u0435\u0431\u0441\u0430\u0439\u0442\u0430 \u0442\u0430\u043a\u0436\u0435 \u043c\u043e\u0436\u0435\u0442 \u0432\u0438\u0434\u0435\u0442\u044c \u0438 \u0438\u0437\u043c\u0435\u043d\u044f\u0442\u044c \u044d\u0442\u0443 \u0438\u043d\u0444\u043e\u0440\u043c\u0430\u0446\u0438\u044e.<\/p>\n<!-- \/wp:paragraph -->\n\n<!-- wp:heading -->\n<h2 class=\"wp-block-heading\">\u041a\u0430\u043a\u0438\u0435 \u0443 \u0432\u0430\u0441 \u043f\u0440\u0430\u0432\u0430 \u043d\u0430 \u0432\u0430\u0448\u0438 \u0434\u0430\u043d\u043d\u044b\u0435<\/h2>\n<!-- \/wp:heading -->\n\n<!-- wp:paragraph -->\n<p><strong class=\"privacy-policy-tutorial\">\u041f\u0440\u0435\u0434\u043b\u0430\u0433\u0430\u0435\u043c\u044b\u0439 \u0442\u0435\u043a\u0441\u0442: <\/strong>\u041f\u0440\u0438 \u043d\u0430\u043b\u0438\u0447\u0438\u0438 \u0443\u0447\u0435\u0442\u043d\u043e\u0439 \u0437\u0430\u043f\u0438\u0441\u0438 \u043d\u0430 \u0441\u0430\u0439\u0442\u0435 \u0438\u043b\u0438 \u0435\u0441\u043b\u0438 \u0432\u044b \u043e\u0441\u0442\u0430\u0432\u043b\u044f\u043b\u0438 \u043a\u043e\u043c\u043c\u0435\u043d\u0442\u0430\u0440\u0438\u0438, \u0442\u043e \u0432\u044b \u043c\u043e\u0436\u0435\u0442\u0435 \u0437\u0430\u043f\u0440\u043e\u0441\u0438\u0442\u044c \u0444\u0430\u0439\u043b \u044d\u043a\u0441\u043f\u043e\u0440\u0442\u0430 \u043f\u0435\u0440\u0441\u043e\u043d\u0430\u043b\u044c\u043d\u044b\u0445 \u0434\u0430\u043d\u043d\u044b\u0445, \u043a\u043e\u0442\u043e\u0440\u044b\u0435 \u043c\u044b \u0441\u043e\u0445\u0440\u0430\u043d\u0438\u043b\u0438 \u043e \u0432\u0430\u0441, \u0432\u043a\u043b\u044e\u0447\u0430\u044f \u043f\u0440\u0435\u0434\u043e\u0441\u0442\u0430\u0432\u043b\u0435\u043d\u043d\u044b\u0435 \u0432\u0430\u043c\u0438 \u0434\u0430\u043d\u043d\u044b\u0435. \u0412\u044b \u0442\u0430\u043a\u0436\u0435 \u043c\u043e\u0436\u0435\u0442\u0435 \u0437\u0430\u043f\u0440\u043e\u0441\u0438\u0442\u044c \u0443\u0434\u0430\u043b\u0435\u043d\u0438\u0435 \u044d\u0442\u0438\u0445 \u0434\u0430\u043d\u043d\u044b\u0445, \u044d\u0442\u043e \u043d\u0435 \u0432\u043a\u043b\u044e\u0447\u0430\u0435\u0442 \u0434\u0430\u043d\u043d\u044b\u0435, \u043a\u043e\u0442\u043e\u0440\u044b\u0435 \u043c\u044b \u043e\u0431\u044f\u0437\u0430\u043d\u044b \u0445\u0440\u0430\u043d\u0438\u0442\u044c \u0432 \u0430\u0434\u043c\u0438\u043d\u0438\u0441\u0442\u0440\u0430\u0442\u0438\u0432\u043d\u044b\u0445 \u0446\u0435\u043b\u044f\u0445, \u043f\u043e \u0437\u0430\u043a\u043e\u043d\u0443 \u0438\u043b\u0438 \u0446\u0435\u043b\u044f\u0445 \u0431\u0435\u0437\u043e\u043f\u0430\u0441\u043d\u043e\u0441\u0442\u0438.<\/p>\n<!-- \/wp:paragraph -->\n\n<!-- wp:heading -->\n<h2 class=\"wp-block-heading\">\u041a\u0443\u0434\u0430 \u043e\u0442\u043f\u0440\u0430\u0432\u043b\u044f\u044e\u0442\u0441\u044f \u0432\u0430\u0448\u0438 \u0434\u0430\u043d\u043d\u044b\u0435<\/h2>\n<!-- \/wp:heading -->\n\n<!-- wp:paragraph -->\n<p><strong class=\"privacy-policy-tutorial\">\u041f\u0440\u0435\u0434\u043b\u0430\u0433\u0430\u0435\u043c\u044b\u0439 \u0442\u0435\u043a\u0441\u0442: <\/strong>\u041a\u043e\u043c\u043c\u0435\u043d\u0442\u0430\u0440\u0438\u0438 \u043f\u043e\u043b\u044c\u0437\u043e\u0432\u0430\u0442\u0435\u043b\u0435\u0439 \u043c\u043e\u0433\u0443\u0442 \u043f\u0440\u043e\u0432\u0435\u0440\u044f\u0442\u044c\u0441\u044f \u0430\u0432\u0442\u043e\u043c\u0430\u0442\u0438\u0447\u0435\u0441\u043a\u0438\u043c \u0441\u0435\u0440\u0432\u0438\u0441\u043e\u043c \u043e\u043f\u0440\u0435\u0434\u0435\u043b\u0435\u043d\u0438\u044f \u0441\u043f\u0430\u043c\u0430.<\/p>\n<!-- \/wp:paragraph -->","_et_gb_content_width":"","footnotes":""},"aioseo_notices":[],"_links":{"self":[{"href":"https:\/\/skano.lv\/ru\/wp-json\/wp\/v2\/pages\/3"}],"collection":[{"href":"https:\/\/skano.lv\/ru\/wp-json\/wp\/v2\/pages"}],"about":[{"href":"https:\/\/skano.lv\/ru\/wp-json\/wp\/v2\/types\/page"}],"author":[{"embeddable":true,"href":"https:\/\/skano.lv\/ru\/wp-json\/wp\/v2\/users\/1"}],"replies":[{"embeddable":true,"href":"https:\/\/skano.lv\/ru\/wp-json\/wp\/v2\/comments?post=3"}],"version-history":[{"count":4,"href":"https:\/\/skano.lv\/ru\/wp-json\/wp\/v2\/pages\/3\/revisions"}],"predecessor-version":[{"id":3226,"href":"https:\/\/skano.lv\/ru\/wp-json\/wp\/v2\/pages\/3\/revisions\/3226"}],"wp:attachment":[{"href":"https:\/\/skano.lv\/ru\/wp-json\/wp\/v2\/media?parent=3"}],"curies":[{"name":"wp","href":"https:\/\/api.w.org\/{rel}","templated":true}]}}