{"id":1798,"date":"2023-05-03T16:56:12","date_gmt":"2023-05-03T13:56:12","guid":{"rendered":"https:\/\/skano.lv\/?page_id=1798"},"modified":"2023-05-15T16:50:49","modified_gmt":"2023-05-15T13:50:49","slug":"1798-2","status":"publish","type":"page","link":"https:\/\/skano.lv\/ru\/1798-2","title":{"rendered":"\u0414\u043e\u0441\u0442\u0430\u0432\u043a\u0430"},"content":{"rendered":"<p>[et_pb_section fb_built=&#8221;1&#8243; theme_builder_area=&#8221;post_content&#8221; _builder_version=&#8221;4.17.3&#8243; _module_preset=&#8221;default&#8221;][et_pb_row _builder_version=&#8221;4.17.3&#8243; _module_preset=&#8221;default&#8221; theme_builder_area=&#8221;post_content&#8221;][et_pb_column _builder_version=&#8221;4.17.3&#8243; _module_preset=&#8221;default&#8221; type=&#8221;4_4&#8243; theme_builder_area=&#8221;post_content&#8221;][et_pb_text _builder_version=&#8221;4.17.3&#8243; _module_preset=&#8221;default&#8221; theme_builder_area=&#8221;post_content&#8221; hover_enabled=&#8221;0&#8243; sticky_enabled=&#8221;0&#8243;]<\/p>\n<p>\u0421\u0442\u043e\u0438\u043c\u043e\u0441\u0442\u044c \u0434\u043e\u0441\u0442\u0430\u0432\u043a\u0438 \u043e\u043f\u043b\u0430\u0447\u0438\u0432\u0430\u0435\u0442\u0441\u044f \u043e\u0442\u0434\u0435\u043b\u044c\u043d\u043e. \u041f\u043e\u0441\u043b\u0435 \u043f\u043e\u0434\u0442\u0432\u0435\u0440\u0436\u0434\u0435\u043d\u0438\u044f \u0437\u0430\u043a\u0430\u0437\u0430 \u0438 \u0443\u043a\u0430\u0437\u0430\u043d\u0438\u044f \u0430\u0434\u0440\u0435\u0441\u0430 \u0434\u043e\u0441\u0442\u0430\u0432\u043a\u0438 \u043c\u044b \u0432\u044b\u0448\u043b\u0435\u043c \u0432\u0430\u043c \u0441\u0447\u0435\u0442 \u043d\u0430 \u0434\u043e\u0441\u0442\u0430\u0432\u043a\u0443.<br \/>Pieg\u0101de vis\u0101 Latvij\u0101.<\/p>\n<p><span>Transporta cena atkar\u012bga no pas\u016bt\u012bjuma apjoma un att\u0101luma.<\/span><\/p>\n<p>[\/et_pb_text][\/et_pb_column][\/et_pb_row][\/et_pb_section][et_pb_section fb_built=&#8221;1&#8243; theme_builder_area=&#8221;post_content&#8221; _builder_version=&#8221;4.17.3&#8243; _module_preset=&#8221;default&#8221;][\/et_pb_section][et_pb_section fb_built=&#8221;1&#8243; theme_builder_area=&#8221;post_content&#8221; _builder_version=&#8221;4.17.3&#8243; _module_preset=&#8221;default&#8221;][\/et_pb_section]<\/p>","protected":false},"excerpt":{"rendered":"<p>Pieg\u0101des izmaksas ir j\u0101maks\u0101 atsevi\u0161\u0137i. P\u0113c pas\u016bt\u012bjuma apstiprin\u0101\u0161anas un pieg\u0101des adreses nor\u0101d\u012b\u0161anas. M\u0113s nos\u016bt\u012bsim jums r\u0113\u0137inu par pieg\u0101di.Pieg\u0101de vis\u0101 Latvij\u0101. Transporta cena atkar\u012bga no pas\u016bt\u012bjuma apjoma un att\u0101luma.<\/p>","protected":false},"author":1,"featured_media":0,"parent":0,"menu_order":0,"comment_status":"closed","ping_status":"closed","template":"","meta":{"_et_pb_use_builder":"on","_et_pb_old_content":"<!-- wp:divi\/placeholder \/-->","_et_gb_content_width":"","footnotes":""},"aioseo_notices":[],"_links":{"self":[{"href":"https:\/\/skano.lv\/ru\/wp-json\/wp\/v2\/pages\/1798"}],"collection":[{"href":"https:\/\/skano.lv\/ru\/wp-json\/wp\/v2\/pages"}],"about":[{"href":"https:\/\/skano.lv\/ru\/wp-json\/wp\/v2\/types\/page"}],"author":[{"embeddable":true,"href":"https:\/\/skano.lv\/ru\/wp-json\/wp\/v2\/users\/1"}],"replies":[{"embeddable":true,"href":"https:\/\/skano.lv\/ru\/wp-json\/wp\/v2\/comments?post=1798"}],"version-history":[{"count":4,"href":"https:\/\/skano.lv\/ru\/wp-json\/wp\/v2\/pages\/1798\/revisions"}],"predecessor-version":[{"id":2403,"href":"https:\/\/skano.lv\/ru\/wp-json\/wp\/v2\/pages\/1798\/revisions\/2403"}],"wp:attachment":[{"href":"https:\/\/skano.lv\/ru\/wp-json\/wp\/v2\/media?parent=1798"}],"curies":[{"name":"wp","href":"https:\/\/api.w.org\/{rel}","templated":true}]}}