{"id":1738,"date":"2023-05-03T10:41:33","date_gmt":"2023-05-03T07:41:33","guid":{"rendered":"https:\/\/skano.lv\/?page_id=1738"},"modified":"2023-05-03T10:43:00","modified_gmt":"2023-05-03T07:43:00","slug":"1738-2","status":"publish","type":"page","link":"https:\/\/skano.lv\/ru\/1738-2","title":{"rendered":"mebelu-apkope"},"content":{"rendered":"<p>[et_pb_section fb_built=&#8221;1&#8243; theme_builder_area=&#8221;post_content&#8221; _builder_version=&#8221;4.17.3&#8243; _module_preset=&#8221;default&#8221;][et_pb_row _builder_version=&#8221;4.17.3&#8243; _module_preset=&#8221;default&#8221; theme_builder_area=&#8221;post_content&#8221;][et_pb_column _builder_version=&#8221;4.17.3&#8243; _module_preset=&#8221;default&#8221; type=&#8221;4_4&#8243; theme_builder_area=&#8221;post_content&#8221;][et_pb_text _builder_version=&#8221;4.17.3&#8243; _module_preset=&#8221;default&#8221; theme_builder_area=&#8221;post_content&#8221; hover_enabled=&#8221;0&#8243; sticky_enabled=&#8221;0&#8243;]<\/p>\n<div class=\"fusion-title title fusion-title-1 fusion-sep-none fusion-title-text fusion-title-size-two\">\n<h2 class=\"title-heading-left fusion-responsive-typography-calculated\">Skano m\u0113be\u013cu apkopes instrukcija<\/h2>\n<\/div>\n<div class=\"fusion-text fusion-text-1\">\n<h3 data-fontsize=\"25\" data-lineheight=\"37.5px\" class=\"fusion-responsive-typography-calculated\">\u0420\u0410\u0417\u041c\u0415\u0429\u0415\u041d\u0418\u0415 \u041c\u0415\u0411\u0415\u041b\u0418<\/h3>\n<p>\u0423\u0441\u0442\u0430\u043d\u0430\u0432\u043b\u0438\u0432\u0430\u0439\u0442\u0435 \u043c\u0435\u0431\u0435\u043b\u044c \u0432 \u043f\u043e\u043c\u0435\u0449\u0435\u043d\u0438\u044f\u0445 \u0441 \u0442\u0435\u043c\u043f\u0435\u0440\u0430\u0442\u0443\u0440\u043e\u0439 \u043e\u0442 +5 \u0434\u043e +35 C \u0438 \u043e\u0442\u043d\u043e\u0441\u0438\u0442\u0435\u043b\u044c\u043d\u043e\u0439 \u0432\u043b\u0430\u0436\u043d\u043e\u0441\u0442\u044c\u044e 30-70%. \u041d\u0435 \u0441\u0442\u0430\u0432\u044c\u0442\u0435 \u043c\u0435\u0431\u0435\u043b\u044c \u0440\u044f\u0434\u043e\u043c \u0441 \u043e\u0431\u043e\u0433\u0440\u0435\u0432\u0430\u0442\u0435\u043b\u044f\u043c\u0438. \u0413\u043e\u0440\u044f\u0447\u0438\u0439 \u0432\u043e\u0437\u0434\u0443\u0445 \u043c\u043e\u0436\u0435\u0442 \u043f\u0440\u0438\u0432\u0435\u0441\u0442\u0438 \u043a \u0432\u044b\u0441\u044b\u0445\u0430\u043d\u0438\u044e \u0438 \u0434\u0435\u0444\u043e\u0440\u043c\u0430\u0446\u0438\u0438 \u043c\u0435\u0431\u0435\u043b\u0438.<\/p>\n<p>\u0417\u0430\u0449\u0438\u0449\u0430\u0439\u0442\u0435 \u043f\u043e\u0432\u0435\u0440\u0445\u043d\u043e\u0441\u0442\u0438 \u043c\u0435\u0431\u0435\u043b\u0438 \u043e\u0442 \u043f\u0440\u044f\u043c\u044b\u0445 \u0441\u043e\u043b\u043d\u0435\u0447\u043d\u044b\u0445 \u043b\u0443\u0447\u0435\u0439, \u0447\u0442\u043e\u0431\u044b \u0438\u0437\u0431\u0435\u0436\u0430\u0442\u044c \u0432\u044b\u0446\u0432\u0435\u0442\u0430\u043d\u0438\u044f.\n\u041f\u0440\u044f\u043c\u043e\u0439 \u0441\u043e\u043b\u043d\u0435\u0447\u043d\u044b\u0439 \u0441\u0432\u0435\u0442 \u0434\u0435\u043b\u0430\u0435\u0442 \u043b\u0430\u043a\u0438\u0440\u043e\u0432\u0430\u043d\u043d\u044b\u0435 \u043f\u043e\u0432\u0435\u0440\u0445\u043d\u043e\u0441\u0442\u0438 \u0442\u0443\u0441\u043a\u043b\u044b\u043c\u0438 \u0438 \u0441\u0443\u0448\u0438\u0442 \u043a\u043e\u0436\u0430\u043d\u0443\u044e \u043e\u0431\u0438\u0432\u043a\u0443.<\/p>\n<h3 data-fontsize=\"25\" data-lineheight=\"37.5px\" class=\"fusion-responsive-typography-calculated\">\u041e\u0421\u041e\u0411\u0415\u041d\u041d\u041e\u0421\u0422\u0418 \u041c\u0415\u0411\u0415\u041b\u0418<\/h3>\n<p>\u0414\u0435\u0440\u0435\u0432\u043e \u0438 \u043d\u0430\u0442\u0443\u0440\u0430\u043b\u044c\u043d\u0430\u044f \u043a\u043e\u0436\u0430 \u044f\u0432\u043b\u044f\u044e\u0442\u0441\u044f \u043f\u0440\u0438\u0440\u043e\u0434\u043d\u044b\u043c\u0438 \u043c\u0430\u0442\u0435\u0440\u0438\u0430\u043b\u0430\u043c\u0438, \u043f\u043e\u044d\u0442\u043e\u043c\u0443 \u0440\u0430\u0437\u043d\u044b\u0435 \u043f\u0440\u0435\u0434\u043c\u0435\u0442\u044b \u043c\u0435\u0431\u0435\u043b\u0438 \u043c\u043e\u0433\u0443\u0442 \u0438\u043c\u0435\u0442\u044c \u043d\u0435\u0431\u043e\u043b\u044c\u0448\u0438\u0435 \u0440\u0430\u0437\u043b\u0438\u0447\u0438\u044f \u0432 \u0446\u0432\u0435\u0442\u0435. \u0415\u0441\u043b\u0438 \u0442\u043e\u0432\u0430\u0440\u044b \u0431\u044b\u043b\u0438 \u043f\u0440\u0438\u043e\u0431\u0440\u0435\u0442\u0435\u043d\u044b \u0432 \u0440\u0430\u0437\u043d\u043e\u0435 \u0432\u0440\u0435\u043c\u044f, \u0444\u0430\u043a\u0442\u043e\u0440\u044b \u043e\u043a\u0440\u0443\u0436\u0430\u044e\u0449\u0435\u0439 \u0441\u0440\u0435\u0434\u044b \u043c\u043e\u0433\u0443\u0442 \u043f\u043e\u0432\u043b\u0438\u044f\u0442\u044c \u043d\u0430 \u043d\u0438\u0445 \u043f\u043e-\u0440\u0430\u0437\u043d\u043e\u043c\u0443 \u0438 \u043f\u043e\u044d\u0442\u043e\u043c\u0443 \u043e\u043d\u0438 \u043c\u043e\u0433\u0443\u0442 \u043e\u0442\u043b\u0438\u0447\u0430\u0442\u044c\u0441\u044f \u043f\u043e \u0432\u043d\u0435\u0448\u043d\u0435\u043c\u0443 \u0432\u0438\u0434\u0443 \u0438 \u0446\u0432\u0435\u0442\u0443.<\/p>\n<p>\u0418\u0437-\u0437\u0430 \u0441\u0438\u0441\u0442\u0435\u043c \u043e\u0442\u043e\u043f\u043b\u0435\u043d\u0438\u044f \u0432 \u043f\u043e\u043c\u0435\u0449\u0435\u043d\u0438\u044f\u0445 \u043d\u0430 \u0441\u0442\u044b\u043a\u0430\u0445 \u0434\u0435\u0440\u0435\u0432\u044f\u043d\u043d\u044b\u0445 \u0434\u0435\u0442\u0430\u043b\u0435\u0439 \u043c\u043e\u0433\u0443\u0442 \u043e\u0431\u0440\u0430\u0437\u043e\u0432\u044b\u0432\u0430\u0442\u044c\u0441\u044f \u043c\u0438\u043a\u0440\u043e\u0442\u0440\u0435\u0449\u0438\u043d\u044b. \u0418\u0437-\u0437\u0430 \u0440\u0430\u0441\u0448\u0438\u0440\u0435\u043d\u0438\u044f \u0438 \u0441\u0436\u0430\u0442\u0438\u044f \u0434\u0440\u0435\u0432\u0435\u0441\u0438\u043d\u044b \u043c\u043e\u0433\u0443\u0442 \u0432\u043e\u0437\u043d\u0438\u043a\u043d\u0443\u0442\u044c \u043d\u0435\u0431\u043e\u043b\u044c\u0448\u0438\u0435 \u0440\u0430\u0437\u043b\u0438\u0447\u0438\u044f \u0432 \u0433\u0430\u0431\u0430\u0440\u0438\u0442\u043d\u044b\u0445 \u0440\u0430\u0437\u043c\u0435\u0440\u0430\u0445.<\/p>\n<h3 data-fontsize=\"25\" data-lineheight=\"37.5px\" class=\"fusion-responsive-typography-calculated\">\u0427\u0418\u0421\u0422\u041a\u0410 \u041c\u0415\u0411\u0415\u041b\u0418<\/h3>\n<p>\u041f\u0440\u043e\u0442\u0438\u0440\u0430\u0439\u0442\u0435 \u043c\u0435\u0431\u0435\u043b\u044c \u0438\u0437 \u043c\u0430\u0441\u0441\u0438\u0432\u0430 \u0434\u0435\u0440\u0435\u0432\u0430 \u043c\u044f\u0433\u043a\u043e\u0439 \u0432\u043b\u0430\u0436\u043d\u043e\u0439 \u0442\u0440\u044f\u043f\u043a\u043e\u0439. \u041f\u0440\u0438 \u043d\u0435\u043e\u0431\u0445\u043e\u0434\u0438\u043c\u043e\u0441\u0442\u0438 \u0438\u0441\u043f\u043e\u043b\u044c\u0437\u0443\u0439\u0442\u0435 \u043d\u0430\u0438\u0431\u043e\u043b\u0435\u0435 \u0440\u0430\u0441\u043f\u0440\u043e\u0441\u0442\u0440\u0430\u043d\u0435\u043d\u043d\u044b\u0435 \u043d\u0435\u0430\u0431\u0440\u0430\u0437\u0438\u0432\u043d\u044b\u0435 \u0447\u0438\u0441\u0442\u044f\u0449\u0438\u0435 \u0441\u0440\u0435\u0434\u0441\u0442\u0432\u0430 \u0434\u043b\u044f \u0434\u0435\u0440\u0435\u0432\u044f\u043d\u043d\u044b\u0445 \u043f\u043e\u0432\u0435\u0440\u0445\u043d\u043e\u0441\u0442\u0435\u0439, \u0440\u0430\u0437\u0431\u0430\u0432\u043b\u044f\u044f \u0438\u0445 \u0432\u043e\u0434\u043e\u0439.<\/p>\n<p>\u041c\u0435\u0431\u0435\u043b\u044c \u0438\u0437 \u043d\u0430\u0442\u0443\u0440\u0430\u043b\u044c\u043d\u043e\u0439 \u043a\u043e\u0436\u0438 \u043f\u0440\u043e\u0442\u0438\u0440\u0430\u0439\u0442\u0435 \u0441\u0443\u0445\u043e\u0439 \u0438\u043b\u0438 \u0441\u043b\u0435\u0433\u043a\u0430 \u0432\u043b\u0430\u0436\u043d\u043e\u0439 \u0442\u0440\u044f\u043f\u043a\u043e\u0439.<\/p>\n<p>\u0414\u043b\u044f \u043e\u0447\u0438\u0441\u0442\u043a\u0438 \u043e\u0442 \u043f\u044b\u043b\u0438 \u043f\u043e\u0432\u0435\u0440\u0445\u043d\u043e\u0441\u0442\u0435\u0439 \u0438\u0437 \u043d\u0443\u0431\u0443\u043a\u0430 \u0438\u0441\u043f\u043e\u043b\u044c\u0437\u0443\u0439\u0442\u0435 \u043f\u044b\u043b\u0435\u0441\u043e\u0441, \u043f\u0440\u043e\u0431\u043b\u0435\u043c\u043d\u044b\u0435 \u043c\u0435\u0441\u0442\u0430 \u043e\u0431\u0440\u0430\u0431\u043e\u0442\u0430\u0439\u0442\u0435 \u0449\u0435\u0442\u043a\u043e\u0439.<\/p>\n<p>\u0412\u043e \u0438\u0437\u0431\u0435\u0436\u0430\u043d\u0438\u0435 \u043f\u043e\u0432\u0440\u0435\u0436\u0434\u0435\u043d\u0438\u0439 \u0432\u043e\u0434\u043e\u0439 \u0438 \u0441\u0442\u043e\u0439\u043a\u0438\u0445 \u043f\u044f\u0442\u0435\u043d, \u043d\u0435\u043c\u0435\u0434\u043b\u0435\u043d\u043d\u043e \u0443\u0434\u0430\u043b\u044f\u0439\u0442\u0435 \u0433\u0440\u044f\u0437\u044c \u0441 \u043c\u0435\u0431\u0435\u043b\u0438. \u041e\u0447\u0435\u043d\u044c \u0432\u0430\u0436\u043d\u043e, \u0447\u0442\u043e\u0431\u044b \u043f\u043e\u0432\u0435\u0440\u0445\u043d\u043e\u0441\u0442\u044c \u043c\u0435\u0431\u0435\u043b\u0438 \u0431\u044b\u043b\u0430 \u043d\u0435\u043c\u0435\u0434\u043b\u0435\u043d\u043d\u043e \u0432\u044b\u0441\u0443\u0448\u0435\u043d\u0430 \u0442\u0440\u044f\u043f\u043a\u043e\u0439.<\/p>\n<p>\u0414\u043b\u044f \u043e\u0431\u043d\u043e\u0432\u043b\u0435\u043d\u0438\u044f \u043c\u0435\u0431\u0435\u043b\u0438 \u0438\u0441\u043f\u043e\u043b\u044c\u0437\u0443\u0439\u0442\u0435 \u0438\u043c\u0435\u044e\u0449\u0438\u0435\u0441\u044f \u0432 \u043f\u0440\u043e\u0434\u0430\u0436\u0435 \u0441\u0440\u0435\u0434\u0441\u0442\u0432\u0430 \u043f\u043e \u0443\u0445\u043e\u0434\u0443 \u0437\u0430 \u043c\u0435\u0431\u0435\u043b\u044c\u044e, \u0441\u043b\u0435\u0434\u0443\u044f \u0441\u043f\u0435\u0446\u0438\u0430\u043b\u044c\u043d\u043e\u043c\u0443 \u043d\u0430\u0437\u043d\u0430\u0447\u0435\u043d\u0438\u044e \u0438 \u0438\u043d\u0441\u0442\u0440\u0443\u043a\u0446\u0438\u044f\u043c \u043f\u043e \u043f\u0440\u0438\u043c\u0435\u043d\u0435\u043d\u0438\u044e, \u0443\u043a\u0430\u0437\u0430\u043d\u043d\u044b\u043c \u043d\u0430 \u0443\u043f\u0430\u043a\u043e\u0432\u043a\u0435.<\/p>\n<p>\u0421\u043b\u0435\u0434\u0443\u0435\u0442 \u0438\u0437\u0431\u0435\u0433\u0430\u0442\u044c \u043f\u0440\u044f\u043c\u043e\u0433\u043e \u0438 \u0434\u043b\u0438\u0442\u0435\u043b\u044c\u043d\u043e\u0433\u043e \u043a\u043e\u043d\u0442\u0430\u043a\u0442\u0430 \u043c\u0435\u0431\u0435\u043b\u0438 \u0441 \u0430\u043b\u043a\u043e\u0433\u043e\u043b\u0435\u043c, \u043a\u043e\u0444\u0435 \u0438 \u0434\u0440\u0443\u0433\u0438\u043c\u0438 \u0432\u0435\u0449\u0435\u0441\u0442\u0432\u0430\u043c\u0438, \u043e\u0431\u043b\u0430\u0434\u0430\u044e\u0449\u0438\u043c\u0438 \u043e\u043a\u0440\u0430\u0448\u0438\u0432\u0430\u044e\u0449\u0438\u043c \u0434\u0435\u0439\u0441\u0442\u0432\u0438\u0435\u043c. \u0418\u0437\u0431\u0435\u0433\u0430\u0439\u0442\u0435 \u043f\u043e\u0432\u0440\u0435\u0436\u0434\u0435\u043d\u0438\u044f \u043c\u0435\u0431\u0435\u043b\u0438 \u043e\u0441\u0442\u0440\u044b\u043c\u0438 \u043f\u0440\u0435\u0434\u043c\u0435\u0442\u0430\u043c\u0438.<\/p>\n<p>\u0413\u0430\u0440\u0430\u043d\u0442\u0438\u044f \u043d\u0430 \u043c\u0435\u0431\u0435\u043b\u044c \u043d\u0435 \u0440\u0430\u0441\u043f\u0440\u043e\u0441\u0442\u0440\u0430\u043d\u044f\u0435\u0442\u0441\u044f \u043d\u0430 \u043c\u0435\u0445\u0430\u043d\u0438\u0447\u0435\u0441\u043a\u0438\u0435 \u043f\u043e\u0432\u0440\u0435\u0436\u0434\u0435\u043d\u0438\u044f, \u0430 \u0442\u0430\u043a\u0436\u0435 \u043d\u0430 \u043f\u043e\u0432\u0440\u0435\u0436\u0434\u0435\u043d\u0438\u044f \u043e\u0442 \u0436\u0438\u0434\u043a\u043e\u0441\u0442\u0438 \u0438 \u0442\u0435\u043f\u043b\u0430.<\/p>\n<p>\u041f\u0440\u0438 \u0447\u0438\u0441\u0442\u043a\u0435 \u043c\u044f\u0433\u043a\u043e\u0439 \u043c\u0435\u0431\u0435\u043b\u0438 \u043d\u0430\u0438\u043b\u0443\u0447\u0448\u0438\u0435 \u0440\u0435\u0437\u0443\u043b\u044c\u0442\u0430\u0442\u044b \u043c\u043e\u0436\u043d\u043e \u043f\u043e\u043b\u0443\u0447\u0438\u0442\u044c \u0432\u043e\u0441\u043f\u043e\u043b\u044c\u0437\u043e\u0432\u0430\u0432\u0448\u0438\u0441\u044c \u0443\u0441\u043b\u0443\u0433\u0430\u043c\u0438 \u0441\u043f\u0435\u0446\u0438\u0430\u043b\u0438\u0441\u0442\u043e\u0432 \/ \u043a\u043e\u043c\u043f\u0430\u043d\u0438\u0439 \u043f\u043e \u0443\u0431\u043e\u0440\u043a\u0435.<\/p>\n<h3 data-fontsize=\"25\" data-lineheight=\"37.5px\" class=\"fusion-responsive-typography-calculated\">\u0418\u0421\u041f\u041e\u041b\u042c\u0417\u041e\u0412\u0410\u041d\u0418\u0415 \u041c\u0415\u0411\u0415\u041b\u0418<\/h3>\n<p>\u041d\u0430 \u0434\u0432\u0435\u0440\u0438 \u0438 \u044f\u0449\u0438\u043a\u0438 \u043c\u0435\u0431\u0435\u043b\u0438 \u043d\u0435\u043b\u044c\u0437\u044f \u0432\u0435\u0448\u0430\u0442\u044c \u0434\u043e\u043f\u043e\u043b\u043d\u0438\u0442\u0435\u043b\u044c\u043d\u044b\u0435 \u043f\u0440\u0435\u0434\u043c\u0435\u0442\u044b. \u0412\u043e \u0438\u0437\u0431\u0435\u0436\u0430\u043d\u0438\u0435 \u0434\u0435\u0444\u043e\u0440\u043c\u0430\u0446\u0438\u0438 \u0434\u0432\u0435\u0440\u043d\u044b\u0445 \u043f\u0435\u0442\u0435\u043b\u044c \u0438 \u044f\u0449\u0438\u043a\u043e\u0432 \u0448\u043a\u0430\u0444\u0430, \u043d\u0435\u043e\u0431\u0445\u043e\u0434\u0438\u043c\u043e \u0437\u0430\u043a\u0440\u044b\u0432\u0430\u0442\u044c \u0434\u0432\u0435\u0440\u0438 \u0438 \u044f\u0449\u0438\u043a\u0438 \u043e\u0441\u0442\u043e\u0440\u043e\u0436\u043d\u043e \u0438 \u0434\u0435\u0440\u0436\u0430\u0442\u044c \u0438\u0445 \u0437\u0430\u043a\u0440\u044b\u0442\u044b\u043c\u0438.<\/p>\n<p>\u041d\u0435 \u0441\u0442\u0430\u0432\u044c\u0442\u0435 \u0433\u043e\u0440\u044f\u0447\u0438\u0435 \u043f\u0440\u0435\u0434\u043c\u0435\u0442\u044b \u043d\u0430 \u043c\u0435\u0431\u0435\u043b\u044c \u0431\u0435\u0437 \u043f\u043e\u0434\u0441\u0442\u0430\u0432\u043a\u0438. \u041f\u0440\u0438 \u043f\u043e\u043f\u0430\u0434\u0430\u043d\u0438\u0438 \u0436\u0438\u0434\u043a\u043e\u0441\u0442\u0438 \u043d\u0430 \u043f\u043e\u0432\u0435\u0440\u0445\u043d\u043e\u0441\u0442\u044c \u043c\u0435\u0431\u0435\u043b\u0438, \u043e\u0431\u043b\u0438\u0442\u044b\u0439 \u0443\u0447\u0430\u0441\u0442\u043e\u043a \u043d\u0443\u0436\u043d\u043e \u0441\u0440\u0430\u0437\u0443 \u0432\u044b\u0442\u0435\u0440\u0435\u0442\u044c \u043d\u0430\u0441\u0443\u0445\u043e \u043c\u044f\u0433\u043a\u043e\u0439 \u0442\u0440\u044f\u043f\u043a\u043e\u0439.<br \/>\u041a\u0440\u0435\u043f\u043b\u0435\u043d\u0438\u044f \u0438 \u0434\u0432\u0438\u0436\u0443\u0449\u0438\u0435 \u0447\u0430\u0441\u0442\u0438 \u0434\u0435\u0440\u0435\u0432\u044f\u043d\u043d\u043e\u0439 \u043c\u0435\u0431\u0435\u043b\u0438 \u0432 \u043f\u0440\u043e\u0446\u0435\u0441\u0441\u0435 \u044d\u043a\u0441\u043f\u043b\u0443\u0430\u0442\u0430\u0446\u0438\u0438 \u043c\u043e\u0433\u0443\u0442 \u043d\u0435\u043c\u043d\u043e\u0433\u043e \u043e\u0441\u043b\u0430\u0431\u043d\u0443\u0442\u044c, \u043f\u043e\u044d\u0442\u043e\u043c\u0443 \u043d\u0435\u043e\u0431\u0445\u043e\u0434\u0438\u043c\u043e \u0432\u0440\u0435\u043c\u044f \u043e\u0442 \u0432\u0440\u0435\u043c\u0435\u043d\u0438 \u043f\u043e\u0434\u043a\u0440\u0443\u0447\u0438\u0432\u0430\u0442\u044c \u0431\u043e\u043b\u0442\u044b, \u0432\u0438\u043d\u0442\u044b \u0438 \u0448\u0443\u0440\u0443\u043f\u044b.<\/p>\n<p>\u0418\u0441\u043f\u043e\u043b\u044c\u0437\u0443\u0439\u0442\u0435 \u0440\u0430\u0437\u0434\u0435\u043b\u043e\u0447\u043d\u0443\u044e \u0434\u043e\u0441\u043a\u0443 \u043f\u0440\u0438 \u0440\u0435\u0437\u043a\u0435 \u043d\u0430 \u0434\u043e\u0441\u043a\u0435 \u0438\u0437 \u043c\u0430\u0441\u0441\u0438\u0432\u0430 \u0434\u0435\u0440\u0435\u0432\u0430.<\/p>\n<p>\u0427\u0442\u043e\u0431\u044b \u043f\u0435\u0440\u0435\u043c\u0435\u0441\u0442\u0438\u0442\u044c \u043c\u0435\u0431\u0435\u043b\u044c \u0438\u0437 \u043e\u0434\u043d\u043e\u0433\u043e \u043c\u0435\u0441\u0442\u0430 \u0432 \u0434\u0440\u0443\u0433\u043e\u0435, \u0435\u0435 \u043d\u0443\u0436\u043d\u043e \u043f\u043e\u0434\u043d\u0438\u043c\u0430\u0442\u044c, \u0430 \u043d\u0435 \u0434\u0432\u0438\u0433\u0430\u0442\u044c. \u0412 \u043f\u0440\u043e\u0442\u0438\u0432\u043d\u043e\u043c \u0441\u043b\u0443\u0447\u0430\u0435 \u044d\u0442\u043e \u043c\u043e\u0436\u0435\u0442 \u043f\u0440\u0438\u0432\u0435\u0441\u0442\u0438 \u043a \u0434\u0435\u0444\u043e\u0440\u043c\u0430\u0446\u0438\u0438 \u043a\u0440\u0435\u043f\u043b\u0435\u043d\u0438\u0439.<\/p>\n<\/div>\n<p>[\/et_pb_text][\/et_pb_column][\/et_pb_row][\/et_pb_section]<\/p>","protected":false},"excerpt":{"rendered":"<p>Skano m\u0113be\u013cu apkopes instrukcija M\u0112BE\u013bU IZVIETO\u0160ANA M\u0113beles izvieto telp\u0101s, kuru temperat\u016bra ir no +5 l\u012bdz +35 C gr\u0101diem un relat\u012bvais gaisa mitrums 30-70%. Nenovietojiet m\u0113beles tuvu apkures \u0137erme\u0146iem. Karstais gaiss var izrais\u012bt m\u0113be\u013cu \u017e\u016b\u0161anu un deform\u0101ciju. Lai izvair\u012btos no m\u0113be\u013cu bal\u0113\u0161anas sarg\u0101jiet m\u0113be\u013cu virsmas no tie\u0161iem saules stariem. Tie\u0161i saules stari izmaina spogu\u013cu virsmu toni [&hellip;]<\/p>","protected":false},"author":1,"featured_media":0,"parent":0,"menu_order":0,"comment_status":"closed","ping_status":"closed","template":"","meta":{"_et_pb_use_builder":"on","_et_pb_old_content":"","_et_gb_content_width":"","footnotes":""},"aioseo_notices":[],"_links":{"self":[{"href":"https:\/\/skano.lv\/ru\/wp-json\/wp\/v2\/pages\/1738"}],"collection":[{"href":"https:\/\/skano.lv\/ru\/wp-json\/wp\/v2\/pages"}],"about":[{"href":"https:\/\/skano.lv\/ru\/wp-json\/wp\/v2\/types\/page"}],"author":[{"embeddable":true,"href":"https:\/\/skano.lv\/ru\/wp-json\/wp\/v2\/users\/1"}],"replies":[{"embeddable":true,"href":"https:\/\/skano.lv\/ru\/wp-json\/wp\/v2\/comments?post=1738"}],"version-history":[{"count":3,"href":"https:\/\/skano.lv\/ru\/wp-json\/wp\/v2\/pages\/1738\/revisions"}],"predecessor-version":[{"id":1741,"href":"https:\/\/skano.lv\/ru\/wp-json\/wp\/v2\/pages\/1738\/revisions\/1741"}],"wp:attachment":[{"href":"https:\/\/skano.lv\/ru\/wp-json\/wp\/v2\/media?parent=1738"}],"curies":[{"name":"wp","href":"https:\/\/api.w.org\/{rel}","templated":true}]}}