{"id":634,"date":"2023-04-27T20:53:40","date_gmt":"2023-04-27T17:53:40","guid":{"rendered":"https:\/\/skano.lv\/?post_type=product&#038;p=634"},"modified":"2026-01-15T17:07:04","modified_gmt":"2026-01-15T14:07:04","slug":"classic-bookcase-47-glass-door-depth-31cm","status":"publish","type":"product","link":"https:\/\/skano.lv\/en\/product\/classic-bookcase-47-glass-door-depth-31cm","title":{"rendered":"Classic | gr\u0101matu plaukts 47 ar stikla durv\u012bm dzi\u013cums 31cm (\u012bpa\u0161ais izm\u0113rs)"},"content":{"rendered":"<p class=\"product_title entry-title fusion-responsive-typography-calculated\" data-fontsize=\"18\" data-lineheight=\"27px\">Bookcase from solid birch for files with glass door opening up and in. Ready to assemble. Element can be placed on top of base element 31 or another bookcase 31 or 36 without any additional fixing.<\/p>\n<table class=\"woocommerce-product-attributes shop_attributes\" style=\"height: 52px; width: 275px;\">\n<tbody>\n<tr class=\"woocommerce-product-attributes-item woocommerce-product-attributes-item--weight\" style=\"height: 23px;\">\n<th class=\"woocommerce-product-attributes-item__label\" style=\"height: 23px; width: 79.3594px;\">Weight<\/th>\n<td class=\"woocommerce-product-attributes-item__value\" style=\"height: 23px; width: 179.641px;\">14.1 kg<\/td>\n<\/tr>\n<tr class=\"woocommerce-product-attributes-item woocommerce-product-attributes-item--dimensions\" style=\"height: 29px;\">\n<th class=\"woocommerce-product-attributes-item__label\" style=\"height: 29px; width: 79.3594px;\">Dimensions<\/th>\n<td class=\"woocommerce-product-attributes-item__value\" style=\"height: 29px; width: 179.641px;\">86,6 w \u00d7 47,1 h \u00d7 29,3 d cm<\/td>\n<\/tr>\n<\/tbody>\n<\/table>","protected":false},"excerpt":{"rendered":"<p>Bookcase from solid birch for files with glass door opening up and in. Ready to assemble. Element can be placed on top of base element 31 or another bookcase 31 or 36 without any additional fixing. Weight 14.1 kg Dimensions 86,6 w \u00d7 47,1 h \u00d7 29,3 d cm<\/p>","protected":false},"featured_media":633,"template":"","meta":{"_et_pb_use_builder":"","_et_pb_old_content":"","_et_gb_content_width":""},"product_cat":[49,50],"product_tag":[],"aioseo_notices":[],"_links":{"self":[{"href":"https:\/\/skano.lv\/en\/wp-json\/wp\/v3\/product\/634"}],"collection":[{"href":"https:\/\/skano.lv\/en\/wp-json\/wp\/v3\/product"}],"about":[{"href":"https:\/\/skano.lv\/en\/wp-json\/wp\/v2\/types\/product"}],"wp:featuredmedia":[{"embeddable":true,"href":"https:\/\/skano.lv\/en\/wp-json\/wp\/v2\/media\/633"}],"wp:attachment":[{"href":"https:\/\/skano.lv\/en\/wp-json\/wp\/v2\/media?parent=634"}],"wp:term":[{"taxonomy":"product_cat","embeddable":true,"href":"https:\/\/skano.lv\/en\/wp-json\/wp\/v2\/product_cat?post=634"},{"taxonomy":"product_tag","embeddable":true,"href":"https:\/\/skano.lv\/en\/wp-json\/wp\/v2\/product_tag?post=634"}],"curies":[{"name":"wp","href":"https:\/\/api.w.org\/{rel}","templated":true}]}}