{"id":596,"date":"2023-04-27T20:37:56","date_gmt":"2023-04-27T17:37:56","guid":{"rendered":"https:\/\/skano.lv\/?post_type=product&#038;p=596"},"modified":"2025-11-12T16:09:43","modified_gmt":"2025-11-12T13:09:43","slug":"classic-bookcase-36-with-wooden-door-onto-wall","status":"publish","type":"product","link":"https:\/\/skano.lv\/en\/product\/classic-bookcase-36-with-wooden-door-onto-wall","title":{"rendered":"Classic | pie sienas stiprin\u0101ms gr\u0101matu plaukts 36 ar koka durv\u012bm"},"content":{"rendered":"<p class=\"product_title entry-title fusion-responsive-typography-calculated\" data-fontsize=\"18\" data-lineheight=\"27px\">Wall-mounted bookcase from solid birch with wooden door opening up and in. Ready to assemble. Element can be placed on top of another wall-mounted bookcase 36 or 31 with bottom plate without any additional fixing.<\/p>\n<table class=\"woocommerce-product-attributes shop_attributes\" style=\"height: 66px; width: 286px;\">\n<tbody>\n<tr class=\"woocommerce-product-attributes-item woocommerce-product-attributes-item--weight\" style=\"height: 23px;\">\n<th class=\"woocommerce-product-attributes-item__label\" style=\"height: 23px; width: 79.3594px;\">Weight<\/th>\n<td class=\"woocommerce-product-attributes-item__value\" style=\"height: 23px; width: 190.641px;\">13 kg<\/td>\n<\/tr>\n<tr class=\"woocommerce-product-attributes-item woocommerce-product-attributes-item--dimensions\" style=\"height: 43px;\">\n<th class=\"woocommerce-product-attributes-item__label\" style=\"height: 43px; width: 79.3594px;\">Dimensions<\/th>\n<td class=\"woocommerce-product-attributes-item__value\" style=\"height: 43px; width: 190.641px;\">86,6 w \u00d7 36,6 h \u00d7 29,3 d cm<\/td>\n<\/tr>\n<\/tbody>\n<\/table>","protected":false},"excerpt":{"rendered":"<p>Wall-mounted bookcase from solid birch with wooden door opening up and in. Ready to assemble. Element can be placed on top of another wall-mounted bookcase 36 or 31 with bottom plate without any additional fixing. Weight 13 kg Dimensions 86,6 w \u00d7 36,6 h \u00d7 29,3 d cm<\/p>","protected":false},"featured_media":604,"template":"","meta":{"_et_pb_use_builder":"","_et_pb_old_content":"","_et_gb_content_width":""},"product_cat":[49,50],"product_tag":[],"aioseo_notices":[],"_links":{"self":[{"href":"https:\/\/skano.lv\/en\/wp-json\/wp\/v3\/product\/596"}],"collection":[{"href":"https:\/\/skano.lv\/en\/wp-json\/wp\/v3\/product"}],"about":[{"href":"https:\/\/skano.lv\/en\/wp-json\/wp\/v2\/types\/product"}],"wp:featuredmedia":[{"embeddable":true,"href":"https:\/\/skano.lv\/en\/wp-json\/wp\/v2\/media\/604"}],"wp:attachment":[{"href":"https:\/\/skano.lv\/en\/wp-json\/wp\/v2\/media?parent=596"}],"wp:term":[{"taxonomy":"product_cat","embeddable":true,"href":"https:\/\/skano.lv\/en\/wp-json\/wp\/v2\/product_cat?post=596"},{"taxonomy":"product_tag","embeddable":true,"href":"https:\/\/skano.lv\/en\/wp-json\/wp\/v2\/product_tag?post=596"}],"curies":[{"name":"wp","href":"https:\/\/api.w.org\/{rel}","templated":true}]}}