{"id":587,"date":"2023-04-27T20:33:37","date_gmt":"2023-04-27T17:33:37","guid":{"rendered":"https:\/\/skano.lv\/?post_type=product&#038;p=587"},"modified":"2025-11-12T16:12:38","modified_gmt":"2025-11-12T13:12:38","slug":"classic-bookcase-36-with-wooden-door-and-bottom-plate-onto-wall","status":"publish","type":"product","link":"https:\/\/skano.lv\/en\/product\/classic-bookcase-36-with-wooden-door-and-bottom-plate-onto-wall","title":{"rendered":"Classic |  pie sienas stiprin\u0101ms gr\u0101matu plaukts 36 ar koka durv\u012bm un apak\u0161\u0113jo pl\u0101ksni"},"content":{"rendered":"<p class=\"product_title entry-title fusion-responsive-typography-calculated\" data-fontsize=\"18\" data-lineheight=\"27px\">Wall-mounted bookcase element with bottom plate and wooden door opening up and in. On top of this element another wall-mounted bookcase 36 or 31 or top 31 elements can be placed. Ready to assemble.<\/p>\n<table class=\"woocommerce-product-attributes shop_attributes\" style=\"height: 67px; width: 286px;\">\n<tbody>\n<tr class=\"woocommerce-product-attributes-item woocommerce-product-attributes-item--weight\" style=\"height: 23px;\">\n<th class=\"woocommerce-product-attributes-item__label\" style=\"height: 23px; width: 79.3594px;\">Weight<\/th>\n<td class=\"woocommerce-product-attributes-item__value\" style=\"height: 23px; width: 190.641px;\">23 kg<\/td>\n<\/tr>\n<tr class=\"woocommerce-product-attributes-item woocommerce-product-attributes-item--dimensions\" style=\"height: 25px;\">\n<th class=\"woocommerce-product-attributes-item__label\" style=\"height: 44px; width: 79.3594px;\">Dimensions<\/th>\n<td class=\"woocommerce-product-attributes-item__value\" style=\"height: 44px; width: 190.641px;\">86,6 w x 36,3 h x 29,3 d cm<\/td>\n<\/tr>\n<\/tbody>\n<\/table>","protected":false},"excerpt":{"rendered":"<p>Wall-mounted bookcase element with bottom plate and wooden door opening up and in. On top of this element another wall-mounted bookcase 36 or 31 or top 31 elements can be placed. Ready to assemble. Weight 23 kg Dimensions 86,6 w x 36,3 h x 29,3 d cm<\/p>","protected":false},"featured_media":595,"template":"","meta":{"_et_pb_use_builder":"","_et_pb_old_content":"","_et_gb_content_width":""},"product_cat":[49,50],"product_tag":[],"aioseo_notices":[],"_links":{"self":[{"href":"https:\/\/skano.lv\/en\/wp-json\/wp\/v3\/product\/587"}],"collection":[{"href":"https:\/\/skano.lv\/en\/wp-json\/wp\/v3\/product"}],"about":[{"href":"https:\/\/skano.lv\/en\/wp-json\/wp\/v2\/types\/product"}],"wp:featuredmedia":[{"embeddable":true,"href":"https:\/\/skano.lv\/en\/wp-json\/wp\/v2\/media\/595"}],"wp:attachment":[{"href":"https:\/\/skano.lv\/en\/wp-json\/wp\/v2\/media?parent=587"}],"wp:term":[{"taxonomy":"product_cat","embeddable":true,"href":"https:\/\/skano.lv\/en\/wp-json\/wp\/v2\/product_cat?post=587"},{"taxonomy":"product_tag","embeddable":true,"href":"https:\/\/skano.lv\/en\/wp-json\/wp\/v2\/product_tag?post=587"}],"curies":[{"name":"wp","href":"https:\/\/api.w.org\/{rel}","templated":true}]}}