{"id":519,"date":"2023-04-27T20:15:40","date_gmt":"2023-04-27T17:15:40","guid":{"rendered":"https:\/\/skano.lv\/?post_type=product&#038;p=519"},"modified":"2025-11-12T16:42:41","modified_gmt":"2025-11-12T13:42:41","slug":"classic-bookcase-31-with-wooden-door-and-bottom-plate-onto-wall","status":"publish","type":"product","link":"https:\/\/skano.lv\/en\/product\/classic-bookcase-31-with-wooden-door-and-bottom-plate-onto-wall","title":{"rendered":"Classic |  pie sienas stiprin\u0101ms gr\u0101matu plaukts 31 ar koka durv\u012bm un apak\u0161\u0113jo pl\u0101ksni"},"content":{"rendered":"<p class=\"product_title entry-title fusion-responsive-typography-calculated\" data-fontsize=\"18\" data-lineheight=\"27px\">Wall-mounted bookcase element with wooden door opening up and in. On top of this element another wall-mounted bookcase 36 or 31 or top 31 elements can be placed. Ready to assemble.<\/p>","protected":false},"excerpt":{"rendered":"<p>Wall-mounted bookcase element with wooden door opening up and in. On top of this element another wall-mounted bookcase 36 or 31 or top 31 elements can be placed. Ready to assemble.<\/p>","protected":false},"featured_media":527,"template":"","meta":{"_et_pb_use_builder":"","_et_pb_old_content":"","_et_gb_content_width":""},"product_cat":[49,50],"product_tag":[],"aioseo_notices":[],"_links":{"self":[{"href":"https:\/\/skano.lv\/en\/wp-json\/wp\/v3\/product\/519"}],"collection":[{"href":"https:\/\/skano.lv\/en\/wp-json\/wp\/v3\/product"}],"about":[{"href":"https:\/\/skano.lv\/en\/wp-json\/wp\/v2\/types\/product"}],"wp:featuredmedia":[{"embeddable":true,"href":"https:\/\/skano.lv\/en\/wp-json\/wp\/v2\/media\/527"}],"wp:attachment":[{"href":"https:\/\/skano.lv\/en\/wp-json\/wp\/v2\/media?parent=519"}],"wp:term":[{"taxonomy":"product_cat","embeddable":true,"href":"https:\/\/skano.lv\/en\/wp-json\/wp\/v2\/product_cat?post=519"},{"taxonomy":"product_tag","embeddable":true,"href":"https:\/\/skano.lv\/en\/wp-json\/wp\/v2\/product_tag?post=519"}],"curies":[{"name":"wp","href":"https:\/\/api.w.org\/{rel}","templated":true}]}}