{"id":510,"date":"2023-04-27T20:14:32","date_gmt":"2023-04-27T17:14:32","guid":{"rendered":"https:\/\/skano.lv\/?post_type=product&#038;p=510"},"modified":"2025-11-12T16:45:00","modified_gmt":"2025-11-12T13:45:00","slug":"classic-bookcase-31-glass-door-clip-on-wall-with-bplate","status":"publish","type":"product","link":"https:\/\/skano.lv\/en\/product\/classic-bookcase-31-glass-door-clip-on-wall-with-bplate","title":{"rendered":"Classic | pie sienas stiprin\u0101ms gr\u0101matu plaukts 31 ar stikla durv\u012bm un apak\u0161\u0113jo pl\u0101ksni"},"content":{"rendered":"<p class=\"product_title entry-title fusion-responsive-typography-calculated\" data-fontsize=\"18\" data-lineheight=\"27px\">Wall-mounted bookcase from solid birch with glass door opening up and in. Ready to assemble. Element can be placed on top of another wall-mounted bookcase 36 or 31 without any additional fixing<\/p>\n<p data-fontsize=\"18\" data-lineheight=\"27px\">","protected":false},"excerpt":{"rendered":"<p>Wall-mounted bookcase from solid birch with glass door opening up and in. Ready to assemble. Element can be placed on top of another wall-mounted bookcase 36 or 31 without any additional fixing<\/p>","protected":false},"featured_media":499,"template":"","meta":{"_et_pb_use_builder":"","_et_pb_old_content":"","_et_gb_content_width":""},"product_cat":[49,50],"product_tag":[],"aioseo_notices":[],"_links":{"self":[{"href":"https:\/\/skano.lv\/en\/wp-json\/wp\/v3\/product\/510"}],"collection":[{"href":"https:\/\/skano.lv\/en\/wp-json\/wp\/v3\/product"}],"about":[{"href":"https:\/\/skano.lv\/en\/wp-json\/wp\/v2\/types\/product"}],"wp:featuredmedia":[{"embeddable":true,"href":"https:\/\/skano.lv\/en\/wp-json\/wp\/v2\/media\/499"}],"wp:attachment":[{"href":"https:\/\/skano.lv\/en\/wp-json\/wp\/v2\/media?parent=510"}],"wp:term":[{"taxonomy":"product_cat","embeddable":true,"href":"https:\/\/skano.lv\/en\/wp-json\/wp\/v2\/product_cat?post=510"},{"taxonomy":"product_tag","embeddable":true,"href":"https:\/\/skano.lv\/en\/wp-json\/wp\/v2\/product_tag?post=510"}],"curies":[{"name":"wp","href":"https:\/\/api.w.org\/{rel}","templated":true}]}}