{"id":4782,"date":"2026-05-07T13:36:26","date_gmt":"2026-05-07T10:36:26","guid":{"rendered":"https:\/\/skano.lv\/?post_type=product&#038;p=4782"},"modified":"2026-05-07T13:58:18","modified_gmt":"2026-05-07T10:58:18","slug":"classic-atvilktnu-plaukts-36-ar-apaksejo-plaksni","status":"publish","type":"product","link":"https:\/\/skano.lv\/en\/product\/classic-atvilktnu-plaukts-36-ar-apaksejo-plaksni","title":{"rendered":"Classic atvilkt\u0146u plaukts 36 ar apak\u0161\u0113jo pl\u0101ksni"},"content":{"rendered":"<p class=\"product_title entry-title fusion-responsive-typography-calculated\" data-fontsize=\"18\" data-lineheight=\"27px\">Double case wooden door with bottom plate<\/p>\n<table class=\"woocommerce-product-attributes shop_attributes\" style=\"height: 55px; width: 300px;\">\n<tbody>\n<tr class=\"woocommerce-product-attributes-item woocommerce-product-attributes-item--weight\" style=\"height: 23px;\">\n<th class=\"woocommerce-product-attributes-item__label\" style=\"height: 23px; width: 79.3594px;\">Weight<\/th>\n<td class=\"woocommerce-product-attributes-item__value\" style=\"height: 23px; width: 204.641px;\">19 kg<\/td>\n<\/tr>\n<tr class=\"woocommerce-product-attributes-item woocommerce-product-attributes-item--dimensions\" style=\"height: 23px;\">\n<th class=\"woocommerce-product-attributes-item__label\" style=\"height: 32px; width: 79.3594px;\">Dimensions<\/th>\n<td class=\"woocommerce-product-attributes-item__value\" style=\"height: 32px; width: 204.641px;\">150w x 47,1 h x 38,6 d cm<\/td>\n<\/tr>\n<\/tbody>\n<\/table>","protected":false},"excerpt":{"rendered":"<p>Double case wooden door with bottom plate Weight 19 kg Dimensions 150w x 47,1 h x 38,6 d cm<\/p>","protected":false},"featured_media":4790,"template":"","meta":{"_et_pb_use_builder":"","_et_pb_old_content":"","_et_gb_content_width":""},"product_cat":[49,83,89,50],"product_tag":[],"aioseo_notices":[],"_links":{"self":[{"href":"https:\/\/skano.lv\/en\/wp-json\/wp\/v3\/product\/4782"}],"collection":[{"href":"https:\/\/skano.lv\/en\/wp-json\/wp\/v3\/product"}],"about":[{"href":"https:\/\/skano.lv\/en\/wp-json\/wp\/v2\/types\/product"}],"wp:featuredmedia":[{"embeddable":true,"href":"https:\/\/skano.lv\/en\/wp-json\/wp\/v2\/media\/4790"}],"wp:attachment":[{"href":"https:\/\/skano.lv\/en\/wp-json\/wp\/v2\/media?parent=4782"}],"wp:term":[{"taxonomy":"product_cat","embeddable":true,"href":"https:\/\/skano.lv\/en\/wp-json\/wp\/v2\/product_cat?post=4782"},{"taxonomy":"product_tag","embeddable":true,"href":"https:\/\/skano.lv\/en\/wp-json\/wp\/v2\/product_tag?post=4782"}],"curies":[{"name":"wp","href":"https:\/\/api.w.org\/{rel}","templated":true}]}}