{"id":473,"date":"2023-04-27T20:08:32","date_gmt":"2023-04-27T17:08:32","guid":{"rendered":"https:\/\/skano.lv\/?post_type=product&#038;p=473"},"modified":"2025-11-12T16:53:46","modified_gmt":"2025-11-12T13:53:46","slug":"classic-folder-rolly","status":"publish","type":"product","link":"https:\/\/skano.lv\/en\/product\/classic-folder-rolly","title":{"rendered":"Classic |  liels galdi\u0146\u0161 Rolly uz rite\u0146iem"},"content":{"rendered":"<p>Shelf for folders from solid birch on wheels. 1,22 m space for folders. Ready for use.<\/p>\n<table class=\"woocommerce-product-attributes shop_attributes\" style=\"width: 259px; height: 37px;\">\n<tbody>\n<tr class=\"woocommerce-product-attributes-item woocommerce-product-attributes-item--weight\" style=\"height: 23px;\">\n<th class=\"woocommerce-product-attributes-item__label\" style=\"width: 82.625px; height: 23px;\">Weight<\/th>\n<td class=\"woocommerce-product-attributes-item__value\" style=\"width: 160.375px; height: 23px;\">19 kg<\/td>\n<\/tr>\n<tr class=\"woocommerce-product-attributes-item woocommerce-product-attributes-item--dimensions\" style=\"height: 14px;\">\n<th class=\"woocommerce-product-attributes-item__label\" style=\"width: 82.625px; height: 14px;\">Dimensions<\/th>\n<td class=\"woocommerce-product-attributes-item__value\" style=\"width: 160.375px; height: 14px;\">54w \u00d7 83 h \u00d7 54 d cm<\/td>\n<\/tr>\n<\/tbody>\n<\/table>\n<p>&nbsp;<\/p>","protected":false},"excerpt":{"rendered":"<p>Shelf for folders from solid birch on wheels. 1,22 m space for folders. Ready for use. Weight 19 kg Dimensions 54w \u00d7 83 h \u00d7 54 d cm &nbsp;<\/p>","protected":false},"featured_media":481,"template":"","meta":{"_et_pb_use_builder":"","_et_pb_old_content":"","_et_gb_content_width":""},"product_cat":[52,50],"product_tag":[],"aioseo_notices":[],"_links":{"self":[{"href":"https:\/\/skano.lv\/en\/wp-json\/wp\/v3\/product\/473"}],"collection":[{"href":"https:\/\/skano.lv\/en\/wp-json\/wp\/v3\/product"}],"about":[{"href":"https:\/\/skano.lv\/en\/wp-json\/wp\/v2\/types\/product"}],"wp:featuredmedia":[{"embeddable":true,"href":"https:\/\/skano.lv\/en\/wp-json\/wp\/v2\/media\/481"}],"wp:attachment":[{"href":"https:\/\/skano.lv\/en\/wp-json\/wp\/v2\/media?parent=473"}],"wp:term":[{"taxonomy":"product_cat","embeddable":true,"href":"https:\/\/skano.lv\/en\/wp-json\/wp\/v2\/product_cat?post=473"},{"taxonomy":"product_tag","embeddable":true,"href":"https:\/\/skano.lv\/en\/wp-json\/wp\/v2\/product_tag?post=473"}],"curies":[{"name":"wp","href":"https:\/\/api.w.org\/{rel}","templated":true}]}}