{"id":4704,"date":"2026-04-14T14:23:03","date_gmt":"2026-04-14T11:23:03","guid":{"rendered":"https:\/\/skano.lv\/?post_type=product&#038;p=4704"},"modified":"2026-04-14T14:27:41","modified_gmt":"2026-04-14T11:27:41","slug":"classic-gramatu-plaukts-3x36-ar-stikla-bidamam-durvim-dzilums-293cm-108-9-augstums","status":"publish","type":"product","link":"https:\/\/skano.lv\/en\/product\/classic-gramatu-plaukts-3x36-ar-stikla-bidamam-durvim-dzilums-293cm-108-9-augstums","title":{"rendered":"Classic | gr\u0101matu plaukts 3\u00d736 ar stikla b\u012bd\u0101m\u0101m durv\u012bm (dzi\u013cums 29,3cm)  108.9 augstums"},"content":{"rendered":"<p class=\"product_title entry-title fusion-responsive-typography-calculated\" data-fontsize=\"18\" data-lineheight=\"27px\">Birch shelf with sliding doors. The height of the shelf is the same as the three shelves A08<\/p>\n<table class=\"woocommerce-product-attributes shop_attributes\" style=\"height: 59px; width: 257px;\">\n<tbody>\n<tr class=\"woocommerce-product-attributes-item woocommerce-product-attributes-item--weight\" style=\"height: 23px;\">\n<th class=\"woocommerce-product-attributes-item__label\" style=\"height: 23px; width: 79px;\">Weight<\/th>\n<td class=\"woocommerce-product-attributes-item__value\" style=\"width: 178px;\">30kg<\/td>\n<\/tr>\n<tr class=\"woocommerce-product-attributes-item woocommerce-product-attributes-item--dimensions\" style=\"height: 36px;\">\n<th class=\"woocommerce-product-attributes-item__label\" style=\"height: 36px; width: 79px;\">Dimensions<\/th>\n<td class=\"woocommerce-product-attributes-item__value\" style=\"width: 178px;\">86.6 depth x 29.3 width x 108.9 height cm<\/td>\n<\/tr>\n<\/tbody>\n<\/table>","protected":false},"excerpt":{"rendered":"<p>Birch shelf with sliding doors. The height of the shelf is the same as the three shelves A08 Weight 30kg Dimensions 86.6 depth x 29.3 width x 108.9 height cm<\/p>","protected":false},"featured_media":4712,"template":"","meta":{"_et_pb_use_builder":"","_et_pb_old_content":"","_et_gb_content_width":""},"product_cat":[49,50,80],"product_tag":[],"aioseo_notices":[],"_links":{"self":[{"href":"https:\/\/skano.lv\/en\/wp-json\/wp\/v3\/product\/4704"}],"collection":[{"href":"https:\/\/skano.lv\/en\/wp-json\/wp\/v3\/product"}],"about":[{"href":"https:\/\/skano.lv\/en\/wp-json\/wp\/v2\/types\/product"}],"wp:featuredmedia":[{"embeddable":true,"href":"https:\/\/skano.lv\/en\/wp-json\/wp\/v2\/media\/4712"}],"wp:attachment":[{"href":"https:\/\/skano.lv\/en\/wp-json\/wp\/v2\/media?parent=4704"}],"wp:term":[{"taxonomy":"product_cat","embeddable":true,"href":"https:\/\/skano.lv\/en\/wp-json\/wp\/v2\/product_cat?post=4704"},{"taxonomy":"product_tag","embeddable":true,"href":"https:\/\/skano.lv\/en\/wp-json\/wp\/v2\/product_tag?post=4704"}],"curies":[{"name":"wp","href":"https:\/\/api.w.org\/{rel}","templated":true}]}}