{"id":421,"date":"2023-04-27T20:04:00","date_gmt":"2023-04-27T17:04:00","guid":{"rendered":"https:\/\/skano.lv\/?post_type=product&#038;p=421"},"modified":"2026-04-09T17:06:21","modified_gmt":"2026-04-09T14:06:21","slug":"classic-base-for-outside-corner-31","status":"publish","type":"product","link":"https:\/\/skano.lv\/en\/product\/classic-base-for-outside-corner-31","title":{"rendered":"Classic | \u0101r\u0113j\u0101 st\u016bra pamatne 31"},"content":{"rendered":"<p class=\"product_title entry-title fusion-responsive-typography-calculated\" data-fontsize=\"18\" data-lineheight=\"27px\">Outer corner base element from solid birch. Ready to assemble.<\/p>","protected":false},"excerpt":{"rendered":"<p>Outer corner base element from solid birch. Ready to assemble.<\/p>","protected":false},"featured_media":429,"template":"","meta":{"_et_pb_use_builder":"","_et_pb_old_content":"","_et_gb_content_width":""},"product_cat":[81,49,50],"product_tag":[],"aioseo_notices":[],"_links":{"self":[{"href":"https:\/\/skano.lv\/en\/wp-json\/wp\/v3\/product\/421"}],"collection":[{"href":"https:\/\/skano.lv\/en\/wp-json\/wp\/v3\/product"}],"about":[{"href":"https:\/\/skano.lv\/en\/wp-json\/wp\/v2\/types\/product"}],"wp:featuredmedia":[{"embeddable":true,"href":"https:\/\/skano.lv\/en\/wp-json\/wp\/v2\/media\/429"}],"wp:attachment":[{"href":"https:\/\/skano.lv\/en\/wp-json\/wp\/v2\/media?parent=421"}],"wp:term":[{"taxonomy":"product_cat","embeddable":true,"href":"https:\/\/skano.lv\/en\/wp-json\/wp\/v2\/product_cat?post=421"},{"taxonomy":"product_tag","embeddable":true,"href":"https:\/\/skano.lv\/en\/wp-json\/wp\/v2\/product_tag?post=421"}],"curies":[{"name":"wp","href":"https:\/\/api.w.org\/{rel}","templated":true}]}}