{"id":3520,"date":"2023-11-06T14:58:39","date_gmt":"2023-11-06T11:58:39","guid":{"rendered":"https:\/\/skano.lv\/?post_type=product&#038;p=3520"},"modified":"2025-11-26T13:16:40","modified_gmt":"2025-11-26T10:16:40","slug":"plakatu-un-pazinojumu-koka-turetaju-cenradis","status":"publish","type":"product","link":"https:\/\/skano.lv\/en\/product\/plakatu-un-pazinojumu-koka-turetaju-cenradis","title":{"rendered":"Koka plak\u0101tu tur\u0113t\u0101js"},"content":{"rendered":"<div>Plak\u0101tu un pazi\u0146ojumu koka t\u016br\u0113t\u0101ju cenr\u0101dis.<\/div>\n<div><\/div>\n<div>SKANO koka tur\u0113t\u0101ja garumsCena bez PVN 21 % \/EUR\/ par 1 gab.Cena ar PVN 21% \/EUR\/ par 1 gab.<\/div>\n<div><\/div>\n<div><strong>Tonis\u00a0 \u00a0 \u00a0 \u00a0 \u00a0 \u00a0 \u00a0 \u00a0 \u00a0 Ozols<\/strong><\/div>\n<div style=\"text-align: left;\">160 mm\u00a0 \u00a0 \u00a0 \u00a0 \u00a0 \u00a0 \u00a09,44<\/div>\n<div style=\"text-align: left;\">220 mm.\u00a0 \u00a0 \u00a0 \u00a0 \u00a0 \u00a0 10,16<\/div>\n<div style=\"text-align: left;\">310 mm.\u00a0 \u00a0 \u00a0 \u00a0 \u00a0 \u00a0 11,37<\/div>\n<div style=\"text-align: left;\">430 mm\u00a0 \u00a0 \u00a0 \u00a0 \u00a0 \u00a0 \u00a014,28<\/div>\n<div style=\"text-align: left;\">510 mm.\u00a0 \u00a0 \u00a0 \u00a0 \u00a0 \u00a0 15,25<\/div>\n<div style=\"text-align: left;\">610 mm.\u00a0 \u00a0 \u00a0 \u00a0 \u00a0 \u00a0 16,70<\/div>\n<div style=\"text-align: left;\">710 mm.\u00a0 \u00a0 \u00a0 \u00a0 \u00a0 \u00a0 20,57<\/div>\n<div style=\"text-align: left;\">810 mm.\u00a0 \u00a0 \u00a0 \u00a0 \u00a0 \u00a0 22,99<\/div>\n<div><strong>Balts tonis un melns tonis<\/strong><\/div>\n<div>160 mm\u00a0 \u00a0 \u00a0 \u00a0 \u00a0 \u00a0 \u00a0 11,62<\/div>\n<div>220 mm.\u00a0 \u00a0 \u00a0 \u00a0 \u00a0 \u00a0 \u00a012,34<\/div>\n<div>310 mm.\u00a0 \u00a0 \u00a0 \u00a0 \u00a0 \u00a0 \u00a013,07<\/div>\n<div>430 mm\u00a0 \u00a0 \u00a0 \u00a0 \u00a0 \u00a0 \u00a0 15,49<\/div>\n<div>510 mm.\u00a0 \u00a0 \u00a0 \u00a0 \u00a0 \u00a0 \u00a016,21<\/div>\n<div>610 mm.\u00a0 \u00a0 \u00a0 \u00a0 \u00a0 \u00a0 \u00a017,42<\/div>\n<div>710 mm.\u00a0 \u00a0 \u00a0 \u00a0 \u00a0 \u00a0 \u00a020,81<\/div>\n<div>810 mm.\u00a0 \u00a0 \u00a0 \u00a0 \u00a0 \u00a0 \u00a022,99<\/div>\n<p>&nbsp;<\/p>","protected":false},"excerpt":{"rendered":"<p>Plak\u0101tu un pazi\u0146ojumu koka t\u016br\u0113t\u0101ju cenr\u0101dis. SKANO koka tur\u0113t\u0101ja garumsCena bez PVN 21 % \/EUR\/ par 1 gab.Cena ar PVN 21% \/EUR\/ par 1 gab. Tonis\u00a0 \u00a0 \u00a0 \u00a0 \u00a0 \u00a0 \u00a0 \u00a0 \u00a0 Ozols 160 mm\u00a0 \u00a0 \u00a0 \u00a0 \u00a0 \u00a0 \u00a09,44 220 mm.\u00a0 \u00a0 \u00a0 \u00a0 \u00a0 \u00a0 10,16 310 mm.\u00a0 \u00a0 \u00a0 [&hellip;]<\/p>","protected":false},"featured_media":3519,"template":"","meta":{"_et_pb_use_builder":"","_et_pb_old_content":"","_et_gb_content_width":""},"product_cat":[48],"product_tag":[],"aioseo_notices":[],"_links":{"self":[{"href":"https:\/\/skano.lv\/en\/wp-json\/wp\/v3\/product\/3520"}],"collection":[{"href":"https:\/\/skano.lv\/en\/wp-json\/wp\/v3\/product"}],"about":[{"href":"https:\/\/skano.lv\/en\/wp-json\/wp\/v2\/types\/product"}],"wp:featuredmedia":[{"embeddable":true,"href":"https:\/\/skano.lv\/en\/wp-json\/wp\/v2\/media\/3519"}],"wp:attachment":[{"href":"https:\/\/skano.lv\/en\/wp-json\/wp\/v2\/media?parent=3520"}],"wp:term":[{"taxonomy":"product_cat","embeddable":true,"href":"https:\/\/skano.lv\/en\/wp-json\/wp\/v2\/product_cat?post=3520"},{"taxonomy":"product_tag","embeddable":true,"href":"https:\/\/skano.lv\/en\/wp-json\/wp\/v2\/product_tag?post=3520"}],"curies":[{"name":"wp","href":"https:\/\/api.w.org\/{rel}","templated":true}]}}