{"id":3374,"date":"2023-09-20T16:07:18","date_gmt":"2023-09-20T13:07:18","guid":{"rendered":"https:\/\/skano.lv\/?post_type=product&#038;p=3374"},"modified":"2023-10-02T13:41:04","modified_gmt":"2023-10-02T10:41:04","slug":"air-xl","status":"publish","type":"product","link":"https:\/\/skano.lv\/en\/product\/air-xl","title":{"rendered":"AIR XL"},"content":{"rendered":"<p>Pild\u012bjums: PU putas un HighPocket atsperes ar met\u0101la r\u0101mi<\/p>","protected":false},"excerpt":{"rendered":"<p>Pild\u012bjums: PU putas un HighPocket atsperes ar met\u0101la r\u0101mi<\/p>","protected":false},"featured_media":3380,"template":"","meta":{"_et_pb_use_builder":"","_et_pb_old_content":"","_et_gb_content_width":""},"product_cat":[68],"product_tag":[],"aioseo_notices":[],"_links":{"self":[{"href":"https:\/\/skano.lv\/en\/wp-json\/wp\/v3\/product\/3374"}],"collection":[{"href":"https:\/\/skano.lv\/en\/wp-json\/wp\/v3\/product"}],"about":[{"href":"https:\/\/skano.lv\/en\/wp-json\/wp\/v2\/types\/product"}],"wp:featuredmedia":[{"embeddable":true,"href":"https:\/\/skano.lv\/en\/wp-json\/wp\/v2\/media\/3380"}],"wp:attachment":[{"href":"https:\/\/skano.lv\/en\/wp-json\/wp\/v2\/media?parent=3374"}],"wp:term":[{"taxonomy":"product_cat","embeddable":true,"href":"https:\/\/skano.lv\/en\/wp-json\/wp\/v2\/product_cat?post=3374"},{"taxonomy":"product_tag","embeddable":true,"href":"https:\/\/skano.lv\/en\/wp-json\/wp\/v2\/product_tag?post=3374"}],"curies":[{"name":"wp","href":"https:\/\/api.w.org\/{rel}","templated":true}]}}