{"id":305,"date":"2023-04-27T19:45:14","date_gmt":"2023-04-27T16:45:14","guid":{"rendered":"https:\/\/skano.lv\/?post_type=product&#038;p=305"},"modified":"2025-11-12T15:20:56","modified_gmt":"2025-11-12T12:20:56","slug":"classic-extra-shelf-narrow-for-sliding-shelf","status":"publish","type":"product","link":"https:\/\/skano.lv\/en\/product\/classic-extra-shelf-narrow-for-sliding-shelf","title":{"rendered":"Classic | papildu plaukts (\u0161aurs) b\u012bd\u0101m\u0101m plauktam"},"content":{"rendered":"<p>Narrow extra shelf for D24<\/p>\n<table class=\"woocommerce-product-attributes shop_attributes\" style=\"height: 48px; width: 304px;\">\n<tbody>\n<tr class=\"woocommerce-product-attributes-item woocommerce-product-attributes-item--weight\" style=\"height: 23px;\">\n<th class=\"woocommerce-product-attributes-item__label\" style=\"height: 23px; width: 79.3594px;\">Weight<\/th>\n<td class=\"woocommerce-product-attributes-item__value\" style=\"height: 23px; width: 208.641px;\">0.8 kg<\/td>\n<\/tr>\n<tr class=\"woocommerce-product-attributes-item woocommerce-product-attributes-item--dimensions\" style=\"height: 25px;\">\n<th class=\"woocommerce-product-attributes-item__label\" style=\"height: 25px; width: 79.3594px;\">Dimensions<\/th>\n<td class=\"woocommerce-product-attributes-item__value\" style=\"height: 25px; width: 208.641px;\">35,9 w \u00d7 1,8 h \u00d7 14,4 d cm<\/td>\n<\/tr>\n<\/tbody>\n<\/table>","protected":false},"excerpt":{"rendered":"<p>Narrow extra shelf for D24 Weight 0.8 kg Dimensions 35,9 w \u00d7 1,8 h \u00d7 14,4 d cm<\/p>","protected":false},"featured_media":307,"template":"","meta":{"_et_pb_use_builder":"","_et_pb_old_content":"","_et_gb_content_width":""},"product_cat":[49,50],"product_tag":[],"aioseo_notices":[],"_links":{"self":[{"href":"https:\/\/skano.lv\/en\/wp-json\/wp\/v3\/product\/305"}],"collection":[{"href":"https:\/\/skano.lv\/en\/wp-json\/wp\/v3\/product"}],"about":[{"href":"https:\/\/skano.lv\/en\/wp-json\/wp\/v2\/types\/product"}],"wp:featuredmedia":[{"embeddable":true,"href":"https:\/\/skano.lv\/en\/wp-json\/wp\/v2\/media\/307"}],"wp:attachment":[{"href":"https:\/\/skano.lv\/en\/wp-json\/wp\/v2\/media?parent=305"}],"wp:term":[{"taxonomy":"product_cat","embeddable":true,"href":"https:\/\/skano.lv\/en\/wp-json\/wp\/v2\/product_cat?post=305"},{"taxonomy":"product_tag","embeddable":true,"href":"https:\/\/skano.lv\/en\/wp-json\/wp\/v2\/product_tag?post=305"}],"curies":[{"name":"wp","href":"https:\/\/api.w.org\/{rel}","templated":true}]}}