{"id":3014,"date":"2023-06-05T23:38:35","date_gmt":"2023-06-05T20:38:35","guid":{"rendered":"https:\/\/skano.lv\/?post_type=product&#038;p=3014"},"modified":"2025-11-07T14:35:28","modified_gmt":"2025-11-07T11:35:28","slug":"villinki-internal-shelves-and-wall-for-wardrobe","status":"publish","type":"product","link":"https:\/\/skano.lv\/en\/product\/villinki-internal-shelves-and-wall-for-wardrobe","title":{"rendered":"Villinki | iek\u0161\u0113ja siena un plaukti dr\u0113bju skapim"},"content":{"rendered":"<p>Extra partition wall with one wide and three small shelves for wardrobe unit, veneer-coated.<\/p>\n<table class=\"woocommerce-product-attributes shop_attributes\" style=\"height: 44px; width: 258px;\">\n<tbody>\n<tr class=\"woocommerce-product-attributes-item woocommerce-product-attributes-item--weight\" style=\"height: 23px;\">\n<th class=\"woocommerce-product-attributes-item__label\" style=\"height: 23px; width: 67.9531px;\">\u0412\u0435\u0441<\/th>\n<td class=\"woocommerce-product-attributes-item__value\" style=\"height: 23px; width: 174.047px;\">26.5 \u043a\u0433<\/td>\n<\/tr>\n<tr class=\"woocommerce-product-attributes-item woocommerce-product-attributes-item--dimensions\" style=\"height: 21px;\">\n<th class=\"woocommerce-product-attributes-item__label\" style=\"height: 21px; width: 67.9531px;\">\u0413\u0430\u0431\u0430\u0440\u0438\u0442\u044b<\/th>\n<td class=\"woocommerce-product-attributes-item__value\" style=\"height: 21px; width: 174.047px;\">96 w \u00d7 119.7 h x 55,4 d \u0441\u043c<\/td>\n<\/tr>\n<\/tbody>\n<\/table>","protected":false},"excerpt":{"rendered":"<p>Extra partition wall with one wide and three small shelves for wardrobe unit, veneer-coated. \u0412\u0435\u0441 26.5 \u043a\u0433 \u0413\u0430\u0431\u0430\u0440\u0438\u0442\u044b 96 w \u00d7 119.7 h x 55,4 d \u0441\u043c<\/p>","protected":false},"featured_media":3024,"template":"","meta":{"_et_pb_use_builder":"","_et_pb_old_content":"","_et_gb_content_width":""},"product_cat":[44,51],"product_tag":[],"aioseo_notices":[],"_links":{"self":[{"href":"https:\/\/skano.lv\/en\/wp-json\/wp\/v3\/product\/3014"}],"collection":[{"href":"https:\/\/skano.lv\/en\/wp-json\/wp\/v3\/product"}],"about":[{"href":"https:\/\/skano.lv\/en\/wp-json\/wp\/v2\/types\/product"}],"wp:featuredmedia":[{"embeddable":true,"href":"https:\/\/skano.lv\/en\/wp-json\/wp\/v2\/media\/3024"}],"wp:attachment":[{"href":"https:\/\/skano.lv\/en\/wp-json\/wp\/v2\/media?parent=3014"}],"wp:term":[{"taxonomy":"product_cat","embeddable":true,"href":"https:\/\/skano.lv\/en\/wp-json\/wp\/v2\/product_cat?post=3014"},{"taxonomy":"product_tag","embeddable":true,"href":"https:\/\/skano.lv\/en\/wp-json\/wp\/v2\/product_tag?post=3014"}],"curies":[{"name":"wp","href":"https:\/\/api.w.org\/{rel}","templated":true}]}}