{"id":2871,"date":"2023-05-31T02:20:34","date_gmt":"2023-05-30T23:20:34","guid":{"rendered":"https:\/\/skano.lv\/?post_type=product&#038;p=2871"},"modified":"2025-11-07T13:24:28","modified_gmt":"2025-11-07T10:24:28","slug":"classic-rounded-dining-table-120x120-with-extension-120x175","status":"publish","type":"product","link":"https:\/\/skano.lv\/en\/product\/classic-rounded-dining-table-120x120-with-extension-120x175","title":{"rendered":"Classic apa\u013c\u0161 \u0113damgalds 120\u00d7120 (ar pagarin\u0101jumu 120\u00d7175)"},"content":{"rendered":"<p>Round dining table from solid birch with veneered top surface and folding extension in the middle.<\/p>\n<table class=\"woocommerce-product-attributes shop_attributes\" style=\"height: 49px; width: 286px;\">\n<tbody>\n<tr class=\"woocommerce-product-attributes-item woocommerce-product-attributes-item--weight\" style=\"height: 23px;\">\n<th class=\"woocommerce-product-attributes-item__label\" style=\"height: 23px; width: 79.3594px;\">Weight<\/th>\n<td class=\"woocommerce-product-attributes-item__value\" style=\"height: 23px; width: 190.641px;\">50.9 kg<\/td>\n<\/tr>\n<tr class=\"woocommerce-product-attributes-item woocommerce-product-attributes-item--dimensions\" style=\"height: 26px;\">\n<th class=\"woocommerce-product-attributes-item__label\" style=\"height: 26px; width: 79.3594px;\">Dimensions<\/th>\n<td class=\"woocommerce-product-attributes-item__value\" style=\"height: 26px; width: 190.641px;\">120 d \u00d7 120-175 w \u00d7 76 h cm<\/td>\n<\/tr>\n<\/tbody>\n<\/table>","protected":false},"excerpt":{"rendered":"<p>Round dining table from solid birch with veneered top surface and folding extension in the middle. Weight 50.9 kg Dimensions 120 d \u00d7 120-175 w \u00d7 76 h cm<\/p>","protected":false},"featured_media":2881,"template":"","meta":{"_et_pb_use_builder":"","_et_pb_old_content":"","_et_gb_content_width":""},"product_cat":[63,50],"product_tag":[],"aioseo_notices":[],"_links":{"self":[{"href":"https:\/\/skano.lv\/en\/wp-json\/wp\/v3\/product\/2871"}],"collection":[{"href":"https:\/\/skano.lv\/en\/wp-json\/wp\/v3\/product"}],"about":[{"href":"https:\/\/skano.lv\/en\/wp-json\/wp\/v2\/types\/product"}],"wp:featuredmedia":[{"embeddable":true,"href":"https:\/\/skano.lv\/en\/wp-json\/wp\/v2\/media\/2881"}],"wp:attachment":[{"href":"https:\/\/skano.lv\/en\/wp-json\/wp\/v2\/media?parent=2871"}],"wp:term":[{"taxonomy":"product_cat","embeddable":true,"href":"https:\/\/skano.lv\/en\/wp-json\/wp\/v2\/product_cat?post=2871"},{"taxonomy":"product_tag","embeddable":true,"href":"https:\/\/skano.lv\/en\/wp-json\/wp\/v2\/product_tag?post=2871"}],"curies":[{"name":"wp","href":"https:\/\/api.w.org\/{rel}","templated":true}]}}