{"id":571,"date":"2023-04-27T20:25:23","date_gmt":"2023-04-27T17:25:23","guid":{"rendered":"https:\/\/skano.lv\/?page_id=571"},"modified":"2025-12-15T17:22:05","modified_gmt":"2025-12-15T14:22:05","slug":"villinki","status":"publish","type":"page","link":"https:\/\/skano.lv\/en\/villinki","title":{"rendered":"Villinki"},"content":{"rendered":"<p>[et_pb_section fb_built=&#8221;1&#8243; fullwidth=&#8221;on&#8221; _builder_version=&#8221;4.17.3&#8243; _module_preset=&#8221;default&#8221; background_image=&#8221;https:\/\/skano.lv\/wp-content\/uploads\/2023\/04\/villinki_ruoka.jpg&#8221; height=&#8221;458px&#8221; max_height=&#8221;1000px&#8221; global_colors_info=&#8221;{}&#8221;][et_pb_fullwidth_image title_text=&#8221;villinki_ruoka&#8221; _builder_version=&#8221;4.17.3&#8243; _module_preset=&#8221;default&#8221; background_image=&#8221;https:\/\/skano.lv\/wp-content\/uploads\/2023\/04\/villinki_ruoka.jpg&#8221; global_colors_info=&#8221;{}&#8221;][\/et_pb_fullwidth_image][\/et_pb_section][et_pb_section fb_built=&#8221;1&#8243; _builder_version=&#8221;4.17.3&#8243; _module_preset=&#8221;default&#8221; global_colors_info=&#8221;{}&#8221;][et_pb_row _builder_version=&#8221;4.17.3&#8243; _module_preset=&#8221;default&#8221; global_colors_info=&#8221;{}&#8221; custom_padding=&#8221;||0px|||&#8221;][et_pb_column type=&#8221;4_4&#8243; _builder_version=&#8221;4.17.3&#8243; _module_preset=&#8221;default&#8221; global_colors_info=&#8221;{}&#8221;][et_pb_text _builder_version=&#8221;4.17.3&#8243; _module_preset=&#8221;default&#8221; global_colors_info=&#8221;{}&#8221; inline_fonts=&#8221;Abel&#8221;]<\/p>\n<div class=\"fusion-title title fusion-title-1 fusion-sep-none fusion-title-text fusion-title-size-one\">\n<h1 class=\"title-heading-left fusion-responsive-typography-calculated\">Villinki<\/h1>\n<\/div>\n<div class=\"fusion-sep-clear\"><\/div>\n<div class=\"fusion-separator fusion-clearfix\"><\/div>\n<div class=\"fusion-sep-clear\"><\/div>\n<div class=\"fusion-text fusion-text-2\">\n<h3 data-fontsize=\"25\" data-lineheight=\"37.5px\" class=\"fusion-responsive-typography-calculated\">Everlasting value<\/h3>\n<p>The Villinki product line offers unique solid birch furniture, the idea for which was born on the islands of the Gulf of Finland and is characterized by Nordic beauty, durability and versatility. The high-quality Villinki furniture line lasts for our entire lifetime.<\/p>\n<h3 data-fontsize=\"25\" data-lineheight=\"37.5px\" class=\"fusion-responsive-typography-calculated\">Wide range of application<\/h3>\n<p>Villinki furniture offers pleasant experiences no matter whether looking at it, touching it or using it. Tempered glass showcases and wooden cabinet modules can be used according to your wishes and needs \u2013 this allows use as a bookcase, as a storage place for various collections, decorative items or tableware. By placing the modules on top of each other or next to each other, it is very easy to create combinations in the living room, dining room, children\u2019s room or office.<\/p>\n<h3 data-fontsize=\"25\" data-lineheight=\"37.5px\" class=\"fusion-responsive-typography-calculated\">Easy to place<\/h3>\n<p>Vitr\u012bn\u0101m izmantotas viegli b\u012bd\u0101mas met\u0101la sliedes, kas uzst\u0101d\u012btas modu\u013ca aug\u0161da\u013c\u0101, t\u0101d\u0113j\u0101di t\u0101s nav redzamas un neuzkr\u0101j putek\u013cus. Papildus m\u0113be\u013cu s\u0113rij\u0101 ietilpst ar\u012b da\u017e\u0101di atvilkt\u0146u un plauktu modu\u013ci, \u0113damgalds ar kr\u0113sliem un rakst\u0101mgalds. Villinki ra\u017eo\u0161an\u0101 ir \u0146emta v\u0113r\u0101 videi draudz\u012bgu materi\u0101lu izmanto\u0161ana, apdar\u0113 izmantotas kr\u0101sas un beices uz \u016bdens b\u0101zes. Villinki s\u0113rija tiek izgatavota izmantojot gan pieredz\u0113ju\u0161u rokdarbnieku galdniec\u012bbas prasmes, gan ar\u012b m\u016bsdienu lab\u0101k\u0101s tehnolo\u0123ijas, kas nodro\u0161ina ide\u0101lu rezult\u0101tu.<\/p>\n<\/div>\n<div class=\"fusion-text fusion-text-3\">\n<h3 data-fontsize=\"25\" data-lineheight=\"37.5px\" class=\"fusion-responsive-typography-calculated\">Standard tones<\/h3>\n<table width=\"100%\">\n<tbody>\n<tr>\n<td align=\"left\" valign=\"top\" width=\"33%\"><\/td>\n<td align=\"left\" valign=\"top\" width=\"33%\"><\/td>\n<td align=\"left\" valign=\"top\" width=\"33%\"><\/td>\n<\/tr>\n<tr>\n<td align=\"left\" valign=\"top\"><\/td>\n<td align=\"left\" valign=\"top\"><\/td>\n<td align=\"left\" valign=\"top\"><\/td>\n<\/tr>\n<\/tbody>\n<\/table>\n<\/div>\n<div class=\"fusion-text fusion-text-4\">\n<p>\u00a0 \u00a0 \u00a0 \u00a0 \u00a0 \u00a0 \u00a0 \u00a0 \u00a0 \u00a0 \u00a0 \u00a0 \u00a0 \u00a0 \u00a0 <span style=\"color: #333333; font-size: 30px;\">Standard tones<\/span><\/p>\n<div class=\"et_pb_section et_pb_section_2 et_section_regular\">\n<div class=\"et_pb_row et_pb_row_3\">\n<div class=\"et_pb_column et_pb_column_1_3 et_pb_column_3  et_pb_css_mix_blend_mode_passthrough\">\n<div class=\"et_pb_module et_pb_text et_pb_text_2  et_pb_text_align_left et_pb_bg_layout_light\">\n<div class=\"et_pb_text_inner\">\n<p>Tum\u0161i br\u016bns<\/p>\n<p><img decoding=\"async\" src=\"https:\/\/www.skano.com\/wp-content\/uploads\/2025\/01\/03-dark-brown.jpg\" alt=\"null\" style=\"font-size: 14px; background-color: #ffffff;\" \/><\/p>\n<\/div>\n<\/div>\n<\/div>\n<div class=\"et_pb_column et_pb_column_1_3 et_pb_column_4  et_pb_css_mix_blend_mode_passthrough\">\n<div class=\"et_pb_module et_pb_text et_pb_text_3  et_pb_text_align_left et_pb_bg_layout_light\">\n<div class=\"et_pb_text_inner\">\n<p>Balts<\/p>\n<p><img decoding=\"async\" src=\"https:\/\/www.skano.com\/wp-content\/uploads\/2025\/01\/white.jpg\" alt=\"null\" style=\"font-size: 14px;\" \/><\/p>\n<\/div>\n<\/div>\n<\/div>\n<div class=\"et_pb_column et_pb_column_1_3 et_pb_column_5  et_pb_css_mix_blend_mode_passthrough et-last-child et_pb_column_empty\"><\/div>\n<\/div>\n<div class=\"et_pb_row et_pb_row_4\">\n<div class=\"et_pb_column et_pb_column_1_3 et_pb_column_6  et_pb_css_mix_blend_mode_passthrough\">\n<div class=\"et_pb_module et_pb_text et_pb_text_4  et_pb_text_align_left et_pb_bg_layout_light\">\n<div class=\"et_pb_text_inner\">\n<p><span style=\"text-decoration: underline; font-size: x-large; font-family: inherit; font-weight: normal;\"><strong>Custom colour tones<\/strong><\/span><\/p>\n<p><span style=\"text-decoration: underline; font-size: x-large; font-family: inherit; font-weight: normal;\"><strong><\/strong><\/span><\/p>\n<p>Kastanis<\/p>\n<p><img decoding=\"async\" src=\"https:\/\/www.skano.com\/wp-content\/uploads\/2025\/01\/04-chestnut.jpg\" alt=\"null\" \/><\/p>\n<\/div>\n<\/div>\n<div class=\"et_pb_module et_pb_text et_pb_text_5  et_pb_text_align_left et_pb_bg_layout_light\">\n<div class=\"et_pb_text_inner\">\n<p>Woodwash<\/p>\n<p><img decoding=\"async\" src=\"https:\/\/www.skano.com\/wp-content\/uploads\/2025\/01\/12-woodwash.jpg\" alt=\"null\" \/><\/p>\n<\/div>\n<\/div>\n<\/div>\n<div class=\"et_pb_column et_pb_column_1_3 et_pb_column_7  et_pb_css_mix_blend_mode_passthrough\">\n<div class=\"et_pb_module et_pb_text et_pb_text_6  et_pb_text_align_left et_pb_bg_layout_light\">\n<div class=\"et_pb_text_inner\">\n<p>&nbsp;<\/p>\n<p>&nbsp;<\/p>\n<p>&nbsp;<\/p>\n<p>&nbsp;<\/p>\n<p>&nbsp;<\/p>\n<p>&nbsp;<\/p>\n<p>Anti\u0137i balts<\/p>\n<p><img decoding=\"async\" src=\"https:\/\/www.skano.com\/wp-content\/uploads\/2025\/01\/08-antique-white.jpg\" alt=\"null\" \/><\/p>\n<\/div>\n<\/div>\n<div class=\"et_pb_module et_pb_text et_pb_text_7  et_pb_text_align_left et_pb_bg_layout_light\">\n<div class=\"et_pb_text_inner\">\n<p>Ozols<\/p>\n<p><img decoding=\"async\" src=\"https:\/\/www.skano.com\/wp-content\/uploads\/2025\/01\/13-oak.jpg\" alt=\"null\" \/><\/p>\n<\/div>\n<\/div>\n<\/div>\n<div class=\"et_pb_column et_pb_column_1_3 et_pb_column_8  et_pb_css_mix_blend_mode_passthrough et-last-child\">\n<div class=\"et_pb_module et_pb_text et_pb_text_8  et_pb_text_align_left et_pb_bg_layout_light\">\n<div class=\"et_pb_text_inner\">\n<p>&nbsp;<\/p>\n<p>&nbsp;<\/p>\n<p>&nbsp;<\/p>\n<p>&nbsp;<\/p>\n<p>&nbsp;<\/p>\n<p>Gai\u0161i br\u016bns<\/p>\n<\/div>\n<\/div>\n<div class=\"et_pb_module et_pb_text et_pb_text_9  et_pb_text_align_left et_pb_bg_layout_light\">\n<div class=\"et_pb_text_inner\">\n<p><img decoding=\"async\" src=\"https:\/\/www.skano.com\/wp-content\/uploads\/2025\/01\/02-light-brown.jpg\" style=\"font-size: 14px; background-color: #ffffff;\" \/><\/p>\n<p>M<span style=\"font-size: 14px;\">okka<\/span><\/p>\n<p><img decoding=\"async\" src=\"https:\/\/www.skano.com\/wp-content\/uploads\/2025\/01\/16-mocca.jpg\" alt=\"null\" \/><\/p>\n<\/div>\n<\/div>\n<\/div>\n<\/div>\n<\/div>\n<\/div>\n<p>[\/et_pb_text][\/et_pb_column][\/et_pb_row][\/et_pb_section][et_pb_section fb_built=&#8221;1&#8243; _builder_version=&#8221;4.17.3&#8243; _module_preset=&#8221;default&#8221; global_colors_info=&#8221;{}&#8221;][et_pb_row _builder_version=&#8221;4.17.3&#8243; _module_preset=&#8221;default&#8221; global_colors_info=&#8221;{}&#8221;][et_pb_column type=&#8221;4_4&#8243; _builder_version=&#8221;4.17.3&#8243; _module_preset=&#8221;default&#8221; global_colors_info=&#8221;{}&#8221;][dica_divi_carousel advanced_effect=&#8221;1&#8243; _builder_version=&#8221;4.17.3&#8243; _module_preset=&#8221;default&#8221; global_colors_info=&#8221;{}&#8221;][dica_divi_carouselitem button_url_new_window=&#8221;1&#8243; _builder_version=&#8221;4.17.3&#8243; _module_preset=&#8221;default&#8221; global_colors_info=&#8221;{}&#8221;][\/dica_divi_carouselitem][dica_divi_carouselitem button_url_new_window=&#8221;1&#8243; _builder_version=&#8221;4.17.3&#8243; _module_preset=&#8221;default&#8221; global_colors_info=&#8221;{}&#8221;][\/dica_divi_carouselitem][\/dica_divi_carousel][divi_pro_gallery gallery_ids=&#8221;2413,2412,2411,2415,2416,2417,2414,2437,3216,3217,3219,3220,3221,3222&#8243; _builder_version=&#8221;4.17.3&#8243; _module_preset=&#8221;default&#8221; caption_title_text_color=&#8221;RGBA(255,255,255,0)&#8221; global_colors_info=&#8221;{}&#8221;][\/divi_pro_gallery][\/et_pb_column][\/et_pb_row][et_pb_row _builder_version=&#8221;4.17.3&#8243; _module_preset=&#8221;default&#8221; global_colors_info=&#8221;{}&#8221;][et_pb_column type=&#8221;4_4&#8243; _builder_version=&#8221;4.17.3&#8243; _module_preset=&#8221;default&#8221; global_colors_info=&#8221;{}&#8221;][et_pb_image src=&#8221;https:\/\/skano.lv\/wp-content\/uploads\/2023\/07\/a63acba1becd32612b16a69f6f176ab4-1-scaled.jpg&#8221; title_text=&#8221;a63acba1becd32612b16a69f6f176ab4&#8243; _builder_version=&#8221;4.17.3&#8243; _module_preset=&#8221;default&#8221; global_colors_info=&#8221;{}&#8221;][\/et_pb_image][\/et_pb_column][\/et_pb_row][\/et_pb_section]<\/p>","protected":false},"excerpt":{"rendered":"<p>Villinki Ilgtsp\u0113j\u012bgas v\u0113rt\u012bbas Ori\u0123in\u0101las b\u0113rza koka m\u0113beles Villinki s\u0113rijas veidol\u0101, kuru ideja ir dzimusi Somu l\u012b\u010da sal\u0101s un to raksturo zieme\u013cu skaistums, iztur\u012bba un daudzveid\u012bgs pielietojums. Augstas kvalit\u0101tes Villinki m\u0113be\u013cu s\u0113rija kalpos visu j\u016bsu m\u016b\u017eu. Pla\u0161s pielietojums Villinki m\u0113beles sniedz pat\u012bkamas izj\u016btas gan uz t\u0101m skatoties, pieskaroties, k\u0101 ar\u012b t\u0101s lietojot. Vitr\u012bnas skapjus ar b\u012bd\u0101m\u0101m [&hellip;]<\/p>","protected":false},"author":1,"featured_media":0,"parent":0,"menu_order":0,"comment_status":"closed","ping_status":"closed","template":"","meta":{"_et_pb_use_builder":"on","_et_pb_old_content":"","_et_gb_content_width":"","footnotes":""},"aioseo_notices":[],"_links":{"self":[{"href":"https:\/\/skano.lv\/en\/wp-json\/wp\/v2\/pages\/571"}],"collection":[{"href":"https:\/\/skano.lv\/en\/wp-json\/wp\/v2\/pages"}],"about":[{"href":"https:\/\/skano.lv\/en\/wp-json\/wp\/v2\/types\/page"}],"author":[{"embeddable":true,"href":"https:\/\/skano.lv\/en\/wp-json\/wp\/v2\/users\/1"}],"replies":[{"embeddable":true,"href":"https:\/\/skano.lv\/en\/wp-json\/wp\/v2\/comments?post=571"}],"version-history":[{"count":7,"href":"https:\/\/skano.lv\/en\/wp-json\/wp\/v2\/pages\/571\/revisions"}],"predecessor-version":[{"id":4382,"href":"https:\/\/skano.lv\/en\/wp-json\/wp\/v2\/pages\/571\/revisions\/4382"}],"wp:attachment":[{"href":"https:\/\/skano.lv\/en\/wp-json\/wp\/v2\/media?parent=571"}],"curies":[{"name":"wp","href":"https:\/\/api.w.org\/{rel}","templated":true}]}}