{"id":548,"date":"2023-04-27T20:20:52","date_gmt":"2023-04-27T17:20:52","guid":{"rendered":"https:\/\/skano.lv\/?page_id=548"},"modified":"2025-12-03T17:09:18","modified_gmt":"2025-12-03T14:09:18","slug":"edenberg","status":"publish","type":"page","link":"https:\/\/skano.lv\/en\/edenberg","title":{"rendered":"Edenberg"},"content":{"rendered":"<p>[et_pb_section fb_built=&#8221;1&#8243; fullwidth=&#8221;on&#8221; _builder_version=&#8221;4.17.3&#8243; _module_preset=&#8221;default&#8221; background_image=&#8221;https:\/\/skano.lv\/wp-content\/uploads\/2023\/04\/Edenberg-braun.jpg&#8221; height=&#8221;512px&#8221; global_colors_info=&#8221;{}&#8221;][\/et_pb_section][et_pb_section fb_built=&#8221;1&#8243; _builder_version=&#8221;4.17.3&#8243; _module_preset=&#8221;default&#8221; global_colors_info=&#8221;{}&#8221;][et_pb_row _builder_version=&#8221;4.17.3&#8243; _module_preset=&#8221;default&#8221; global_colors_info=&#8221;{}&#8221;][et_pb_column type=&#8221;4_4&#8243; _builder_version=&#8221;4.17.3&#8243; _module_preset=&#8221;default&#8221; global_colors_info=&#8221;{}&#8221;][et_pb_text _builder_version=&#8221;4.17.3&#8243; _module_preset=&#8221;default&#8221; global_colors_info=&#8221;{}&#8221;]<\/p>\n<div class=\"fusion-title title fusion-title-1 fusion-sep-none fusion-title-text fusion-title-size-one\">\n<h1 class=\"title-heading-left fusion-responsive-typography-calculated\">Edenberg<\/h1>\n<\/div>\n<div class=\"fusion-sep-clear\"><\/div>\n<div class=\"fusion-separator fusion-clearfix\"><\/div>\n<div class=\"fusion-sep-clear\"><\/div>\n<div class=\"fusion-text fusion-text-2\">\n<p>Elegants gu\u013camistabas komplekts, ko raksturo \u012bpa\u0161i m\u012bkstin\u0101ti profili un m\u0101ksl\u012bgi oksid\u0113ti rokturi. Dr\u0113bju skapju, kumodes un nakts skap\u012b\u0161u virsmas ir izgatavotas no kvalitat\u012bva b\u0113rza koka. No t\u0101 ir izgatavots ar\u012b kvalitat\u012bvs gultas r\u0101mis.<\/p>\n<p>&nbsp;<\/p>\n<div class=\"fusion-text fusion-text-3\">\n<p><a href=\"https:\/\/skano.com\/wp-content\/uploads\/2020\/04\/Skano-Furniture_Edenberg_ENG-RUS.pdf\" target=\"_blank\" rel=\"noopener noreferrer\">Download the Edenberg catalogue (pdf)<\/a><\/p>\n<\/div>\n<div class=\"fusion-button-wrapper\"><a class=\"fusion-button button-flat fusion-button-default-size button-default fusion-button-default button-1 fusion-button-default-span fusion-button-default-type\" target=\"_self\" href=\"https:\/\/skano.com\/product-category\/edenberg\/\" rel=\"noopener\"><span class=\"fusion-button-text\">EXPLORE THE EDENBERG COLLECTION<\/span><\/a><\/div>\n<\/div>\n<p>[\/et_pb_text][\/et_pb_column][\/et_pb_row][et_pb_row _builder_version=&#8221;4.17.3&#8243; _module_preset=&#8221;default&#8221; global_colors_info=&#8221;{}&#8221;][et_pb_column type=&#8221;4_4&#8243; _builder_version=&#8221;4.17.3&#8243; _module_preset=&#8221;default&#8221; global_colors_info=&#8221;{}&#8221;][et_pb_text _builder_version=&#8221;4.17.3&#8243; _module_preset=&#8221;default&#8221; hover_enabled=&#8221;0&#8243; sticky_enabled=&#8221;0&#8243;]<\/p>\n<p>Dark Brown\/Tum\u0161i Br\u016bna<\/p>\n<p><img decoding=\"async\" src=\"https:\/\/www.skano.com\/wp-content\/uploads\/2025\/01\/03-dark-brown.jpg\" alt=\"null\" \/><\/p>\n<p>[\/et_pb_text][\/et_pb_column][\/et_pb_row][et_pb_row _builder_version=&#8221;4.17.3&#8243; _module_preset=&#8221;default&#8221; global_colors_info=&#8221;{}&#8221;][et_pb_column type=&#8221;4_4&#8243; _builder_version=&#8221;4.17.3&#8243; _module_preset=&#8221;default&#8221; global_colors_info=&#8221;{}&#8221;][divi_pro_gallery gallery_ids=&#8221;2442,4373&#8243; overlay_bg_color=&#8221;RGBA(255,255,255,0)&#8221; _builder_version=&#8221;4.17.3&#8243; _module_preset=&#8221;default&#8221; caption_title_text_color=&#8221;RGBA(255,255,255,0)&#8221; hover_enabled=&#8221;0&#8243; global_colors_info=&#8221;{}&#8221; sticky_enabled=&#8221;0&#8243;][\/divi_pro_gallery][\/et_pb_column][\/et_pb_row][\/et_pb_section]<\/p>","protected":false},"excerpt":{"rendered":"<p>Edenberg Elegants gu\u013camistabas komplekts, ko raksturo \u012bpa\u0161i m\u012bkstin\u0101ti profili un m\u0101ksl\u012bgi oksid\u0113ti rokturi. Dr\u0113bju skapju, kumodes un nakts skap\u012b\u0161u virsmas ir izgatavotas no kvalitat\u012bva b\u0113rza koka. No t\u0101 ir izgatavots ar\u012b kvalitat\u012bvs gultas r\u0101mis. &nbsp; Download the Edenberg catalogue (pdf) EXPLORE THE EDENBERG COLLECTION Dark Brown\/Tum\u0161i Br\u016bna <div class=\"et_pb_module divi_pro_gallery divi_pro_gallery_0\">\n\t\t\t\t\n\t\t\t\t\n\t\t\t\t\n\t\t\t\t\n\t\t\t\t\n\t\t\t\t\n\t\t\t\t<div class=\"et_pb_module_inner\">\n\t\t\t\t\t<div class=\"paw-masonry-gallery\" data-config=\"{\"columnsResponsive\":false,\"columns\":4,\"columnsTablet\":4,\"columnsPhone\":4,\"gutter\":20}\">\n                <div class=\"grid-sizer\"><\/div> <div class=\"gutter-sizer\"><\/div>\n<div class=\"pmg-item\">\n    <div class=\"pmg-item-overlay\"><\/div>\n    <div class=\"pmg-item-content\">\n        <img src=\"https:\/\/skano.lv\/wp-content\/uploads\/2025\/12\/download-300x177.jpg\" class=\"image pic wp-image-4373\" \/>\n        <div class=\"pmg-caption\">\n            <div class=\"pmg-caption-inner\">\n                                    <h2 class='pmg-title'>download<\/h2>\n                                            <\/div>\n        <\/div>\n    <\/div>\n<\/div> \n            <\/div>\n\t\t\t\t<\/div>\n\t\t\t<\/div><\/p>","protected":false},"author":1,"featured_media":0,"parent":0,"menu_order":0,"comment_status":"closed","ping_status":"closed","template":"","meta":{"_et_pb_use_builder":"on","_et_pb_old_content":"","_et_gb_content_width":"","footnotes":""},"aioseo_notices":[],"_links":{"self":[{"href":"https:\/\/skano.lv\/en\/wp-json\/wp\/v2\/pages\/548"}],"collection":[{"href":"https:\/\/skano.lv\/en\/wp-json\/wp\/v2\/pages"}],"about":[{"href":"https:\/\/skano.lv\/en\/wp-json\/wp\/v2\/types\/page"}],"author":[{"embeddable":true,"href":"https:\/\/skano.lv\/en\/wp-json\/wp\/v2\/users\/1"}],"replies":[{"embeddable":true,"href":"https:\/\/skano.lv\/en\/wp-json\/wp\/v2\/comments?post=548"}],"version-history":[{"count":9,"href":"https:\/\/skano.lv\/en\/wp-json\/wp\/v2\/pages\/548\/revisions"}],"predecessor-version":[{"id":4375,"href":"https:\/\/skano.lv\/en\/wp-json\/wp\/v2\/pages\/548\/revisions\/4375"}],"wp:attachment":[{"href":"https:\/\/skano.lv\/en\/wp-json\/wp\/v2\/media?parent=548"}],"curies":[{"name":"wp","href":"https:\/\/api.w.org\/{rel}","templated":true}]}}