{"id":508,"date":"2023-04-27T20:13:47","date_gmt":"2023-04-27T17:13:47","guid":{"rendered":"https:\/\/skano.lv\/?page_id=508"},"modified":"2025-12-03T15:45:04","modified_gmt":"2025-12-03T12:45:04","slug":"skano-classic","status":"publish","type":"page","link":"https:\/\/skano.lv\/en\/skano-classic","title":{"rendered":"skano-classic"},"content":{"rendered":"<p>[et_pb_section fb_built=&#8221;1&#8243; _builder_version=&#8221;4.17.3&#8243; _module_preset=&#8221;default&#8221; global_colors_info=&#8221;{}&#8221;][et_pb_row _builder_version=&#8221;4.17.3&#8243; _module_preset=&#8221;default&#8221; global_colors_info=&#8221;{}&#8221;][et_pb_column type=&#8221;4_4&#8243; _builder_version=&#8221;4.17.3&#8243; _module_preset=&#8221;default&#8221; global_colors_info=&#8221;{}&#8221;][et_pb_image src=&#8221;https:\/\/skano.lv\/wp-content\/uploads\/2023\/04\/skano-galerii-23-min.jpg&#8221; title_text=&#8221;skano-galerii-23-min&#8221; _builder_version=&#8221;4.17.3&#8243; _module_preset=&#8221;default&#8221; global_colors_info=&#8221;{}&#8221;][\/et_pb_image][\/et_pb_column][\/et_pb_row][et_pb_row _builder_version=&#8221;4.17.3&#8243; _module_preset=&#8221;default&#8221; global_colors_info=&#8221;{}&#8221;][et_pb_column type=&#8221;4_4&#8243; _builder_version=&#8221;4.17.3&#8243; _module_preset=&#8221;default&#8221; global_colors_info=&#8221;{}&#8221;][et_pb_text _builder_version=&#8221;4.17.3&#8243; _module_preset=&#8221;default&#8221; global_colors_info=&#8221;{}&#8221;]<\/p>\n<div class=\"fusion-title title fusion-title-2 fusion-sep-none fusion-title-text fusion-title-size-one\">\n<h1 class=\"title-heading-left fusion-responsive-typography-calculated\">Skano Classic<\/h1>\n<\/div>\n<div class=\"fusion-sep-clear\"><\/div>\n<div class=\"fusion-separator fusion-clearfix\">\n<div class=\"fusion-separator-border sep-single sep-solid\"><\/div>\n<\/div>\n<div class=\"fusion-sep-clear\"><\/div>\n<div class=\"fusion-text fusion-text-2\">\n<p>Today, the furniture line Skano Classic continues the traditions of 19th century masters and utilises the design of a century-old modular system. Production of this elegant and practical bookshelf system began in 1994.<\/p>\n<p>As a result of modern carpentry, Skano Classic has seen its use expanded from original areas of a home \u2013 being home office and library. It is used in living, dining and children\u2019s rooms and in halls, therefore new elements have been created for modern needs.<\/p>\n<p>The main elements of the product line Skano Classic are shelf, socle and ceiling modules which allow for the assembly of different wall sections. In addition to the shelf system, the collection includes desks, rotating bookshelves, coffee tables, chairs, dining tables and dining chairs, blinds and racks \u2013 in total, 80 different products.<\/p>\n<p>he main elements of the product line Skano Classic are shelf, socle and ceiling modules which allow for the assembly of different wall sections. In addition to the shelf system, the collection includes desks, rotating bookshelves, coffee tables, chairs, dining tables and dining chairs, blinds and racks \u2013 in total, 80 different products.<\/p>\n<\/div>\n<p>[\/et_pb_text][\/et_pb_column][\/et_pb_row][\/et_pb_section][et_pb_section fb_built=&#8221;1&#8243; theme_builder_area=&#8221;post_content&#8221; _builder_version=&#8221;4.17.3&#8243; _module_preset=&#8221;default&#8221; custom_padding=&#8221;||0px|||&#8221;][et_pb_row _builder_version=&#8221;4.17.3&#8243; _module_preset=&#8221;default&#8221; theme_builder_area=&#8221;post_content&#8221;][et_pb_column _builder_version=&#8221;4.17.3&#8243; _module_preset=&#8221;default&#8221; type=&#8221;4_4&#8243; theme_builder_area=&#8221;post_content&#8221;][et_pb_text _builder_version=&#8221;4.17.3&#8243; _module_preset=&#8221;default&#8221; theme_builder_area=&#8221;post_content&#8221; hover_enabled=&#8221;0&#8243; sticky_enabled=&#8221;0&#8243;]<\/p>\n<h1>Standard tones<\/h1>\n<p>[\/et_pb_text][\/et_pb_column][\/et_pb_row][\/et_pb_section][et_pb_section fb_built=&#8221;1&#8243; _builder_version=&#8221;4.17.3&#8243; _module_preset=&#8221;default&#8221; global_colors_info=&#8221;{}&#8221; custom_margin=&#8221;-25px|||||&#8221;][et_pb_row _builder_version=&#8221;4.17.3&#8243; _module_preset=&#8221;default&#8221; global_colors_info=&#8221;{}&#8221; column_structure=&#8221;1_3,1_3,1_3&#8243;][et_pb_column type=&#8221;1_3&#8243; _builder_version=&#8221;4.17.3&#8243; _module_preset=&#8221;default&#8221; global_colors_info=&#8221;{}&#8221;][et_pb_text _builder_version=&#8221;4.17.3&#8243; _module_preset=&#8221;default&#8221; hover_enabled=&#8221;0&#8243; sticky_enabled=&#8221;0&#8243;]<\/p>\n<p>Gai\u0161i br\u016bns<\/p>\n<p><img decoding=\"async\" src=\"https:\/\/www.skano.com\/wp-content\/uploads\/2025\/01\/02-light-brown.jpg\" \/><\/p>\n<p>[\/et_pb_text][\/et_pb_column][et_pb_column type=&#8221;1_3&#8243; _builder_version=&#8221;4.17.3&#8243; _module_preset=&#8221;default&#8221; global_colors_info=&#8221;{}&#8221;][et_pb_text _builder_version=&#8221;4.17.3&#8243; _module_preset=&#8221;default&#8221; hover_enabled=&#8221;0&#8243; sticky_enabled=&#8221;0&#8243;]<\/p>\n<p>Tum\u0161i br\u016bns<\/p>\n<p><img decoding=\"async\" src=\"https:\/\/www.skano.com\/wp-content\/uploads\/2025\/01\/03-dark-brown.jpg\" alt=\"null\" \/><\/p>\n<p>[\/et_pb_text][\/et_pb_column][et_pb_column type=&#8221;1_3&#8243; _builder_version=&#8221;4.17.3&#8243; _module_preset=&#8221;default&#8221; global_colors_info=&#8221;{}&#8221;][\/et_pb_column][\/et_pb_row][et_pb_row _builder_version=&#8221;4.17.3&#8243; _module_preset=&#8221;default&#8221; global_colors_info=&#8221;{}&#8221; column_structure=&#8221;1_3,1_3,1_3&#8243;][et_pb_column type=&#8221;1_3&#8243; _builder_version=&#8221;4.17.3&#8243; _module_preset=&#8221;default&#8221; global_colors_info=&#8221;{}&#8221;][et_pb_text _builder_version=&#8221;4.17.3&#8243; _module_preset=&#8221;default&#8221; hover_enabled=&#8221;0&#8243; sticky_enabled=&#8221;0&#8243;]<\/p>\n<p>Kastanis<\/p>\n<p><img decoding=\"async\" src=\"https:\/\/www.skano.com\/wp-content\/uploads\/2025\/01\/04-chestnut.jpg\" alt=\"null\" \/><\/p>\n<p>[\/et_pb_text][et_pb_text _builder_version=&#8221;4.17.3&#8243; _module_preset=&#8221;default&#8221; hover_enabled=&#8221;0&#8243; sticky_enabled=&#8221;0&#8243;]<\/p>\n<p>Woodwash<\/p>\n<p><img decoding=\"async\" src=\"https:\/\/www.skano.com\/wp-content\/uploads\/2025\/01\/12-woodwash.jpg\" alt=\"null\" \/><\/p>\n<p>[\/et_pb_text][\/et_pb_column][et_pb_column type=&#8221;1_3&#8243; _builder_version=&#8221;4.17.3&#8243; _module_preset=&#8221;default&#8221; global_colors_info=&#8221;{}&#8221;][et_pb_text _builder_version=&#8221;4.17.3&#8243; _module_preset=&#8221;default&#8221; hover_enabled=&#8221;0&#8243; sticky_enabled=&#8221;0&#8243;]<\/p>\n<p>Anti\u0137i balts<\/p>\n<p><img decoding=\"async\" src=\"https:\/\/www.skano.com\/wp-content\/uploads\/2025\/01\/08-antique-white.jpg\" alt=\"null\" \/><\/p>\n<p>[\/et_pb_text][et_pb_text _builder_version=&#8221;4.17.3&#8243; _module_preset=&#8221;default&#8221; hover_enabled=&#8221;0&#8243; sticky_enabled=&#8221;0&#8243;]<\/p>\n<p>Ozols<\/p>\n<p><img decoding=\"async\" src=\"https:\/\/www.skano.com\/wp-content\/uploads\/2025\/01\/13-oak.jpg\" alt=\"null\" \/><\/p>\n<p>[\/et_pb_text][\/et_pb_column][et_pb_column type=&#8221;1_3&#8243; _builder_version=&#8221;4.17.3&#8243; _module_preset=&#8221;default&#8221; global_colors_info=&#8221;{}&#8221;][et_pb_text _builder_version=&#8221;4.17.3&#8243; _module_preset=&#8221;default&#8221; hover_enabled=&#8221;0&#8243; sticky_enabled=&#8221;0&#8243;]<\/p>\n<p>Balts<\/p>\n<p><img decoding=\"async\" src=\"https:\/\/www.skano.com\/wp-content\/uploads\/2025\/01\/white.jpg\" alt=\"null\" \/><\/p>\n<p>[\/et_pb_text][et_pb_text _builder_version=&#8221;4.17.3&#8243; _module_preset=&#8221;default&#8221; hover_enabled=&#8221;0&#8243; sticky_enabled=&#8221;0&#8243;]<\/p>\n<p>Mokka<\/p>\n<p><img decoding=\"async\" src=\"https:\/\/www.skano.com\/wp-content\/uploads\/2025\/01\/16-mocca.jpg\" alt=\"null\" \/><\/p>\n<p>[\/et_pb_text][\/et_pb_column][\/et_pb_row][\/et_pb_section][et_pb_section fb_built=&#8221;1&#8243; _builder_version=&#8221;4.17.3&#8243; _module_preset=&#8221;default&#8221; global_colors_info=&#8221;{}&#8221;][et_pb_row _builder_version=&#8221;4.17.3&#8243; _module_preset=&#8221;default&#8221; global_colors_info=&#8221;{}&#8221;][et_pb_column type=&#8221;4_4&#8243; _builder_version=&#8221;4.17.3&#8243; _module_preset=&#8221;default&#8221; global_colors_info=&#8221;{}&#8221;][divi_pro_gallery gallery_ids=&#8221;3202,3203,3204,3205,3206,3207,3208,3210,3211,3212,3213,2424,2421,2425,2422,2423,1455,1488&#8243; overlay_bg_color=&#8221;RGBA(255,255,255,0)&#8221; _builder_version=&#8221;4.17.3&#8243; _module_preset=&#8221;default&#8221; caption_title_text_color=&#8221;RGBA(255,255,255,0)&#8221; global_colors_info=&#8221;{}&#8221;][\/divi_pro_gallery][\/et_pb_column][\/et_pb_row][\/et_pb_section]<\/p>","protected":false},"excerpt":{"rendered":"<p>Skano Classic M\u0113be\u013cu s\u0113rija Skano Classic turpina 19. gadsimta meistaru trad\u012bcijas un gadsimta senu modu\u013ca sist\u0113mas dizainu. \u0160\u012bs elegant\u0101s un praktisk\u0101s gr\u0101matu plauktu sist\u0113mas ra\u017eo\u0161anas aizs\u0101k\u0101s 1994. gad\u0101 M\u016bsdien\u012bga galdnieku darba rezult\u0101t\u0101 Skano Classic no savas pirmatn\u0113j\u0101s izmanto\u0161anas jomas \u2013 m\u0101jas ofisa un bibliot\u0113kas ir nok\u013cuvis ar\u012b citur. M\u0113beles tiek izmantotas dz\u012bvojam\u0101 istab\u0101, \u0113damistab\u0101, k\u0101 [&hellip;]<\/p>","protected":false},"author":1,"featured_media":0,"parent":0,"menu_order":0,"comment_status":"closed","ping_status":"closed","template":"","meta":{"_et_pb_use_builder":"on","_et_pb_old_content":"","_et_gb_content_width":"","footnotes":""},"aioseo_notices":[],"_links":{"self":[{"href":"https:\/\/skano.lv\/en\/wp-json\/wp\/v2\/pages\/508"}],"collection":[{"href":"https:\/\/skano.lv\/en\/wp-json\/wp\/v2\/pages"}],"about":[{"href":"https:\/\/skano.lv\/en\/wp-json\/wp\/v2\/types\/page"}],"author":[{"embeddable":true,"href":"https:\/\/skano.lv\/en\/wp-json\/wp\/v2\/users\/1"}],"replies":[{"embeddable":true,"href":"https:\/\/skano.lv\/en\/wp-json\/wp\/v2\/comments?post=508"}],"version-history":[{"count":10,"href":"https:\/\/skano.lv\/en\/wp-json\/wp\/v2\/pages\/508\/revisions"}],"predecessor-version":[{"id":4371,"href":"https:\/\/skano.lv\/en\/wp-json\/wp\/v2\/pages\/508\/revisions\/4371"}],"wp:attachment":[{"href":"https:\/\/skano.lv\/en\/wp-json\/wp\/v2\/media?parent=508"}],"curies":[{"name":"wp","href":"https:\/\/api.w.org\/{rel}","templated":true}]}}