{"id":1738,"date":"2023-05-03T10:41:33","date_gmt":"2023-05-03T07:41:33","guid":{"rendered":"https:\/\/skano.lv\/?page_id=1738"},"modified":"2023-05-03T10:43:00","modified_gmt":"2023-05-03T07:43:00","slug":"1738-2","status":"publish","type":"page","link":"https:\/\/skano.lv\/en\/1738-2","title":{"rendered":"mebelu-apkope"},"content":{"rendered":"<p>[et_pb_section fb_built=&#8221;1&#8243; theme_builder_area=&#8221;post_content&#8221; _builder_version=&#8221;4.17.3&#8243; _module_preset=&#8221;default&#8221;][et_pb_row _builder_version=&#8221;4.17.3&#8243; _module_preset=&#8221;default&#8221; theme_builder_area=&#8221;post_content&#8221;][et_pb_column _builder_version=&#8221;4.17.3&#8243; _module_preset=&#8221;default&#8221; type=&#8221;4_4&#8243; theme_builder_area=&#8221;post_content&#8221;][et_pb_text _builder_version=&#8221;4.17.3&#8243; _module_preset=&#8221;default&#8221; theme_builder_area=&#8221;post_content&#8221; hover_enabled=&#8221;0&#8243; sticky_enabled=&#8221;0&#8243;]<\/p>\n<div class=\"fusion-title title fusion-title-1 fusion-sep-none fusion-title-text fusion-title-size-two\">\n<h2 class=\"title-heading-left fusion-responsive-typography-calculated\">Skano m\u0113be\u013cu apkopes instrukcija<\/h2>\n<\/div>\n<div class=\"fusion-text fusion-text-1\">\n<h3 data-fontsize=\"25\" data-lineheight=\"37.5px\" class=\"fusion-responsive-typography-calculated\">M\u0112BE\u013bU IZVIETO\u0160ANA<\/h3>\n<p>M\u0113beles izvieto telp\u0101s, kuru temperat\u016bra ir no +5 l\u012bdz +35 C gr\u0101diem un relat\u012bvais gaisa mitrums 30-70%. Nenovietojiet m\u0113beles tuvu apkures \u0137erme\u0146iem. Karstais gaiss var izrais\u012bt m\u0113be\u013cu \u017e\u016b\u0161anu un deform\u0101ciju.<\/p>\n<p>Lai izvair\u012btos no m\u0113be\u013cu bal\u0113\u0161anas sarg\u0101jiet m\u0113be\u013cu virsmas no tie\u0161iem saules stariem. Tie\u0161i saules stari izmaina spogu\u013cu virsmu toni un kalt\u0113 \u0101das m\u0113be\u013cu virsmas.<\/p>\n<h3 data-fontsize=\"25\" data-lineheight=\"37.5px\" class=\"fusion-responsive-typography-calculated\">M\u0112BE\u013bU \u012aPA\u0160\u012aBAS<\/h3>\n<p>Koks un natur\u0101la \u0101da ir dab\u012bgi materi\u0101li, da\u017e\u0101d\u0101m m\u0113bel\u0113m var b\u016bt nelielas to\u0146u at\u0161\u0137ir\u012bbas. Ja produkti ieg\u0101d\u0101ti atsevi\u0161\u0137os laikos, tiem var b\u016bt nelielas \u0101r\u0113jas un to\u0146u at\u0161\u0137ir\u012bbas.<\/p>\n<p>Iek\u0161telp\u0101s izmantoto apkures sist\u0113mu d\u0113\u013c koka deta\u013cu savienojuma viet\u0101s var rasties mikroplaisas. Koka materi\u0101la piebrie\u0161anas un sarau\u0161an\u0101s d\u0113\u013c var rasties nelielas at\u0161\u0137ir\u012bbas priek\u0161metu visp\u0101r\u0113jos izm\u0113ros.<\/p>\n<h3 data-fontsize=\"25\" data-lineheight=\"37.5px\" class=\"fusion-responsive-typography-calculated\">M\u0112BE\u013bU T\u012aR\u012a\u0160ANA<\/h3>\n<p>Koka m\u0113beles t\u012briet ar m\u012bkstu, mitru lupatu. Nepiecie\u0161am\u012bbas gad\u012bjum\u0101 izmantojiet pla\u0161i izplat\u012btos ne-abraz\u012bvus t\u012br\u012b\u0161anas l\u012bdzek\u013cus, kas paredz\u0113ti koka virsm\u0101m.<\/p>\n<p>Dab\u012bgas \u0101das m\u0113beles t\u012briet ar sausu vai nedaudz mitru lupatu.<\/p>\n<p>Nubuka \u0101das virsmas t\u012briet ar putek\u013cu s\u016bc\u0113ju un problem\u0101tisk\u0101s vietas ar birsti.<\/p>\n<p>Lai izvair\u012btos no \u016bdens rad\u012btiem ple\u0137iem, uz m\u0113bel\u0113m non\u0101ku\u0161os net\u012brumus not\u012briet uzreiz. Vissvar\u012bg\u0101k m\u0113be\u013cu virsmu p\u0113c tam uzreiz no\u017e\u0101v\u0113t ar lupatu.<\/p>\n<p>M\u0113be\u013cu atsvaidzin\u0101\u0161anai izmantojiet p\u0101rdo\u0161an\u0101 eso\u0161os m\u0113be\u013cu apkopes l\u012bdzek\u013cus, sekojot to instrukcijai. Nek\u0101d\u0101 gad\u012bjum\u0101 nedr\u012bkst izmantot t\u012br\u012b\u0161anas l\u012bdzek\u013cus ar stipru iedarb\u012bbu (t\u0101dus, kas satur amonjaku, alkoholu vai m\u012bkstin\u0101t\u0101ju)!<\/p>\n<p>Noteikti j\u0101izvair\u0101s no alkohola, kafijas un citu \u0161\u0137idrumu ar sp\u0113c\u012bgu kr\u0101su tie\u0161as un ilglaic\u012bgas saskares ar m\u0113beli. Izvairieties no m\u0113beles saskares ar asiem priek\u0161metiem.<\/p>\n<p>Garantija netiek piem\u0113rota m\u0113be\u013cu meh\u0101niskiem boj\u0101jumiem, boj\u0101jumiem, kas radu\u0161ies no \u0161\u0137idruma un karstuma.<\/p>\n<p>M\u012bksto m\u0113be\u013cu apkopi vislab\u0101k veic speci\u0101listi, kas pied\u0101v\u0101 attiec\u012bgos t\u012br\u012b\u0161anas pakalpojumus.<\/p>\n<h3 data-fontsize=\"25\" data-lineheight=\"37.5px\" class=\"fusion-responsive-typography-calculated\">M\u0112BE\u013bU LIETO\u0160ANA<\/h3>\n<p>Uz m\u0113be\u013cu durv\u012bm un atvilktn\u0113m nedr\u012bkst karin\u0101ts papildu priek\u0161metus. Lai izvair\u012btos no skapju durvju e\u0146\u0123u un atvilkt\u0146u deform\u0113\u0161an\u0101s, durvis un atvilktnes j\u0101aizver mier\u012bgi un j\u0101tur aizv\u0113rtas.<\/p>\n<p>Uz m\u0113bel\u0113m nedr\u012bkst novietos karstus priek\u0161metus bez karstuma palikt\u0146a. Uz m\u0113bel\u0113m nok\u013cuvu\u0161ie \u0161\u0137idrumi j\u0101noslauka uzreiz ar t\u012bru, m\u012bkstu lupatu.<br \/>Ja m\u0113be\u013cu savienojumu vietas, kur\u0101s izmantoti uzgrie\u017e\u0146i, skr\u016bves, savilc\u0113ji, paliek va\u013c\u012bgas, t\u0101s ik pa laikam j\u0101pievelk, j\u0101nostiprina.<\/p>\n<p>Grie\u017eot uz koka galda izmantojiet d\u0113l\u012bti.<\/p>\n<p>P\u0101rvietojot m\u0113beles no vienas vietas uz otru, t\u0101s nedr\u012bkst vilkt, bet t\u0101s j\u0101pace\u013c. M\u0113beles velkot, stiprin\u0101juma vietas var deform\u0113ties.<\/p>\n<\/div>\n<p>[\/et_pb_text][\/et_pb_column][\/et_pb_row][\/et_pb_section]<\/p>","protected":false},"excerpt":{"rendered":"<p>Skano m\u0113be\u013cu apkopes instrukcija M\u0112BE\u013bU IZVIETO\u0160ANA M\u0113beles izvieto telp\u0101s, kuru temperat\u016bra ir no +5 l\u012bdz +35 C gr\u0101diem un relat\u012bvais gaisa mitrums 30-70%. Nenovietojiet m\u0113beles tuvu apkures \u0137erme\u0146iem. Karstais gaiss var izrais\u012bt m\u0113be\u013cu \u017e\u016b\u0161anu un deform\u0101ciju. Lai izvair\u012btos no m\u0113be\u013cu bal\u0113\u0161anas sarg\u0101jiet m\u0113be\u013cu virsmas no tie\u0161iem saules stariem. Tie\u0161i saules stari izmaina spogu\u013cu virsmu toni [&hellip;]<\/p>","protected":false},"author":1,"featured_media":0,"parent":0,"menu_order":0,"comment_status":"closed","ping_status":"closed","template":"","meta":{"_et_pb_use_builder":"on","_et_pb_old_content":"","_et_gb_content_width":"","footnotes":""},"aioseo_notices":[],"_links":{"self":[{"href":"https:\/\/skano.lv\/en\/wp-json\/wp\/v2\/pages\/1738"}],"collection":[{"href":"https:\/\/skano.lv\/en\/wp-json\/wp\/v2\/pages"}],"about":[{"href":"https:\/\/skano.lv\/en\/wp-json\/wp\/v2\/types\/page"}],"author":[{"embeddable":true,"href":"https:\/\/skano.lv\/en\/wp-json\/wp\/v2\/users\/1"}],"replies":[{"embeddable":true,"href":"https:\/\/skano.lv\/en\/wp-json\/wp\/v2\/comments?post=1738"}],"version-history":[{"count":3,"href":"https:\/\/skano.lv\/en\/wp-json\/wp\/v2\/pages\/1738\/revisions"}],"predecessor-version":[{"id":1741,"href":"https:\/\/skano.lv\/en\/wp-json\/wp\/v2\/pages\/1738\/revisions\/1741"}],"wp:attachment":[{"href":"https:\/\/skano.lv\/en\/wp-json\/wp\/v2\/media?parent=1738"}],"curies":[{"name":"wp","href":"https:\/\/api.w.org\/{rel}","templated":true}]}}